{"id":1195,"date":"2023-07-12T16:51:42","date_gmt":"2023-07-12T14:51:42","guid":{"rendered":"https:\/\/navos.ch\/?page_id=1195"},"modified":"2023-11-23T11:28:20","modified_gmt":"2023-11-23T10:28:20","slug":"ornithologische-grundkurse","status":"publish","type":"page","link":"https:\/\/navos.ch\/?page_id=1195","title":{"rendered":"Ornithologische Grundkurse"},"content":{"rendered":"\t\t<div data-elementor-type=\"wp-page\" data-elementor-id=\"1195\" class=\"elementor elementor-1195\">\n\t\t\t\t\t\t\t\t\t<section class=\"elementor-section elementor-top-section elementor-element elementor-element-253ac70 elementor-section-content-middle elementor-section-boxed elementor-section-height-default elementor-section-height-default\" data-id=\"253ac70\" data-element_type=\"section\">\n\t\t\t\t\t\t<div class=\"elementor-container elementor-column-gap-no\">\n\t\t\t\t\t<div class=\"elementor-column elementor-col-100 elementor-top-column elementor-element elementor-element-7ffd48e\" data-id=\"7ffd48e\" data-element_type=\"column\">\n\t\t\t<div class=\"elementor-widget-wrap elementor-element-populated\">\n\t\t\t\t\t\t\t\t<div class=\"elementor-element elementor-element-cdeaa5d elementor-widget elementor-widget-heading\" data-id=\"cdeaa5d\" data-element_type=\"widget\" data-widget_type=\"heading.default\">\n\t\t\t\t<div class=\"elementor-widget-container\">\n\t\t\t<style>\/*! elementor - v3.13.3 - 28-05-2023 *\/\n.elementor-heading-title{padding:0;margin:0;line-height:1}.elementor-widget-heading .elementor-heading-title[class*=elementor-size-]>a{color:inherit;font-size:inherit;line-height:inherit}.elementor-widget-heading .elementor-heading-title.elementor-size-small{font-size:15px}.elementor-widget-heading .elementor-heading-title.elementor-size-medium{font-size:19px}.elementor-widget-heading .elementor-heading-title.elementor-size-large{font-size:29px}.elementor-widget-heading .elementor-heading-title.elementor-size-xl{font-size:39px}.elementor-widget-heading .elementor-heading-title.elementor-size-xxl{font-size:59px}<\/style><h2 class=\"elementor-heading-title elementor-size-default\">Erfolgreicher Abschluss des Ornithologischen Grundkurses 2023<\/h2>\t\t<\/div>\n\t\t\t\t<\/div>\n\t\t\t\t\t<\/div>\n\t\t<\/div>\n\t\t\t\t\t\t\t<\/div>\n\t\t<\/section>\n\t\t\t\t<section class=\"elementor-section elementor-top-section elementor-element elementor-element-68801535 elementor-section-boxed elementor-section-height-default elementor-section-height-default\" data-id=\"68801535\" data-element_type=\"section\">\n\t\t\t\t\t\t<div class=\"elementor-container elementor-column-gap-no\">\n\t\t\t\t\t<div class=\"elementor-column elementor-col-100 elementor-top-column elementor-element elementor-element-54b3f5df\" data-id=\"54b3f5df\" data-element_type=\"column\">\n\t\t\t<div class=\"elementor-widget-wrap elementor-element-populated\">\n\t\t\t\t\t\t\t\t<div class=\"elementor-element elementor-element-5269033 elementor-widget__width-initial elementor-widget elementor-widget-text-editor\" data-id=\"5269033\" data-element_type=\"widget\" data-widget_type=\"text-editor.default\">\n\t\t\t\t<div class=\"elementor-widget-container\">\n\t\t\t<style>\/*! elementor - v3.13.3 - 28-05-2023 *\/\n.elementor-widget-text-editor.elementor-drop-cap-view-stacked .elementor-drop-cap{background-color:#69727d;color:#fff}.elementor-widget-text-editor.elementor-drop-cap-view-framed .elementor-drop-cap{color:#69727d;border:3px solid;background-color:transparent}.elementor-widget-text-editor:not(.elementor-drop-cap-view-default) .elementor-drop-cap{margin-top:8px}.elementor-widget-text-editor:not(.elementor-drop-cap-view-default) .elementor-drop-cap-letter{width:1em;height:1em}.elementor-widget-text-editor .elementor-drop-cap{float:left;text-align:center;line-height:1;font-size:50px}.elementor-widget-text-editor .elementor-drop-cap-letter{display:inline-block}<\/style>\t\t\t\t<p><span style=\"font-size: inherit; text-align: inherit; color: var( --e-global-color-text );\">26 Personen schlossen den ornithologischen Grundkurs der Region Mellingen, T\u00e4gerig, Niederrohrdorf und Stetten-K\u00fcnten erfolgreich ab.<\/span><\/p><p>Thomas Lang vom BirdLife Mellingen, Maria Gschwend und Thomas Vogler vom Natur-und Vogelschutzverein Niederrohrdorf, Ulrich Jousten und Alois Vogler vom Natur- und Vogelschutzverein Stetten-K\u00fcnten sowie Yvonne Bicker vom Natur- und Vogelschutzverein T\u00e4gerig organisierten einen regionalen ornithologischen Grundkurs. Kaum war der Kurs ausgeschrieben, folgten die Anmeldungen und im Nu war er ausgebucht. Die Br\u00fcder Alois und Thomas Vogler brachten den Teilnehmenden an vier Kursabenden mit jeweils darauffolgenden Exkursionen ins entsprechende Gebiet viel Wissenswertes bei. Dabei wurde mit dem Lehrmittel \u201eOpteryx\u201c gearbeitet. Gestartet wurde im Februar 2023 mit den Wasserv\u00f6geln und einem Ausflug an den Flachsee. Zu den V\u00f6geln im Wald und in Auen war man im M\u00e4rz im Torfmoos Niederrohrdorf unterwegs. Im April wurden V\u00f6gel im Siedlungsgebiet in und um Stetten beobachtet. Schliesslich wurden im Mai V\u00f6gel in Feld und Acker im Birrfeld gesichtet. Der Abschluss fand im Sch\u00fctzenhaus in T\u00e4gerig statt. Bevor jede teilnehmende Person ihr Diplom erhielt, wurde ein Test durchgef\u00fchrt und ausgewertet. Mit Freude gratulierten die Kursleiter Alois und Thomas Vogler den jungen Ornitholog:innen zu ihren ausgezeichneten Ergebnissen. Danach wurde der Abschluss bei Speis und Trank gefeiert. Der Natur- und Vogelschutzverein T\u00e4gerig war Gastgeber und spendete die feine Verpflegung.<\/p><p>Ein paar Kursteilnehmende sind neu in einen der Vereine eingetreten. Sie werden ihre Kenntnisse weiter vertiefen und sich auch f\u00fcr den Natur- und Vogelschutz engagieren.<\/p><p>Die Organisatoren werden sich Gedanken machen, wann sie zu welchem Thema einen weiteren Kurs organisieren.<\/p><p><a href=\"https:\/\/i0.wp.com\/navos.ch\/wp-content\/uploads\/2023\/07\/Gruppenfoto-2-Ornithologischer-Einfuehrungskurs-2023-scaled.jpg?ssl=1\"><img loading=\"lazy\" decoding=\"async\" data-attachment-id=\"1194\" data-permalink=\"https:\/\/navos.ch\/?attachment_id=1194\" data-orig-file=\"https:\/\/i0.wp.com\/navos.ch\/wp-content\/uploads\/2023\/07\/Gruppenfoto-2-Ornithologischer-Einfuehrungskurs-2023-scaled.jpg?fit=2560%2C1920&amp;ssl=1\" data-orig-size=\"2560,1920\" data-comments-opened=\"1\" data-image-meta=\"{&quot;aperture&quot;:&quot;2.4&quot;,&quot;credit&quot;:&quot;&quot;,&quot;camera&quot;:&quot;iPhone 12&quot;,&quot;caption&quot;:&quot;&quot;,&quot;created_timestamp&quot;:&quot;1686394864&quot;,&quot;copyright&quot;:&quot;&quot;,&quot;focal_length&quot;:&quot;1.55&quot;,&quot;iso&quot;:&quot;25&quot;,&quot;shutter_speed&quot;:&quot;0.0010224948875256&quot;,&quot;title&quot;:&quot;&quot;,&quot;orientation&quot;:&quot;1&quot;}\" data-image-title=\"Gruppenfoto 2 Ornithologischer Einf\u00fchrungskurs 2023\" data-image-description=\"\" data-image-caption=\"\" data-medium-file=\"https:\/\/i0.wp.com\/navos.ch\/wp-content\/uploads\/2023\/07\/Gruppenfoto-2-Ornithologischer-Einfuehrungskurs-2023-scaled.jpg?fit=300%2C225&amp;ssl=1\" data-large-file=\"https:\/\/i0.wp.com\/navos.ch\/wp-content\/uploads\/2023\/07\/Gruppenfoto-2-Ornithologischer-Einfuehrungskurs-2023-scaled.jpg?fit=580%2C435&amp;ssl=1\" class=\"aligncenter wp-image-1194 size-medium\" src=\"https:\/\/i0.wp.com\/navos.ch\/wp-content\/uploads\/2023\/07\/Gruppenfoto-2-Ornithologischer-Einfuehrungskurs-2023.jpg?resize=300%2C225&#038;ssl=1\" alt=\"Gruppenfoto Ornithologischer Grundkurs 2023\" width=\"300\" height=\"225\" data-recalc-dims=\"1\" \/><\/a><a href=\"https:\/\/i0.wp.com\/navos.ch\/wp-content\/uploads\/2023\/07\/Gruppenfoto-1-Ornithologischer-Einfuehrungskurs-2023-scaled.jpg?ssl=1\"><img loading=\"lazy\" decoding=\"async\" data-attachment-id=\"1193\" data-permalink=\"https:\/\/navos.ch\/?attachment_id=1193\" data-orig-file=\"https:\/\/i0.wp.com\/navos.ch\/wp-content\/uploads\/2023\/07\/Gruppenfoto-1-Ornithologischer-Einfuehrungskurs-2023-scaled.jpg?fit=2560%2C1920&amp;ssl=1\" data-orig-size=\"2560,1920\" data-comments-opened=\"1\" data-image-meta=\"{&quot;aperture&quot;:&quot;2.4&quot;,&quot;credit&quot;:&quot;&quot;,&quot;camera&quot;:&quot;iPhone 12&quot;,&quot;caption&quot;:&quot;&quot;,&quot;created_timestamp&quot;:&quot;1686394840&quot;,&quot;copyright&quot;:&quot;&quot;,&quot;focal_length&quot;:&quot;1.55&quot;,&quot;iso&quot;:&quot;25&quot;,&quot;shutter_speed&quot;:&quot;0.0010427528675704&quot;,&quot;title&quot;:&quot;&quot;,&quot;orientation&quot;:&quot;1&quot;}\" data-image-title=\"Gruppenfoto 1 Ornithologischer Einf\u00fchrungskurs 2023\" data-image-description=\"\" data-image-caption=\"\" data-medium-file=\"https:\/\/i0.wp.com\/navos.ch\/wp-content\/uploads\/2023\/07\/Gruppenfoto-1-Ornithologischer-Einfuehrungskurs-2023-scaled.jpg?fit=300%2C225&amp;ssl=1\" data-large-file=\"https:\/\/i0.wp.com\/navos.ch\/wp-content\/uploads\/2023\/07\/Gruppenfoto-1-Ornithologischer-Einfuehrungskurs-2023-scaled.jpg?fit=580%2C435&amp;ssl=1\" class=\"aligncenter wp-image-1193 size-medium\" src=\"https:\/\/i0.wp.com\/navos.ch\/wp-content\/uploads\/2023\/07\/Gruppenfoto-1-Ornithologischer-Einfuehrungskurs-2023.jpg?resize=300%2C225&#038;ssl=1\" alt=\"Gruppenfoto Ornithologischer Grundkurs 2023\" width=\"300\" height=\"225\" data-recalc-dims=\"1\" \/><\/a><\/p>\t\t\t\t\t\t<\/div>\n\t\t\t\t<\/div>\n\t\t\t\t\t<\/div>\n\t\t<\/div>\n\t\t\t\t\t\t\t<\/div>\n\t\t<\/section>\n\t\t\t\t\t\t\t<\/div>\n\t\t","protected":false},"excerpt":{"rendered":"<p>Erfolgreicher Abschluss des Ornithologischen Grundkurses 2023 26 Personen schlossen den ornithologischen Grundkurs der Region Mellingen, T\u00e4gerig, Niederrohrdorf und Stetten-K\u00fcnten erfolgreich ab. Thomas Lang vom BirdLife Mellingen, Maria Gschwend und Thomas Vogler vom Natur-und Vogelschutzverein Niederrohrdorf, Ulrich Jousten und Alois Vogler vom Natur- und Vogelschutzverein Stetten-K\u00fcnten sowie Yvonne Bicker vom Natur- und Vogelschutzverein T\u00e4gerig organisierten einen [&hellip;]<\/p>\n","protected":false},"author":229928507,"featured_media":0,"parent":0,"menu_order":0,"comment_status":"closed","ping_status":"closed","template":"","meta":{"_coblocks_attr":"","_coblocks_dimensions":"","_coblocks_responsive_height":"","_coblocks_accordion_ie_support":"","footnotes":""},"class_list":["post-1195","page","type-page","status-publish","hentry"],"yoast_head":"<!-- This site is optimized with the Yoast SEO plugin v20.8 - https:\/\/yoast.com\/wordpress\/plugins\/seo\/ -->\n<title>Ornithologische Grundkurse - Natur- und Vogelschutzverein Stetten \/ K\u00fcnten<\/title>\n<meta name=\"robots\" content=\"index, follow, max-snippet:-1, max-image-preview:large, max-video-preview:-1\" \/>\n<link rel=\"canonical\" href=\"https:\/\/navos.ch\/?page_id=1195\" \/>\n<meta property=\"og:locale\" content=\"de_DE\" \/>\n<meta property=\"og:type\" content=\"article\" \/>\n<meta property=\"og:title\" content=\"Ornithologische Grundkurse - Natur- und Vogelschutzverein Stetten \/ K\u00fcnten\" \/>\n<meta property=\"og:description\" content=\"Erfolgreicher Abschluss des Ornithologischen Grundkurses 2023 26 Personen schlossen den ornithologischen Grundkurs der Region Mellingen, T\u00e4gerig, Niederrohrdorf und Stetten-K\u00fcnten erfolgreich ab. Thomas Lang vom BirdLife Mellingen, Maria Gschwend und Thomas Vogler vom Natur-und Vogelschutzverein Niederrohrdorf, Ulrich Jousten und Alois Vogler vom Natur- und Vogelschutzverein Stetten-K\u00fcnten sowie Yvonne Bicker vom Natur- und Vogelschutzverein T\u00e4gerig organisierten einen [&hellip;]\" \/>\n<meta property=\"og:url\" content=\"https:\/\/navos.ch\/?page_id=1195\" \/>\n<meta property=\"og:site_name\" content=\"Natur- und Vogelschutzverein Stetten \/ K\u00fcnten\" \/>\n<meta property=\"article:modified_time\" content=\"2023-11-23T10:28:20+00:00\" \/>\n<meta property=\"og:image\" content=\"https:\/\/navos.ch\/wp-content\/uploads\/2023\/07\/Gruppenfoto-2-Ornithologischer-Einfuehrungskurs-2023-300x225.jpg\" \/>\n<meta name=\"twitter:card\" content=\"summary_large_image\" \/>\n<meta name=\"twitter:label1\" content=\"Gesch\u00e4tzte Lesezeit\" \/>\n\t<meta name=\"twitter:data1\" content=\"1\u00a0Minute\" \/>\n<script type=\"application\/ld+json\" class=\"yoast-schema-graph\">{\"@context\":\"https:\/\/schema.org\",\"@graph\":[{\"@type\":\"WebPage\",\"@id\":\"https:\/\/navos.ch\/?page_id=1195\",\"url\":\"https:\/\/navos.ch\/?page_id=1195\",\"name\":\"Ornithologische Grundkurse - Natur- und Vogelschutzverein Stetten \/ K\u00fcnten\",\"isPartOf\":{\"@id\":\"https:\/\/navos.ch\/#website\"},\"datePublished\":\"2023-07-12T14:51:42+00:00\",\"dateModified\":\"2023-11-23T10:28:20+00:00\",\"breadcrumb\":{\"@id\":\"https:\/\/navos.ch\/?page_id=1195#breadcrumb\"},\"inLanguage\":\"de\",\"potentialAction\":[{\"@type\":\"ReadAction\",\"target\":[\"https:\/\/navos.ch\/?page_id=1195\"]}]},{\"@type\":\"BreadcrumbList\",\"@id\":\"https:\/\/navos.ch\/?page_id=1195#breadcrumb\",\"itemListElement\":[{\"@type\":\"ListItem\",\"position\":1,\"name\":\"Startseite\",\"item\":\"https:\/\/navos.ch\/\"},{\"@type\":\"ListItem\",\"position\":2,\"name\":\"Ornithologische Grundkurse\"}]},{\"@type\":\"WebSite\",\"@id\":\"https:\/\/navos.ch\/#website\",\"url\":\"https:\/\/navos.ch\/\",\"name\":\"Natur- und Vogelschutzverein Stetten \/ K\u00fcnten\",\"description\":\"\",\"publisher\":{\"@id\":\"https:\/\/navos.ch\/#organization\"},\"potentialAction\":[{\"@type\":\"SearchAction\",\"target\":{\"@type\":\"EntryPoint\",\"urlTemplate\":\"https:\/\/navos.ch\/?s={search_term_string}\"},\"query-input\":\"required name=search_term_string\"}],\"inLanguage\":\"de\"},{\"@type\":\"Organization\",\"@id\":\"https:\/\/navos.ch\/#organization\",\"name\":\"Natur- und Vogelschutzverein Stetten \/ K\u00fcnten\",\"url\":\"https:\/\/navos.ch\/\",\"logo\":{\"@type\":\"ImageObject\",\"inLanguage\":\"de\",\"@id\":\"https:\/\/navos.ch\/#\/schema\/logo\/image\/\",\"url\":\"https:\/\/i0.wp.com\/navos.ch\/wp-content\/uploads\/2023\/11\/cropped-cropped-cropped-cropped-LOGO-500X500-Web-Background.jpg?fit=511%2C432&ssl=1\",\"contentUrl\":\"https:\/\/i0.wp.com\/navos.ch\/wp-content\/uploads\/2023\/11\/cropped-cropped-cropped-cropped-LOGO-500X500-Web-Background.jpg?fit=511%2C432&ssl=1\",\"width\":511,\"height\":432,\"caption\":\"Natur- und Vogelschutzverein Stetten \/ K\u00fcnten\"},\"image\":{\"@id\":\"https:\/\/navos.ch\/#\/schema\/logo\/image\/\"}}]}<\/script>\n<!-- \/ Yoast SEO plugin. -->","yoast_head_json":{"title":"Ornithologische Grundkurse - Natur- und Vogelschutzverein Stetten \/ K\u00fcnten","robots":{"index":"index","follow":"follow","max-snippet":"max-snippet:-1","max-image-preview":"max-image-preview:large","max-video-preview":"max-video-preview:-1"},"canonical":"https:\/\/navos.ch\/?page_id=1195","og_locale":"de_DE","og_type":"article","og_title":"Ornithologische Grundkurse - Natur- und Vogelschutzverein Stetten \/ K\u00fcnten","og_description":"Erfolgreicher Abschluss des Ornithologischen Grundkurses 2023 26 Personen schlossen den ornithologischen Grundkurs der Region Mellingen, T\u00e4gerig, Niederrohrdorf und Stetten-K\u00fcnten erfolgreich ab. Thomas Lang vom BirdLife Mellingen, Maria Gschwend und Thomas Vogler vom Natur-und Vogelschutzverein Niederrohrdorf, Ulrich Jousten und Alois Vogler vom Natur- und Vogelschutzverein Stetten-K\u00fcnten sowie Yvonne Bicker vom Natur- und Vogelschutzverein T\u00e4gerig organisierten einen [&hellip;]","og_url":"https:\/\/navos.ch\/?page_id=1195","og_site_name":"Natur- und Vogelschutzverein Stetten \/ K\u00fcnten","article_modified_time":"2023-11-23T10:28:20+00:00","og_image":[{"url":"https:\/\/navos.ch\/wp-content\/uploads\/2023\/07\/Gruppenfoto-2-Ornithologischer-Einfuehrungskurs-2023-300x225.jpg"}],"twitter_card":"summary_large_image","twitter_misc":{"Gesch\u00e4tzte Lesezeit":"1\u00a0Minute"},"schema":{"@context":"https:\/\/schema.org","@graph":[{"@type":"WebPage","@id":"https:\/\/navos.ch\/?page_id=1195","url":"https:\/\/navos.ch\/?page_id=1195","name":"Ornithologische Grundkurse - Natur- und Vogelschutzverein Stetten \/ K\u00fcnten","isPartOf":{"@id":"https:\/\/navos.ch\/#website"},"datePublished":"2023-07-12T14:51:42+00:00","dateModified":"2023-11-23T10:28:20+00:00","breadcrumb":{"@id":"https:\/\/navos.ch\/?page_id=1195#breadcrumb"},"inLanguage":"de","potentialAction":[{"@type":"ReadAction","target":["https:\/\/navos.ch\/?page_id=1195"]}]},{"@type":"BreadcrumbList","@id":"https:\/\/navos.ch\/?page_id=1195#breadcrumb","itemListElement":[{"@type":"ListItem","position":1,"name":"Startseite","item":"https:\/\/navos.ch\/"},{"@type":"ListItem","position":2,"name":"Ornithologische Grundkurse"}]},{"@type":"WebSite","@id":"https:\/\/navos.ch\/#website","url":"https:\/\/navos.ch\/","name":"Natur- und Vogelschutzverein Stetten \/ K\u00fcnten","description":"","publisher":{"@id":"https:\/\/navos.ch\/#organization"},"potentialAction":[{"@type":"SearchAction","target":{"@type":"EntryPoint","urlTemplate":"https:\/\/navos.ch\/?s={search_term_string}"},"query-input":"required name=search_term_string"}],"inLanguage":"de"},{"@type":"Organization","@id":"https:\/\/navos.ch\/#organization","name":"Natur- und Vogelschutzverein Stetten \/ K\u00fcnten","url":"https:\/\/navos.ch\/","logo":{"@type":"ImageObject","inLanguage":"de","@id":"https:\/\/navos.ch\/#\/schema\/logo\/image\/","url":"https:\/\/i0.wp.com\/navos.ch\/wp-content\/uploads\/2023\/11\/cropped-cropped-cropped-cropped-LOGO-500X500-Web-Background.jpg?fit=511%2C432&ssl=1","contentUrl":"https:\/\/i0.wp.com\/navos.ch\/wp-content\/uploads\/2023\/11\/cropped-cropped-cropped-cropped-LOGO-500X500-Web-Background.jpg?fit=511%2C432&ssl=1","width":511,"height":432,"caption":"Natur- und Vogelschutzverein Stetten \/ K\u00fcnten"},"image":{"@id":"https:\/\/navos.ch\/#\/schema\/logo\/image\/"}}]}},"jetpack_likes_enabled":true,"jetpack_sharing_enabled":true,"jetpack_shortlink":"https:\/\/wp.me\/PeSOXa-jh","jetpack-related-posts":[{"id":2266,"url":"https:\/\/navos.ch\/?page_id=2266","url_meta":{"origin":1195,"position":0},"title":"Botanische Kurse","author":"Sarah Wettstein","date":"8. Oktober 2024","format":false,"excerpt":"Erfolgreicher Abschluss des Botanikkurses 2025 Die Natur- und Vogelschutzvereine Fislisbach, Mellingen, Niederrohrdorf, Rohrdorferberg, Stetten-K\u00fcnten und T\u00e4gerig organisierten gemeinsam einen Grundkurs in Botanik, welcher von 31 Personen besucht wurde. Die Kursleiterinnen Helen Merki, Erika Schmocker, Rachel Preisig und Sarah Wettstein f\u00fchrten w\u00e4hrend eines Theorieabends und f\u00fcnf Exkursionen in die wichtigsten Grundlagen\u2026","rel":"","context":"\u00c4hnlicher Beitrag","block_context":{"text":"\u00c4hnlicher Beitrag","link":""},"img":{"alt_text":"","src":"https:\/\/i0.wp.com\/navos.ch\/wp-content\/uploads\/2024\/10\/Logos-von-allen-Traegervereinen.jpg?resize=350%2C200&ssl=1","width":350,"height":200},"classes":[]},{"id":7,"url":"https:\/\/navos.ch\/?page_id=7","url_meta":{"origin":1195,"position":1},"title":"Galerie","author":"navos2020","date":"10. Januar 2021","format":false,"excerpt":"2025 Heckenpflege auf dem Honert in Stetten, 27. September 2025 Abschlussanlass Grundkurs Botanik, Sch\u00fctzenhaus T\u00e4gerig, Samstag, 21.6.2025 Winterexkursion an den Klingnauer Stausee am Sonntag, 5. Januar 2025 Fotos: Doris Wettstein 2024 Nistkastenreinigung in Stetten am Samstag, 19. Oktober 2024 Heckenpflege auf dem Honert in Stetten am Samstag, 21. September 2024\u2026","rel":"","context":"\u00c4hnlicher Beitrag","block_context":{"text":"\u00c4hnlicher Beitrag","link":""},"img":{"alt_text":"","src":"https:\/\/i0.wp.com\/navos.ch\/wp-content\/uploads\/2025\/10\/2025-09-27_Heckenpflege-Honert-Stetten_IMG_6062.jpg?resize=350%2C200&ssl=1","width":350,"height":200},"classes":[]},{"id":439,"url":"https:\/\/navos.ch\/?page_id=439","url_meta":{"origin":1195,"position":2},"title":"Medienberichte","author":"Sarah Wettstein","date":"15. Januar 2023","format":false,"excerpt":"Der Reussbote - Sie tun, als w\u00e4ren sie tot und erhalten ihren Ring, 13.6.2025 2025-06-13_Reussbote_StorchenberingungHerunterladen Der Reussbote - Amphibientransport - voller Erfolg f\u00fcr Artenschutz, 6.6.2025 2025-06-06_Der Reussbote_Froschtransporte - voller Erfolg f\u00fcr ArtenschutzHerunterladen Der Reussbote - Pflegeaktion f\u00fcr Brutpl\u00e4tze Pflegeaktion f\u00fcr Brutpl\u00e4tzeHerunterladen Der Reussbote - Storchenberingung in Stetten am 11.6.2024 2024-06-14_Der\u2026","rel":"","context":"\u00c4hnlicher Beitrag","block_context":{"text":"\u00c4hnlicher Beitrag","link":""},"img":{"alt_text":"","src":"","width":0,"height":0},"classes":[]},{"id":6,"url":"https:\/\/navos.ch\/","url_meta":{"origin":1195,"position":3},"title":"NAVOS Stetten \/ K\u00fcnten","author":"navos2020","date":"24. Januar 2024","format":false,"excerpt":"Willkommen auf unserer Homepage Aus dem Verein Der Einf\u00fchrungskurs in die Botanik \/ Pflanzenkunde 2025 ist abgeschlossen. Wir empfehlen, bei BirdLife nach \u00e4hnlichen Kursen zu suchen. Wir werden einen weiteren Kurs wiederum ausschreiben. BirdLife Seit 100 Jahren engagiert sich BirdLife Schweiz f\u00fcr die Vielfalt der Natur. Als NAVOS sind wir\u2026","rel":"","context":"\u00c4hnlicher Beitrag","block_context":{"text":"\u00c4hnlicher Beitrag","link":""},"img":{"alt_text":"","src":"https:\/\/i0.wp.com\/navos.ch\/wp-content\/uploads\/2023\/11\/M7_MG_6673-scaled.jpg?resize=350%2C200&ssl=1","width":350,"height":200},"classes":[]},{"id":373,"url":"https:\/\/navos.ch\/?page_id=373","url_meta":{"origin":1195,"position":4},"title":"Nistkastenreinigung","author":"Sarah Wettstein","date":"19. November 2023","format":false,"excerpt":"Jeden Herbst im Oktober und November finden die Nistkastenreinigungen in Stetten und K\u00fcnten statt. Mit Stange, Besen und Karte ausger\u00fcstet machen sich die Gruppen auf, alle Nistk\u00e4sten zu kontrollieren, reinigen und protokollieren. Besch\u00e4digte Nistk\u00e4sten werden mitgenommen und repariert. L\u00e4ngst werden nicht alle Nistk\u00e4sten von Meisen, Spatzen und Kleiber bewohnt, auch\u2026","rel":"","context":"\u00c4hnlicher Beitrag","block_context":{"text":"\u00c4hnlicher Beitrag","link":""},"img":{"alt_text":"","src":"https:\/\/i0.wp.com\/navos.ch\/wp-content\/uploads\/2023\/04\/141741.jpg?resize=350%2C200&ssl=1","width":350,"height":200},"classes":[]}],"_links":{"self":[{"href":"https:\/\/navos.ch\/index.php?rest_route=\/wp\/v2\/pages\/1195","targetHints":{"allow":["GET"]}}],"collection":[{"href":"https:\/\/navos.ch\/index.php?rest_route=\/wp\/v2\/pages"}],"about":[{"href":"https:\/\/navos.ch\/index.php?rest_route=\/wp\/v2\/types\/page"}],"author":[{"embeddable":true,"href":"https:\/\/navos.ch\/index.php?rest_route=\/wp\/v2\/users\/229928507"}],"replies":[{"embeddable":true,"href":"https:\/\/navos.ch\/index.php?rest_route=%2Fwp%2Fv2%2Fcomments&post=1195"}],"version-history":[{"count":16,"href":"https:\/\/navos.ch\/index.php?rest_route=\/wp\/v2\/pages\/1195\/revisions"}],"predecessor-version":[{"id":1456,"href":"https:\/\/navos.ch\/index.php?rest_route=\/wp\/v2\/pages\/1195\/revisions\/1456"}],"wp:attachment":[{"href":"https:\/\/navos.ch\/index.php?rest_route=%2Fwp%2Fv2%2Fmedia&parent=1195"}],"curies":[{"name":"wp","href":"https:\/\/api.w.org\/{rel}","templated":true}]}}