{"id":2266,"date":"2024-10-08T11:00:00","date_gmt":"2024-10-08T09:00:00","guid":{"rendered":"https:\/\/navos.ch\/?page_id=2266"},"modified":"2025-08-03T08:31:45","modified_gmt":"2025-08-03T06:31:45","slug":"botanische-kurse","status":"publish","type":"page","link":"https:\/\/navos.ch\/?page_id=2266","title":{"rendered":"Botanische Kurse"},"content":{"rendered":"\n<h2 class=\"wp-block-heading\"><style>\/*! elementor - v3.13.3 - 28-05-2023 *\/&lt;br \/> .elementor-heading-title{padding:0;margin:0;line-height:1}.elementor-widget-heading .elementor-heading-title[class*=elementor-size-]>a{color:inherit;font-size:inherit;line-height:inherit}.elementor-widget-heading .elementor-heading-title.elementor-size-small{font-size:15px}.elementor-widget-heading .elementor-heading-title.elementor-size-medium{font-size:19px}.elementor-widget-heading .elementor-heading-title.elementor-size-large{font-size:29px}.elementor-widget-heading .elementor-heading-title.elementor-size-xl{font-size:39px}.elementor-widget-heading .elementor-heading-title.elementor-size-xxl{font-size:59px}<\/style>Erfolgreicher Abschluss des Botanikkurses 2025<\/h2>\n\n\n\n<p class=\"has-helvetica-font-family has-small-font-size has-custom-font\" style=\"font-family:Helvetica\">Die Natur- und Vogelschutzvereine Fislisbach, Mellingen, Niederrohrdorf, Rohrdorferberg, Stetten-K\u00fcnten und T\u00e4gerig organisierten gemeinsam einen Grundkurs in Botanik, welcher von 31 Personen besucht wurde.<\/p>\n\n\n\n<p class=\"has-helvetica-font-family has-small-font-size has-custom-font\" style=\"font-family:Helvetica\">Die Kursleiterinnen Helen Merki, Erika Schmocker, Rachel Preisig und Sarah Wettstein f\u00fchrten w\u00e4hrend eines Theorieabends und f\u00fcnf Exkursionen in die wichtigsten Grundlagen der Botanik ein. &nbsp;Dabei entwickelten die Teilnehmenden Wissen und Begeisterung f\u00fcr die Natur mit der einheimischen Flora. Gestartet wurde mit dem Theorieabend im M\u00e4rz. Es folgten bis Mitte Juni f\u00fcnf Exkursionen zu den Fr\u00fchbl\u00fchern und Nadelb\u00e4umen in Stetten, zum Wald und Waldrand in Mellingen, zu den Wiesen in Oberrohrdorf, zu Ruderalfl\u00e4chen sowie S\u00e4umen in Fislisbach und zu M\u00f6sern in Niederrohrdorf. Dabei wurde mit dem Lehrmittel \u201eGrundkurs Botanik\u201c von BirdLife Schweiz gearbeitet. Zur Ausr\u00fcstung geh\u00f6rte auch eine Lupe. Mit ihr konnte manch kleines Detail genauer betrachtet und bewundert werden. Nach jedem Anlass wurden die besprochenen Pflanzenarten aufgelistet und zur Repetition mit Bildern von R\u00f6bi Feller aus Mellingen auf dessen Website <a href=\"http:\/\/www.schweizerflora.ch\">www.schweizerflora.ch<\/a> aufgef\u00fchrt. Total wurden gegen 120 Pflanzen unter die Lupe genommen. <\/p>\n\n\n\n<p class=\"has-helvetica-font-family has-small-font-size has-custom-font\" style=\"font-family:Helvetica\">Der Abschluss fand mit einem kleinen Fest beim Sch\u00fctzenhaus in T\u00e4gerig statt. In Gruppen wurden verschiedene Posten besucht und das erworbene Wissen auf vielf\u00e4ltige Weise gepr\u00fcft, bevor bei Speis und Trank der gelungene Kurs seinen Ausklang fand. Die Schlussauswertung zeigte eine grosse Zufriedenheit der Teilnehmenden. Die Organisatoren werden sich Gedanken machen, wann sie zu welchem Thema einen weiteren Kurs organisieren.<\/p>\n\n\n\n<h2 class=\"wp-block-heading\">Regionaler Botanikkurs 2025<\/h2>\n\n\n\n<p class=\"has-helvetica-font-family has-small-font-size has-custom-font\" style=\"font-family:Helvetica\">Bereits befinden wir uns in der Mitte des regionalen Botanikkurses. Nach jeder Exkursion werden auf der Website <a href=\"http:\/\/www.schweizerflora.ch\" target=\"_blank\" rel=\"noreferrer noopener\">Schweizerflora<\/a> von Robert Feller unter &#8222;<a href=\"https:\/\/schweizerflora.ch\/pflanzen\/neue_Nummern\/25_03_Botanikkurs_Region\/Botanikurs_Start.html\" target=\"_blank\" rel=\"noreferrer noopener\">Regionaler Botanikkurs 2025<\/a>&#8220; die besprochenen Pflanzen aufgeschaltet.<\/p>\n\n\n\n<h4 class=\"wp-block-heading\"><\/h4>\n\n\n\n<figure class=\"wp-block-image size-full\"><img loading=\"lazy\" decoding=\"async\" width=\"580\" height=\"428\" data-attachment-id=\"2272\" data-permalink=\"https:\/\/navos.ch\/?attachment_id=2272\" data-orig-file=\"https:\/\/i0.wp.com\/navos.ch\/wp-content\/uploads\/2024\/10\/Logos-von-allen-Traegervereinen.jpg?fit=860%2C635&amp;ssl=1\" data-orig-size=\"860,635\" data-comments-opened=\"1\" data-image-meta=\"{&quot;aperture&quot;:&quot;0&quot;,&quot;credit&quot;:&quot;&quot;,&quot;camera&quot;:&quot;&quot;,&quot;caption&quot;:&quot;&quot;,&quot;created_timestamp&quot;:&quot;0&quot;,&quot;copyright&quot;:&quot;&quot;,&quot;focal_length&quot;:&quot;0&quot;,&quot;iso&quot;:&quot;0&quot;,&quot;shutter_speed&quot;:&quot;0&quot;,&quot;title&quot;:&quot;&quot;,&quot;orientation&quot;:&quot;0&quot;}\" data-image-title=\"Logos von allen Tr\u00e4gervereinen\" data-image-description=\"\" data-image-caption=\"\" data-medium-file=\"https:\/\/i0.wp.com\/navos.ch\/wp-content\/uploads\/2024\/10\/Logos-von-allen-Traegervereinen.jpg?fit=300%2C222&amp;ssl=1\" data-large-file=\"https:\/\/i0.wp.com\/navos.ch\/wp-content\/uploads\/2024\/10\/Logos-von-allen-Traegervereinen.jpg?fit=580%2C428&amp;ssl=1\" src=\"https:\/\/i0.wp.com\/navos.ch\/wp-content\/uploads\/2024\/10\/Logos-von-allen-Traegervereinen.jpg?resize=580%2C428&#038;ssl=1\" alt=\"\" class=\"wp-image-2272\" srcset=\"https:\/\/i0.wp.com\/navos.ch\/wp-content\/uploads\/2024\/10\/Logos-von-allen-Traegervereinen.jpg?w=860&amp;ssl=1 860w, https:\/\/i0.wp.com\/navos.ch\/wp-content\/uploads\/2024\/10\/Logos-von-allen-Traegervereinen.jpg?resize=300%2C222&amp;ssl=1 300w, https:\/\/i0.wp.com\/navos.ch\/wp-content\/uploads\/2024\/10\/Logos-von-allen-Traegervereinen.jpg?resize=768%2C567&amp;ssl=1 768w\" sizes=\"auto, (max-width: 580px) 100vw, 580px\" data-recalc-dims=\"1\" \/><\/figure>\n\n\n\n<p class=\"has-helvetica-font-family has-small-font-size has-custom-font\" style=\"font-family:Helvetica\">Wir sechs lokale Naturschutzvereine haben ein gemeinsames Ziel: Die Menschen im unteren Reusstal f\u00fcr die einheimische Flora zu begeistern! Darum bieten wir 2025 einen Botanikkurs an, der eine Theorie-Einf\u00fchrung und Exkursionen in f\u00fcnf verschiedene Lebensr\u00e4ume mit ihren typischen Pflanzengemeinschaften umfasst. Dabei geht es uns und den vier Kursleiterinnen sowohl um Artenkenntnis als auch um das Vermitteln von \u00f6kologischen Zusammenh\u00e4ngen. Der Kurs ist f\u00fcr Erwachsene sowie Jugendliche ab 14 Jahren geeignet, botanische Vorkenntnisse werden nicht vorausgesetzt. Die Anmeldefrist l\u00e4uft bis 3. Dezember 2024.<\/p>\n\n\n\n<p class=\"has-helvetica-font-family has-small-font-size has-custom-font\" style=\"font-family:Helvetica\"><a href=\"https:\/\/navos.ch\/wp-content\/uploads\/2024\/10\/20240827-Kursprogramm-Grundkurs-Botanik-2025.pdf\" target=\"_blank\" rel=\"noreferrer noopener\">Kursprogramm und Termine<\/a><\/p>\n\n\n\n<p class=\"has-helvetica-font-family has-small-font-size has-custom-font\" style=\"font-family:Helvetica\"><a href=\"https:\/\/navos.ch\/wp-content\/uploads\/2024\/10\/Anmeldetalon.pdf\" target=\"_blank\" rel=\"noreferrer noopener\">Kurskosten und Anmeldetalon<\/a><\/p>\n\n\n\n<p class=\"has-helvetica-font-family has-small-font-size has-custom-font\" style=\"font-family:Helvetica\">Wir empfehlen Interessierten, sich rasch anzumelden, da die Anzahl Teilnehmende begrenzt ist. Wir versenden Eingangsbest\u00e4tigungen und informieren ca. Mitte Dezember 2024 \u00fcber die definitive Aufnahme in den Kurs.<\/p>\n\n\n\n<p class=\"has-helvetica-font-family has-small-font-size has-custom-font\" style=\"font-family:Helvetica\">Bei allf\u00e4lligen Fragen gibt Maria Gschwend, Niederrohrdorf, per Mail Auskunft: <strong>mariagschwend@netwings.ch <\/strong><\/p>\n\n\n\n<figure class=\"wp-block-image size-large\"><img loading=\"lazy\" decoding=\"async\" width=\"580\" height=\"387\" data-attachment-id=\"2260\" data-permalink=\"https:\/\/navos.ch\/?attachment_id=2260\" data-orig-file=\"https:\/\/i0.wp.com\/navos.ch\/wp-content\/uploads\/2024\/10\/Kornblume-reduziert_BirdLife-Schweiz-scaled.jpg?fit=2560%2C1707&amp;ssl=1\" data-orig-size=\"2560,1707\" data-comments-opened=\"1\" data-image-meta=\"{&quot;aperture&quot;:&quot;0&quot;,&quot;credit&quot;:&quot;&quot;,&quot;camera&quot;:&quot;&quot;,&quot;caption&quot;:&quot;Kornblume&quot;,&quot;created_timestamp&quot;:&quot;1276958942&quot;,&quot;copyright&quot;:&quot;&quot;,&quot;focal_length&quot;:&quot;0&quot;,&quot;iso&quot;:&quot;0&quot;,&quot;shutter_speed&quot;:&quot;0&quot;,&quot;title&quot;:&quot;Kornblume&quot;,&quot;orientation&quot;:&quot;0&quot;}\" data-image-title=\"Kornblume \u00a9BirdLife Schweiz\" data-image-description=\"\" data-image-caption=\"&lt;p&gt;Kornblume&lt;\/p&gt;\n\" data-medium-file=\"https:\/\/i0.wp.com\/navos.ch\/wp-content\/uploads\/2024\/10\/Kornblume-reduziert_BirdLife-Schweiz-scaled.jpg?fit=300%2C200&amp;ssl=1\" data-large-file=\"https:\/\/i0.wp.com\/navos.ch\/wp-content\/uploads\/2024\/10\/Kornblume-reduziert_BirdLife-Schweiz-scaled.jpg?fit=580%2C387&amp;ssl=1\" src=\"https:\/\/i0.wp.com\/navos.ch\/wp-content\/uploads\/2024\/10\/Kornblume-reduziert_BirdLife-Schweiz.jpg?resize=580%2C387&#038;ssl=1\" alt=\"\" class=\"wp-image-2260\" srcset=\"https:\/\/i0.wp.com\/navos.ch\/wp-content\/uploads\/2024\/10\/Kornblume-reduziert_BirdLife-Schweiz-scaled.jpg?resize=1024%2C683&amp;ssl=1 1024w, https:\/\/i0.wp.com\/navos.ch\/wp-content\/uploads\/2024\/10\/Kornblume-reduziert_BirdLife-Schweiz-scaled.jpg?resize=300%2C200&amp;ssl=1 300w, https:\/\/i0.wp.com\/navos.ch\/wp-content\/uploads\/2024\/10\/Kornblume-reduziert_BirdLife-Schweiz-scaled.jpg?resize=768%2C512&amp;ssl=1 768w, https:\/\/i0.wp.com\/navos.ch\/wp-content\/uploads\/2024\/10\/Kornblume-reduziert_BirdLife-Schweiz-scaled.jpg?resize=1536%2C1024&amp;ssl=1 1536w, https:\/\/i0.wp.com\/navos.ch\/wp-content\/uploads\/2024\/10\/Kornblume-reduziert_BirdLife-Schweiz-scaled.jpg?resize=2048%2C1365&amp;ssl=1 2048w, https:\/\/i0.wp.com\/navos.ch\/wp-content\/uploads\/2024\/10\/Kornblume-reduziert_BirdLife-Schweiz-scaled.jpg?resize=1200%2C800&amp;ssl=1 1200w, https:\/\/i0.wp.com\/navos.ch\/wp-content\/uploads\/2024\/10\/Kornblume-reduziert_BirdLife-Schweiz-scaled.jpg?resize=1980%2C1320&amp;ssl=1 1980w, https:\/\/i0.wp.com\/navos.ch\/wp-content\/uploads\/2024\/10\/Kornblume-reduziert_BirdLife-Schweiz-scaled.jpg?w=1740&amp;ssl=1 1740w\" sizes=\"auto, (max-width: 580px) 100vw, 580px\" data-recalc-dims=\"1\" \/><figcaption class=\"wp-element-caption\">Kornblume \u00a9 BirdLife Schweiz<\/figcaption><\/figure>\n","protected":false},"excerpt":{"rendered":"<p>Erfolgreicher Abschluss des Botanikkurses 2025 Die Natur- und Vogelschutzvereine Fislisbach, Mellingen, Niederrohrdorf, Rohrdorferberg, Stetten-K\u00fcnten und T\u00e4gerig organisierten gemeinsam einen Grundkurs in Botanik, welcher von 31 Personen besucht wurde. Die Kursleiterinnen Helen Merki, Erika Schmocker, Rachel Preisig und Sarah Wettstein f\u00fchrten w\u00e4hrend eines Theorieabends und f\u00fcnf Exkursionen in die wichtigsten Grundlagen der Botanik ein. &nbsp;Dabei entwickelten [&hellip;]<\/p>\n","protected":false},"author":229928507,"featured_media":0,"parent":0,"menu_order":0,"comment_status":"closed","ping_status":"closed","template":"","meta":{"_coblocks_attr":"Helvetica,Helvetica","_coblocks_dimensions":"","_coblocks_responsive_height":"","_coblocks_accordion_ie_support":"","footnotes":""},"class_list":["post-2266","page","type-page","status-publish","hentry"],"yoast_head":"<!-- This site is optimized with the Yoast SEO plugin v20.8 - https:\/\/yoast.com\/wordpress\/plugins\/seo\/ -->\n<title>Botanische Kurse - Natur- und Vogelschutzverein Stetten \/ K\u00fcnten<\/title>\n<meta name=\"robots\" content=\"index, follow, max-snippet:-1, max-image-preview:large, max-video-preview:-1\" \/>\n<link rel=\"canonical\" href=\"https:\/\/navos.ch\/?page_id=2266\" \/>\n<meta property=\"og:locale\" content=\"de_DE\" \/>\n<meta property=\"og:type\" content=\"article\" \/>\n<meta property=\"og:title\" content=\"Botanische Kurse - Natur- und Vogelschutzverein Stetten \/ K\u00fcnten\" \/>\n<meta property=\"og:description\" content=\"Erfolgreicher Abschluss des Botanikkurses 2025 Die Natur- und Vogelschutzvereine Fislisbach, Mellingen, Niederrohrdorf, Rohrdorferberg, Stetten-K\u00fcnten und T\u00e4gerig organisierten gemeinsam einen Grundkurs in Botanik, welcher von 31 Personen besucht wurde. Die Kursleiterinnen Helen Merki, Erika Schmocker, Rachel Preisig und Sarah Wettstein f\u00fchrten w\u00e4hrend eines Theorieabends und f\u00fcnf Exkursionen in die wichtigsten Grundlagen der Botanik ein. &nbsp;Dabei entwickelten [&hellip;]\" \/>\n<meta property=\"og:url\" content=\"https:\/\/navos.ch\/?page_id=2266\" \/>\n<meta property=\"og:site_name\" content=\"Natur- und Vogelschutzverein Stetten \/ K\u00fcnten\" \/>\n<meta property=\"article:modified_time\" content=\"2025-08-03T06:31:45+00:00\" \/>\n<meta property=\"og:image\" content=\"https:\/\/navos.ch\/wp-content\/uploads\/2024\/10\/Logos-von-allen-Traegervereinen.jpg\" \/>\n<meta name=\"twitter:card\" content=\"summary_large_image\" \/>\n<meta name=\"twitter:label1\" content=\"Gesch\u00e4tzte Lesezeit\" \/>\n\t<meta name=\"twitter:data1\" content=\"3\u00a0Minuten\" \/>\n<script type=\"application\/ld+json\" class=\"yoast-schema-graph\">{\"@context\":\"https:\/\/schema.org\",\"@graph\":[{\"@type\":\"WebPage\",\"@id\":\"https:\/\/navos.ch\/?page_id=2266\",\"url\":\"https:\/\/navos.ch\/?page_id=2266\",\"name\":\"Botanische Kurse - Natur- und Vogelschutzverein Stetten \/ K\u00fcnten\",\"isPartOf\":{\"@id\":\"https:\/\/navos.ch\/#website\"},\"datePublished\":\"2024-10-08T09:00:00+00:00\",\"dateModified\":\"2025-08-03T06:31:45+00:00\",\"breadcrumb\":{\"@id\":\"https:\/\/navos.ch\/?page_id=2266#breadcrumb\"},\"inLanguage\":\"de\",\"potentialAction\":[{\"@type\":\"ReadAction\",\"target\":[\"https:\/\/navos.ch\/?page_id=2266\"]}]},{\"@type\":\"BreadcrumbList\",\"@id\":\"https:\/\/navos.ch\/?page_id=2266#breadcrumb\",\"itemListElement\":[{\"@type\":\"ListItem\",\"position\":1,\"name\":\"Startseite\",\"item\":\"https:\/\/navos.ch\/\"},{\"@type\":\"ListItem\",\"position\":2,\"name\":\"Botanische Kurse\"}]},{\"@type\":\"WebSite\",\"@id\":\"https:\/\/navos.ch\/#website\",\"url\":\"https:\/\/navos.ch\/\",\"name\":\"Natur- und Vogelschutzverein Stetten \/ K\u00fcnten\",\"description\":\"\",\"publisher\":{\"@id\":\"https:\/\/navos.ch\/#organization\"},\"potentialAction\":[{\"@type\":\"SearchAction\",\"target\":{\"@type\":\"EntryPoint\",\"urlTemplate\":\"https:\/\/navos.ch\/?s={search_term_string}\"},\"query-input\":\"required name=search_term_string\"}],\"inLanguage\":\"de\"},{\"@type\":\"Organization\",\"@id\":\"https:\/\/navos.ch\/#organization\",\"name\":\"Natur- und Vogelschutzverein Stetten \/ K\u00fcnten\",\"url\":\"https:\/\/navos.ch\/\",\"logo\":{\"@type\":\"ImageObject\",\"inLanguage\":\"de\",\"@id\":\"https:\/\/navos.ch\/#\/schema\/logo\/image\/\",\"url\":\"https:\/\/i0.wp.com\/navos.ch\/wp-content\/uploads\/2023\/11\/cropped-cropped-cropped-cropped-LOGO-500X500-Web-Background.jpg?fit=511%2C432&ssl=1\",\"contentUrl\":\"https:\/\/i0.wp.com\/navos.ch\/wp-content\/uploads\/2023\/11\/cropped-cropped-cropped-cropped-LOGO-500X500-Web-Background.jpg?fit=511%2C432&ssl=1\",\"width\":511,\"height\":432,\"caption\":\"Natur- und Vogelschutzverein Stetten \/ K\u00fcnten\"},\"image\":{\"@id\":\"https:\/\/navos.ch\/#\/schema\/logo\/image\/\"}}]}<\/script>\n<!-- \/ Yoast SEO plugin. -->","yoast_head_json":{"title":"Botanische Kurse - Natur- und Vogelschutzverein Stetten \/ K\u00fcnten","robots":{"index":"index","follow":"follow","max-snippet":"max-snippet:-1","max-image-preview":"max-image-preview:large","max-video-preview":"max-video-preview:-1"},"canonical":"https:\/\/navos.ch\/?page_id=2266","og_locale":"de_DE","og_type":"article","og_title":"Botanische Kurse - Natur- und Vogelschutzverein Stetten \/ K\u00fcnten","og_description":"Erfolgreicher Abschluss des Botanikkurses 2025 Die Natur- und Vogelschutzvereine Fislisbach, Mellingen, Niederrohrdorf, Rohrdorferberg, Stetten-K\u00fcnten und T\u00e4gerig organisierten gemeinsam einen Grundkurs in Botanik, welcher von 31 Personen besucht wurde. Die Kursleiterinnen Helen Merki, Erika Schmocker, Rachel Preisig und Sarah Wettstein f\u00fchrten w\u00e4hrend eines Theorieabends und f\u00fcnf Exkursionen in die wichtigsten Grundlagen der Botanik ein. &nbsp;Dabei entwickelten [&hellip;]","og_url":"https:\/\/navos.ch\/?page_id=2266","og_site_name":"Natur- und Vogelschutzverein Stetten \/ K\u00fcnten","article_modified_time":"2025-08-03T06:31:45+00:00","og_image":[{"url":"https:\/\/navos.ch\/wp-content\/uploads\/2024\/10\/Logos-von-allen-Traegervereinen.jpg"}],"twitter_card":"summary_large_image","twitter_misc":{"Gesch\u00e4tzte Lesezeit":"3\u00a0Minuten"},"schema":{"@context":"https:\/\/schema.org","@graph":[{"@type":"WebPage","@id":"https:\/\/navos.ch\/?page_id=2266","url":"https:\/\/navos.ch\/?page_id=2266","name":"Botanische Kurse - Natur- und Vogelschutzverein Stetten \/ K\u00fcnten","isPartOf":{"@id":"https:\/\/navos.ch\/#website"},"datePublished":"2024-10-08T09:00:00+00:00","dateModified":"2025-08-03T06:31:45+00:00","breadcrumb":{"@id":"https:\/\/navos.ch\/?page_id=2266#breadcrumb"},"inLanguage":"de","potentialAction":[{"@type":"ReadAction","target":["https:\/\/navos.ch\/?page_id=2266"]}]},{"@type":"BreadcrumbList","@id":"https:\/\/navos.ch\/?page_id=2266#breadcrumb","itemListElement":[{"@type":"ListItem","position":1,"name":"Startseite","item":"https:\/\/navos.ch\/"},{"@type":"ListItem","position":2,"name":"Botanische Kurse"}]},{"@type":"WebSite","@id":"https:\/\/navos.ch\/#website","url":"https:\/\/navos.ch\/","name":"Natur- und Vogelschutzverein Stetten \/ K\u00fcnten","description":"","publisher":{"@id":"https:\/\/navos.ch\/#organization"},"potentialAction":[{"@type":"SearchAction","target":{"@type":"EntryPoint","urlTemplate":"https:\/\/navos.ch\/?s={search_term_string}"},"query-input":"required name=search_term_string"}],"inLanguage":"de"},{"@type":"Organization","@id":"https:\/\/navos.ch\/#organization","name":"Natur- und Vogelschutzverein Stetten \/ K\u00fcnten","url":"https:\/\/navos.ch\/","logo":{"@type":"ImageObject","inLanguage":"de","@id":"https:\/\/navos.ch\/#\/schema\/logo\/image\/","url":"https:\/\/i0.wp.com\/navos.ch\/wp-content\/uploads\/2023\/11\/cropped-cropped-cropped-cropped-LOGO-500X500-Web-Background.jpg?fit=511%2C432&ssl=1","contentUrl":"https:\/\/i0.wp.com\/navos.ch\/wp-content\/uploads\/2023\/11\/cropped-cropped-cropped-cropped-LOGO-500X500-Web-Background.jpg?fit=511%2C432&ssl=1","width":511,"height":432,"caption":"Natur- und Vogelschutzverein Stetten \/ K\u00fcnten"},"image":{"@id":"https:\/\/navos.ch\/#\/schema\/logo\/image\/"}}]}},"jetpack_likes_enabled":true,"jetpack_sharing_enabled":true,"jetpack_shortlink":"https:\/\/wp.me\/PeSOXa-Ay","jetpack-related-posts":[{"id":1195,"url":"https:\/\/navos.ch\/?page_id=1195","url_meta":{"origin":2266,"position":0},"title":"Ornithologische Grundkurse","author":"Sarah Wettstein","date":"12. Juli 2023","format":false,"excerpt":"Erfolgreicher Abschluss des Ornithologischen Grundkurses 2023 26 Personen schlossen den ornithologischen Grundkurs der Region Mellingen, T\u00e4gerig, Niederrohrdorf und Stetten-K\u00fcnten erfolgreich ab.Thomas Lang vom BirdLife Mellingen, Maria Gschwend und Thomas Vogler vom Natur-und Vogelschutzverein Niederrohrdorf, Ulrich Jousten und Alois Vogler vom Natur- und Vogelschutzverein Stetten-K\u00fcnten sowie Yvonne Bicker vom Natur- und\u2026","rel":"","context":"\u00c4hnlicher Beitrag","block_context":{"text":"\u00c4hnlicher Beitrag","link":""},"img":{"alt_text":"","src":"https:\/\/i0.wp.com\/navos.ch\/wp-content\/uploads\/2023\/07\/Gruppenfoto-2-Ornithologischer-Einfuehrungskurs-2023-300x225.jpg?resize=350%2C200&ssl=1","width":350,"height":200},"classes":[]},{"id":6,"url":"https:\/\/navos.ch\/","url_meta":{"origin":2266,"position":1},"title":"NAVOS Stetten \/ K\u00fcnten","author":"navos2020","date":"24. Januar 2024","format":false,"excerpt":"Willkommen auf unserer Homepage Aus dem Verein Der Einf\u00fchrungskurs in die Botanik \/ Pflanzenkunde 2025 ist abgeschlossen. Wir empfehlen, bei BirdLife nach \u00e4hnlichen Kursen zu suchen. Wir werden einen weiteren Kurs wiederum ausschreiben. BirdLife Seit 100 Jahren engagiert sich BirdLife Schweiz f\u00fcr die Vielfalt der Natur. Als NAVOS sind wir\u2026","rel":"","context":"\u00c4hnlicher Beitrag","block_context":{"text":"\u00c4hnlicher Beitrag","link":""},"img":{"alt_text":"","src":"https:\/\/i0.wp.com\/navos.ch\/wp-content\/uploads\/2023\/11\/M7_MG_6673-scaled.jpg?resize=350%2C200&ssl=1","width":350,"height":200},"classes":[]},{"id":7,"url":"https:\/\/navos.ch\/?page_id=7","url_meta":{"origin":2266,"position":2},"title":"Galerie","author":"navos2020","date":"10. Januar 2021","format":false,"excerpt":"2025 Heckenpflege auf dem Honert in Stetten, 27. September 2025 Abschlussanlass Grundkurs Botanik, Sch\u00fctzenhaus T\u00e4gerig, Samstag, 21.6.2025 Winterexkursion an den Klingnauer Stausee am Sonntag, 5. Januar 2025 Fotos: Doris Wettstein 2024 Nistkastenreinigung in Stetten am Samstag, 19. Oktober 2024 Heckenpflege auf dem Honert in Stetten am Samstag, 21. September 2024\u2026","rel":"","context":"\u00c4hnlicher Beitrag","block_context":{"text":"\u00c4hnlicher Beitrag","link":""},"img":{"alt_text":"","src":"https:\/\/i0.wp.com\/navos.ch\/wp-content\/uploads\/2025\/10\/2025-09-27_Heckenpflege-Honert-Stetten_IMG_6062.jpg?resize=350%2C200&ssl=1","width":350,"height":200},"classes":[]},{"id":169,"url":"https:\/\/navos.ch\/?page_id=169","url_meta":{"origin":2266,"position":3},"title":"Chronik","author":"navos2020","date":"19. November 2023","format":false,"excerpt":"Was wir heute tun, entscheidet dar\u00fcber, wie die Welt morgen aussiehtMarie von Ebner-Eschenbach \u00a0 1937 Gr\u00fcndungs-Versammlung:\u00a030. Januar 1937 20.00 Uhr, Gasthaus Krone Stetten. Auf Initiative von Herrn Walter Fischer, Lehrer und Oskar Wettstein, Niederrohrdorf, wurde ein Gr\u00fcndungs-Referat \u00fcber Vogelschutz und Sch\u00e4dlingsbek\u00e4mpfung, mit Lichtbildern, abgehalten. Referent ist Herr Stirnemann, Aarau. Nach\u2026","rel":"","context":"\u00c4hnlicher Beitrag","block_context":{"text":"\u00c4hnlicher Beitrag","link":""},"img":{"alt_text":"","src":"","width":0,"height":0},"classes":[]}],"_links":{"self":[{"href":"https:\/\/navos.ch\/index.php?rest_route=\/wp\/v2\/pages\/2266","targetHints":{"allow":["GET"]}}],"collection":[{"href":"https:\/\/navos.ch\/index.php?rest_route=\/wp\/v2\/pages"}],"about":[{"href":"https:\/\/navos.ch\/index.php?rest_route=\/wp\/v2\/types\/page"}],"author":[{"embeddable":true,"href":"https:\/\/navos.ch\/index.php?rest_route=\/wp\/v2\/users\/229928507"}],"replies":[{"embeddable":true,"href":"https:\/\/navos.ch\/index.php?rest_route=%2Fwp%2Fv2%2Fcomments&post=2266"}],"version-history":[{"count":11,"href":"https:\/\/navos.ch\/index.php?rest_route=\/wp\/v2\/pages\/2266\/revisions"}],"predecessor-version":[{"id":3145,"href":"https:\/\/navos.ch\/index.php?rest_route=\/wp\/v2\/pages\/2266\/revisions\/3145"}],"wp:attachment":[{"href":"https:\/\/navos.ch\/index.php?rest_route=%2Fwp%2Fv2%2Fmedia&parent=2266"}],"curies":[{"name":"wp","href":"https:\/\/api.w.org\/{rel}","templated":true}]}}