{"id":340,"date":"2023-11-19T16:09:54","date_gmt":"2023-11-19T15:09:54","guid":{"rendered":"https:\/\/navos.ch\/?page_id=340"},"modified":"2025-12-08T07:15:28","modified_gmt":"2025-12-08T06:15:28","slug":"vorstand","status":"publish","type":"page","link":"https:\/\/navos.ch\/?page_id=340","title":{"rendered":"Vorstand"},"content":{"rendered":"\n<p class=\"has-helvetica-font-family has-small-font-size has-custom-font\" style=\"font-family:Helvetica\"><strong>Jousten Ulrich<\/strong><br>Pr\u00e4sident<br>Buchslistrasse 4c<br>5453 Remetschwil<br>Tel. 079 332 02 09<br>E-Mail: <a href=\"mailto:u.jousten@bluewin.ch\">Ulrich Jousten<\/a><\/p>\n\n\n\n<p class=\"has-helvetica-font-family has-small-font-size has-custom-font\" style=\"font-family:Helvetica\"><strong>Gelle Esther<\/strong><br>Aktuarin<br>E-Mail: <a href=\"mailto:esther.gelle@bluewin.ch\">Esther Gelle<\/a><\/p>\n\n\n\n<p class=\"has-helvetica-font-family has-small-font-size has-custom-font\" style=\"font-family:Helvetica\"><strong>Philippe Eschmann<\/strong><br>Kassier<\/p>\n\n\n\n<p class=\"has-helvetica-font-family has-small-font-size has-custom-font\" style=\"font-family:Helvetica\"><strong>H\u00e4ng\u00e4rtner Doris<\/strong><br>Amphibienschutz<br>E-Mail: <a href=\"mailto:doris.haengaertner@schulen.zuerich.ch\">Doris H\u00e4ng\u00e4rtner<\/a><\/p>\n\n\n\n<p class=\"has-helvetica-font-family has-small-font-size has-custom-font\" style=\"font-family:Helvetica\"><strong>Waibel Piera<\/strong><br>Kommunikation, Presse<br>E-Mail: <a href=\"mailto:waibelpiera@gmail.com\">Piera Waibel<\/a><\/p>\n\n\n\n<p class=\"has-helvetica-font-family has-small-font-size has-custom-font\" style=\"font-family:Helvetica;font-size:18px\"><strong>Ren\u00e9 Dain<\/strong><br>Material und Logistik<\/p>\n\n\n\n<p class=\"has-helvetica-font-family has-small-font-size has-custom-font\" style=\"font-family:Helvetica;font-size:18px\"><strong>Carmen Hediger<\/strong><br><br><\/p>\n\n\n\n<h3 class=\"wp-block-heading\">Weitere Helferinnen und Helfer<\/h3>\n\n\n\n<p class=\"has-helvetica-font-family has-small-font-size has-custom-font\" style=\"font-family:Helvetica\"><strong>Vogler Alois<\/strong><br>Ehren-Pr\u00e4sident, Exkursionsleiter<br>E-Mail: <a href=\"mailto:alois.vogler@swissonline.ch\">Alois Vogler<\/a><\/p>\n\n\n\n<p class=\"has-helvetica-font-family has-small-font-size has-custom-font\" style=\"font-family:Helvetica\"><\/p>\n","protected":false},"excerpt":{"rendered":"<p>Jousten UlrichPr\u00e4sidentBuchslistrasse 4c5453 RemetschwilTel. 079 332 02 09E-Mail: Ulrich Jousten Gelle EstherAktuarinE-Mail: Esther Gelle Philippe EschmannKassier H\u00e4ng\u00e4rtner DorisAmphibienschutzE-Mail: Doris H\u00e4ng\u00e4rtner Waibel PieraKommunikation, PresseE-Mail: Piera Waibel Ren\u00e9 DainMaterial und Logistik Carmen Hediger Weitere Helferinnen und Helfer Vogler AloisEhren-Pr\u00e4sident, ExkursionsleiterE-Mail: Alois Vogler<\/p>\n","protected":false},"author":229928507,"featured_media":0,"parent":0,"menu_order":0,"comment_status":"closed","ping_status":"closed","template":"","meta":{"_coblocks_attr":"Helvetica,Helvetica","_coblocks_dimensions":"","_coblocks_responsive_height":"","_coblocks_accordion_ie_support":"","footnotes":""},"class_list":["post-340","page","type-page","status-publish","hentry"],"yoast_head":"<!-- This site is optimized with the Yoast SEO plugin v20.8 - https:\/\/yoast.com\/wordpress\/plugins\/seo\/ -->\n<title>Vorstand - Natur- und Vogelschutzverein Stetten \/ K\u00fcnten<\/title>\n<meta name=\"robots\" content=\"index, follow, max-snippet:-1, max-image-preview:large, max-video-preview:-1\" \/>\n<link rel=\"canonical\" href=\"https:\/\/navos.ch\/?page_id=340\" \/>\n<meta property=\"og:locale\" content=\"de_DE\" \/>\n<meta property=\"og:type\" content=\"article\" \/>\n<meta property=\"og:title\" content=\"Vorstand - Natur- und Vogelschutzverein Stetten \/ K\u00fcnten\" \/>\n<meta property=\"og:description\" content=\"Jousten UlrichPr\u00e4sidentBuchslistrasse 4c5453 RemetschwilTel. 079 332 02 09E-Mail: Ulrich Jousten Gelle EstherAktuarinE-Mail: Esther Gelle Philippe EschmannKassier H\u00e4ng\u00e4rtner DorisAmphibienschutzE-Mail: Doris H\u00e4ng\u00e4rtner Waibel PieraKommunikation, PresseE-Mail: Piera Waibel Ren\u00e9 DainMaterial und Logistik Carmen Hediger Weitere Helferinnen und Helfer Vogler AloisEhren-Pr\u00e4sident, ExkursionsleiterE-Mail: Alois Vogler\" \/>\n<meta property=\"og:url\" content=\"https:\/\/navos.ch\/?page_id=340\" \/>\n<meta property=\"og:site_name\" content=\"Natur- und Vogelschutzverein Stetten \/ K\u00fcnten\" \/>\n<meta property=\"article:modified_time\" content=\"2025-12-08T06:15:28+00:00\" \/>\n<meta name=\"twitter:card\" content=\"summary_large_image\" \/>\n<meta name=\"twitter:label1\" content=\"Gesch\u00e4tzte Lesezeit\" \/>\n\t<meta name=\"twitter:data1\" content=\"1\u00a0Minute\" \/>\n<script type=\"application\/ld+json\" class=\"yoast-schema-graph\">{\"@context\":\"https:\/\/schema.org\",\"@graph\":[{\"@type\":\"WebPage\",\"@id\":\"https:\/\/navos.ch\/?page_id=340\",\"url\":\"https:\/\/navos.ch\/?page_id=340\",\"name\":\"Vorstand - Natur- und Vogelschutzverein Stetten \/ K\u00fcnten\",\"isPartOf\":{\"@id\":\"https:\/\/navos.ch\/#website\"},\"datePublished\":\"2023-11-19T15:09:54+00:00\",\"dateModified\":\"2025-12-08T06:15:28+00:00\",\"breadcrumb\":{\"@id\":\"https:\/\/navos.ch\/?page_id=340#breadcrumb\"},\"inLanguage\":\"de\",\"potentialAction\":[{\"@type\":\"ReadAction\",\"target\":[\"https:\/\/navos.ch\/?page_id=340\"]}]},{\"@type\":\"BreadcrumbList\",\"@id\":\"https:\/\/navos.ch\/?page_id=340#breadcrumb\",\"itemListElement\":[{\"@type\":\"ListItem\",\"position\":1,\"name\":\"Startseite\",\"item\":\"https:\/\/navos.ch\/\"},{\"@type\":\"ListItem\",\"position\":2,\"name\":\"Vorstand\"}]},{\"@type\":\"WebSite\",\"@id\":\"https:\/\/navos.ch\/#website\",\"url\":\"https:\/\/navos.ch\/\",\"name\":\"Natur- und Vogelschutzverein Stetten \/ K\u00fcnten\",\"description\":\"\",\"publisher\":{\"@id\":\"https:\/\/navos.ch\/#organization\"},\"potentialAction\":[{\"@type\":\"SearchAction\",\"target\":{\"@type\":\"EntryPoint\",\"urlTemplate\":\"https:\/\/navos.ch\/?s={search_term_string}\"},\"query-input\":\"required name=search_term_string\"}],\"inLanguage\":\"de\"},{\"@type\":\"Organization\",\"@id\":\"https:\/\/navos.ch\/#organization\",\"name\":\"Natur- und Vogelschutzverein Stetten \/ K\u00fcnten\",\"url\":\"https:\/\/navos.ch\/\",\"logo\":{\"@type\":\"ImageObject\",\"inLanguage\":\"de\",\"@id\":\"https:\/\/navos.ch\/#\/schema\/logo\/image\/\",\"url\":\"https:\/\/i0.wp.com\/navos.ch\/wp-content\/uploads\/2023\/11\/cropped-cropped-cropped-cropped-LOGO-500X500-Web-Background.jpg?fit=511%2C432&ssl=1\",\"contentUrl\":\"https:\/\/i0.wp.com\/navos.ch\/wp-content\/uploads\/2023\/11\/cropped-cropped-cropped-cropped-LOGO-500X500-Web-Background.jpg?fit=511%2C432&ssl=1\",\"width\":511,\"height\":432,\"caption\":\"Natur- und Vogelschutzverein Stetten \/ K\u00fcnten\"},\"image\":{\"@id\":\"https:\/\/navos.ch\/#\/schema\/logo\/image\/\"}}]}<\/script>\n<!-- \/ Yoast SEO plugin. -->","yoast_head_json":{"title":"Vorstand - Natur- und Vogelschutzverein Stetten \/ K\u00fcnten","robots":{"index":"index","follow":"follow","max-snippet":"max-snippet:-1","max-image-preview":"max-image-preview:large","max-video-preview":"max-video-preview:-1"},"canonical":"https:\/\/navos.ch\/?page_id=340","og_locale":"de_DE","og_type":"article","og_title":"Vorstand - Natur- und Vogelschutzverein Stetten \/ K\u00fcnten","og_description":"Jousten UlrichPr\u00e4sidentBuchslistrasse 4c5453 RemetschwilTel. 079 332 02 09E-Mail: Ulrich Jousten Gelle EstherAktuarinE-Mail: Esther Gelle Philippe EschmannKassier H\u00e4ng\u00e4rtner DorisAmphibienschutzE-Mail: Doris H\u00e4ng\u00e4rtner Waibel PieraKommunikation, PresseE-Mail: Piera Waibel Ren\u00e9 DainMaterial und Logistik Carmen Hediger Weitere Helferinnen und Helfer Vogler AloisEhren-Pr\u00e4sident, ExkursionsleiterE-Mail: Alois Vogler","og_url":"https:\/\/navos.ch\/?page_id=340","og_site_name":"Natur- und Vogelschutzverein Stetten \/ K\u00fcnten","article_modified_time":"2025-12-08T06:15:28+00:00","twitter_card":"summary_large_image","twitter_misc":{"Gesch\u00e4tzte Lesezeit":"1\u00a0Minute"},"schema":{"@context":"https:\/\/schema.org","@graph":[{"@type":"WebPage","@id":"https:\/\/navos.ch\/?page_id=340","url":"https:\/\/navos.ch\/?page_id=340","name":"Vorstand - Natur- und Vogelschutzverein Stetten \/ K\u00fcnten","isPartOf":{"@id":"https:\/\/navos.ch\/#website"},"datePublished":"2023-11-19T15:09:54+00:00","dateModified":"2025-12-08T06:15:28+00:00","breadcrumb":{"@id":"https:\/\/navos.ch\/?page_id=340#breadcrumb"},"inLanguage":"de","potentialAction":[{"@type":"ReadAction","target":["https:\/\/navos.ch\/?page_id=340"]}]},{"@type":"BreadcrumbList","@id":"https:\/\/navos.ch\/?page_id=340#breadcrumb","itemListElement":[{"@type":"ListItem","position":1,"name":"Startseite","item":"https:\/\/navos.ch\/"},{"@type":"ListItem","position":2,"name":"Vorstand"}]},{"@type":"WebSite","@id":"https:\/\/navos.ch\/#website","url":"https:\/\/navos.ch\/","name":"Natur- und Vogelschutzverein Stetten \/ K\u00fcnten","description":"","publisher":{"@id":"https:\/\/navos.ch\/#organization"},"potentialAction":[{"@type":"SearchAction","target":{"@type":"EntryPoint","urlTemplate":"https:\/\/navos.ch\/?s={search_term_string}"},"query-input":"required name=search_term_string"}],"inLanguage":"de"},{"@type":"Organization","@id":"https:\/\/navos.ch\/#organization","name":"Natur- und Vogelschutzverein Stetten \/ K\u00fcnten","url":"https:\/\/navos.ch\/","logo":{"@type":"ImageObject","inLanguage":"de","@id":"https:\/\/navos.ch\/#\/schema\/logo\/image\/","url":"https:\/\/i0.wp.com\/navos.ch\/wp-content\/uploads\/2023\/11\/cropped-cropped-cropped-cropped-LOGO-500X500-Web-Background.jpg?fit=511%2C432&ssl=1","contentUrl":"https:\/\/i0.wp.com\/navos.ch\/wp-content\/uploads\/2023\/11\/cropped-cropped-cropped-cropped-LOGO-500X500-Web-Background.jpg?fit=511%2C432&ssl=1","width":511,"height":432,"caption":"Natur- und Vogelschutzverein Stetten \/ K\u00fcnten"},"image":{"@id":"https:\/\/navos.ch\/#\/schema\/logo\/image\/"}}]}},"jetpack_likes_enabled":true,"jetpack_sharing_enabled":true,"jetpack_shortlink":"https:\/\/wp.me\/PeSOXa-5u","jetpack-related-posts":[{"id":8,"url":"https:\/\/navos.ch\/?page_id=8","url_meta":{"origin":340,"position":0},"title":"Kontakt","author":"navos2020","date":"28. November 2023","format":false,"excerpt":"Du darfst uns gerne Nachrichten schicken mittels des Kontaktformulars, per eMail oder Telefon Ulrich Jousten - Pr\u00e4sident NAVOSBuchslistrasse 4c5453 Remetschwil \/AG Schweiz Telefon: +41 79 332 0209 eMail: info@navos.ch Durch die \u00dcbermittlung deiner Angaben gibst Du uns die Erlaubnis, Dir eMails zu senden. Du kannst Dich jederzeit abmelden.","rel":"","context":"\u00c4hnlicher Beitrag","block_context":{"text":"\u00c4hnlicher Beitrag","link":""},"img":{"alt_text":"","src":"","width":0,"height":0},"classes":[]},{"id":7,"url":"https:\/\/navos.ch\/?page_id=7","url_meta":{"origin":340,"position":1},"title":"Galerie","author":"navos2020","date":"10. Januar 2021","format":false,"excerpt":"2025 Heckenpflege auf dem Honert in Stetten, 27. September 2025 Abschlussanlass Grundkurs Botanik, Sch\u00fctzenhaus T\u00e4gerig, Samstag, 21.6.2025 Winterexkursion an den Klingnauer Stausee am Sonntag, 5. Januar 2025 Fotos: Doris Wettstein 2024 Nistkastenreinigung in Stetten am Samstag, 19. Oktober 2024 Heckenpflege auf dem Honert in Stetten am Samstag, 21. September 2024\u2026","rel":"","context":"\u00c4hnlicher Beitrag","block_context":{"text":"\u00c4hnlicher Beitrag","link":""},"img":{"alt_text":"","src":"https:\/\/i0.wp.com\/navos.ch\/wp-content\/uploads\/2025\/10\/2025-09-27_Heckenpflege-Honert-Stetten_IMG_6062.jpg?resize=350%2C200&ssl=1","width":350,"height":200},"classes":[]},{"id":1195,"url":"https:\/\/navos.ch\/?page_id=1195","url_meta":{"origin":340,"position":2},"title":"Ornithologische Grundkurse","author":"Sarah Wettstein","date":"12. Juli 2023","format":false,"excerpt":"Erfolgreicher Abschluss des Ornithologischen Grundkurses 2023 26 Personen schlossen den ornithologischen Grundkurs der Region Mellingen, T\u00e4gerig, Niederrohrdorf und Stetten-K\u00fcnten erfolgreich ab.Thomas Lang vom BirdLife Mellingen, Maria Gschwend und Thomas Vogler vom Natur-und Vogelschutzverein Niederrohrdorf, Ulrich Jousten und Alois Vogler vom Natur- und Vogelschutzverein Stetten-K\u00fcnten sowie Yvonne Bicker vom Natur- und\u2026","rel":"","context":"\u00c4hnlicher Beitrag","block_context":{"text":"\u00c4hnlicher Beitrag","link":""},"img":{"alt_text":"","src":"https:\/\/i0.wp.com\/navos.ch\/wp-content\/uploads\/2023\/07\/Gruppenfoto-2-Ornithologischer-Einfuehrungskurs-2023-300x225.jpg?resize=350%2C200&ssl=1","width":350,"height":200},"classes":[]},{"id":6,"url":"https:\/\/navos.ch\/","url_meta":{"origin":340,"position":3},"title":"NAVOS Stetten \/ K\u00fcnten","author":"navos2020","date":"24. Januar 2024","format":false,"excerpt":"Willkommen auf unserer Homepage Aus dem Verein Der Einf\u00fchrungskurs in die Botanik \/ Pflanzenkunde 2025 ist abgeschlossen. Wir empfehlen, bei BirdLife nach \u00e4hnlichen Kursen zu suchen. Wir werden einen weiteren Kurs wiederum ausschreiben. BirdLife Seit 100 Jahren engagiert sich BirdLife Schweiz f\u00fcr die Vielfalt der Natur. Als NAVOS sind wir\u2026","rel":"","context":"\u00c4hnlicher Beitrag","block_context":{"text":"\u00c4hnlicher Beitrag","link":""},"img":{"alt_text":"","src":"https:\/\/i0.wp.com\/navos.ch\/wp-content\/uploads\/2023\/11\/M7_MG_6673-scaled.jpg?resize=350%2C200&ssl=1","width":350,"height":200},"classes":[]},{"id":342,"url":"https:\/\/navos.ch\/?page_id=342","url_meta":{"origin":340,"position":4},"title":"Mitgliedschaft","author":"Sarah Wettstein","date":"24. Januar 2024","format":false,"excerpt":"Wir freuen uns \u00fcber... Stetterinnen und K\u00fcnter, \u00fcber K\u00fcnterinnen und Stetter, die zu einem lebendigen und zukunftsorientierten Umwelt- und Naturschutz um die Gemeinden Stetten und K\u00fcnten beitragen m\u00f6chten. Auch Interessierte aus umliegenden Gemeinden sind herzlich willkommen, im NAVOS mitzuwirken. Die Natur macht an den Gemeindegrenzen nicht Halt! helfende H\u00e4nde! M\u00f6chten\u2026","rel":"","context":"\u00c4hnlicher Beitrag","block_context":{"text":"\u00c4hnlicher Beitrag","link":""},"img":{"alt_text":"","src":"","width":0,"height":0},"classes":[]},{"id":2266,"url":"https:\/\/navos.ch\/?page_id=2266","url_meta":{"origin":340,"position":5},"title":"Botanische Kurse","author":"Sarah Wettstein","date":"8. Oktober 2024","format":false,"excerpt":"Erfolgreicher Abschluss des Botanikkurses 2025 Die Natur- und Vogelschutzvereine Fislisbach, Mellingen, Niederrohrdorf, Rohrdorferberg, Stetten-K\u00fcnten und T\u00e4gerig organisierten gemeinsam einen Grundkurs in Botanik, welcher von 31 Personen besucht wurde. Die Kursleiterinnen Helen Merki, Erika Schmocker, Rachel Preisig und Sarah Wettstein f\u00fchrten w\u00e4hrend eines Theorieabends und f\u00fcnf Exkursionen in die wichtigsten Grundlagen\u2026","rel":"","context":"\u00c4hnlicher Beitrag","block_context":{"text":"\u00c4hnlicher Beitrag","link":""},"img":{"alt_text":"","src":"https:\/\/i0.wp.com\/navos.ch\/wp-content\/uploads\/2024\/10\/Logos-von-allen-Traegervereinen.jpg?resize=350%2C200&ssl=1","width":350,"height":200},"classes":[]}],"_links":{"self":[{"href":"https:\/\/navos.ch\/index.php?rest_route=\/wp\/v2\/pages\/340","targetHints":{"allow":["GET"]}}],"collection":[{"href":"https:\/\/navos.ch\/index.php?rest_route=\/wp\/v2\/pages"}],"about":[{"href":"https:\/\/navos.ch\/index.php?rest_route=\/wp\/v2\/types\/page"}],"author":[{"embeddable":true,"href":"https:\/\/navos.ch\/index.php?rest_route=\/wp\/v2\/users\/229928507"}],"replies":[{"embeddable":true,"href":"https:\/\/navos.ch\/index.php?rest_route=%2Fwp%2Fv2%2Fcomments&post=340"}],"version-history":[{"count":38,"href":"https:\/\/navos.ch\/index.php?rest_route=\/wp\/v2\/pages\/340\/revisions"}],"predecessor-version":[{"id":3367,"href":"https:\/\/navos.ch\/index.php?rest_route=\/wp\/v2\/pages\/340\/revisions\/3367"}],"wp:attachment":[{"href":"https:\/\/navos.ch\/index.php?rest_route=%2Fwp%2Fv2%2Fmedia&parent=340"}],"curies":[{"name":"wp","href":"https:\/\/api.w.org\/{rel}","templated":true}]}}