{"id":342,"date":"2024-01-24T14:16:35","date_gmt":"2024-01-24T13:16:35","guid":{"rendered":"https:\/\/navos.ch\/?page_id=342"},"modified":"2024-01-24T14:16:35","modified_gmt":"2024-01-24T13:16:35","slug":"mitgliedschaft","status":"publish","type":"page","link":"https:\/\/navos.ch\/?page_id=342","title":{"rendered":"Mitgliedschaft"},"content":{"rendered":"\n<p><\/p>\n\n\n\n<h2 class=\"wp-block-heading\">Wir freuen uns \u00fcber&#8230;<\/h2>\n\n\n\n<ul class=\"has-helvetica-font-family has-custom-font wp-block-list\" style=\"font-family:Helvetica\">\n<li class=\"has-small-font-size\">Stetterinnen und K\u00fcnter, \u00fcber K\u00fcnterinnen und Stetter, die zu einem lebendigen und zukunftsorientierten Umwelt- und Naturschutz um die Gemeinden Stetten und K\u00fcnten beitragen m\u00f6chten. <\/li>\n<\/ul>\n\n\n\n<ul class=\"has-helvetica-font-family has-custom-font wp-block-list\" style=\"font-family:Helvetica\">\n<li class=\"has-small-font-size\">Auch Interessierte aus umliegenden Gemeinden sind herzlich willkommen, im NAVOS mitzuwirken. Die Natur macht an den Gemeindegrenzen nicht Halt!<\/li>\n<\/ul>\n\n\n\n<ul class=\"has-helvetica-font-family has-custom-font wp-block-list\" style=\"font-family:Helvetica\">\n<li class=\"has-small-font-size\">helfende H\u00e4nde! M\u00f6chten Sie sich aktiv f\u00fcr die Natur einsetzen und tatkr\u00e4ftig anpacken? Helfen Sie mit beim Amphibienschutz, packen Sie mit an beim Heckenschnitt oder werden Sie aktiv im Einsatz gegen Neophyten!<\/li>\n<\/ul>\n\n\n\n<ul class=\"has-helvetica-font-family has-custom-font wp-block-list\" style=\"font-family:Helvetica\">\n<li class=\"has-small-font-size\">Ihr Wissen rund um den Naturschutz! Haben Sie Interessen und Kompetenzen, die Sie dem NAVOS zur Verf\u00fcgung stellen k\u00f6nnten? Haben Sie Anregungen f\u00fcr die Organisation oder Projektideen? Wird sind gespannt und freuen uns auf Ihre Kontaktaufnahme.<\/li>\n<\/ul>\n\n\n\n<h2 class=\"wp-block-heading\">Neue Mitglieder<\/h2>\n\n\n\n<p class=\"has-helvetica-font-family has-small-font-size has-custom-font\" style=\"font-family:Helvetica\">Mit einem Beitrag von CHF 35.- f\u00fcr Familien oder CHF 25.- f\u00fcr Einzelpersonen k\u00f6nnen Sie &#8211; ohne weiteren Verpflichtungen &#8211; Mitglied des NAVOS werden. <\/p>\n\n\n\n<p class=\"has-helvetica-font-family has-small-font-size has-custom-font\" style=\"font-family:Helvetica\">M\u00f6chten Sie mehr f\u00fcr den Umwelt- und Naturschutz in Stetten und K\u00fcnten tun? Mit einem frei w\u00e4hlbaren Betrag werden Sie G\u00f6nner:in des NAVOS. <\/p>\n\n\n\n<p class=\"has-helvetica-font-family has-small-font-size has-custom-font\" style=\"font-family:Helvetica\">Herzlich willkommen!<\/p>\n\n\n\n<p class=\"has-helvetica-font-family has-small-font-size has-custom-font\" style=\"font-family:Helvetica\">Mitglied oder G\u00f6nner:in zu werden ist einfach &#8211; schreiben Sie eine E-Mail an info@navos.ch oder rufen Sie uns an: 079 332 02 09. Wir freuen uns auf Ihre Konaktaufnahme.<\/p>\n\n\n\n<p class=\"has-helvetica-font-family has-small-font-size has-custom-font\" style=\"font-family:Helvetica\">Als Mitglieder erhalten Sie das Jahresprogramm und weitere aktuelle Informationen aus dem Verein. <\/p>\n\n\n\n<p class=\"has-helvetica-font-family has-small-font-size has-custom-font\" style=\"font-family:Helvetica\"><strong>Unser Jahresprogramm bietet Ihnen vielf\u00e4ltige M\u00f6glichkeiten Hand anzulegen und bei der Verwirklichung und Pflege von Naturschutzprojekten tatkr\u00e4ftig mitzuhelfen!<\/strong><\/p>\n\n\n\n<p class=\"has-helvetica-font-family has-small-font-size has-custom-font\" style=\"font-family:Helvetica\">Wir freuen uns auf Sie!<\/p>\n","protected":false},"excerpt":{"rendered":"<p>Wir freuen uns \u00fcber&#8230; Neue Mitglieder Mit einem Beitrag von CHF 35.- f\u00fcr Familien oder CHF 25.- f\u00fcr Einzelpersonen k\u00f6nnen Sie &#8211; ohne weiteren Verpflichtungen &#8211; Mitglied des NAVOS werden. M\u00f6chten Sie mehr f\u00fcr den Umwelt- und Naturschutz in Stetten und K\u00fcnten tun? Mit einem frei w\u00e4hlbaren Betrag werden Sie G\u00f6nner:in des NAVOS. Herzlich willkommen! [&hellip;]<\/p>\n","protected":false},"author":229928507,"featured_media":0,"parent":0,"menu_order":0,"comment_status":"closed","ping_status":"closed","template":"","meta":{"_coblocks_attr":"Helvetica,Helvetica","_coblocks_dimensions":"","_coblocks_responsive_height":"","_coblocks_accordion_ie_support":"","footnotes":""},"class_list":["post-342","page","type-page","status-publish","hentry"],"yoast_head":"<!-- This site is optimized with the Yoast SEO plugin v20.8 - https:\/\/yoast.com\/wordpress\/plugins\/seo\/ -->\n<title>Mitgliedschaft - Natur- und Vogelschutzverein Stetten \/ K\u00fcnten<\/title>\n<meta name=\"robots\" content=\"index, follow, max-snippet:-1, max-image-preview:large, max-video-preview:-1\" \/>\n<link rel=\"canonical\" href=\"https:\/\/navos.ch\/?page_id=342\" \/>\n<meta property=\"og:locale\" content=\"de_DE\" \/>\n<meta property=\"og:type\" content=\"article\" \/>\n<meta property=\"og:title\" content=\"Mitgliedschaft - Natur- und Vogelschutzverein Stetten \/ K\u00fcnten\" \/>\n<meta property=\"og:description\" content=\"Wir freuen uns \u00fcber&#8230; Neue Mitglieder Mit einem Beitrag von CHF 35.- f\u00fcr Familien oder CHF 25.- f\u00fcr Einzelpersonen k\u00f6nnen Sie &#8211; ohne weiteren Verpflichtungen &#8211; Mitglied des NAVOS werden. M\u00f6chten Sie mehr f\u00fcr den Umwelt- und Naturschutz in Stetten und K\u00fcnten tun? Mit einem frei w\u00e4hlbaren Betrag werden Sie G\u00f6nner:in des NAVOS. Herzlich willkommen! [&hellip;]\" \/>\n<meta property=\"og:url\" content=\"https:\/\/navos.ch\/?page_id=342\" \/>\n<meta property=\"og:site_name\" content=\"Natur- und Vogelschutzverein Stetten \/ K\u00fcnten\" \/>\n<meta name=\"twitter:card\" content=\"summary_large_image\" \/>\n<meta name=\"twitter:label1\" content=\"Gesch\u00e4tzte Lesezeit\" \/>\n\t<meta name=\"twitter:data1\" content=\"1\u00a0Minute\" \/>\n<script type=\"application\/ld+json\" class=\"yoast-schema-graph\">{\"@context\":\"https:\/\/schema.org\",\"@graph\":[{\"@type\":\"WebPage\",\"@id\":\"https:\/\/navos.ch\/?page_id=342\",\"url\":\"https:\/\/navos.ch\/?page_id=342\",\"name\":\"Mitgliedschaft - Natur- und Vogelschutzverein Stetten \/ K\u00fcnten\",\"isPartOf\":{\"@id\":\"https:\/\/navos.ch\/#website\"},\"datePublished\":\"2024-01-24T13:16:35+00:00\",\"dateModified\":\"2024-01-24T13:16:35+00:00\",\"breadcrumb\":{\"@id\":\"https:\/\/navos.ch\/?page_id=342#breadcrumb\"},\"inLanguage\":\"de\",\"potentialAction\":[{\"@type\":\"ReadAction\",\"target\":[\"https:\/\/navos.ch\/?page_id=342\"]}]},{\"@type\":\"BreadcrumbList\",\"@id\":\"https:\/\/navos.ch\/?page_id=342#breadcrumb\",\"itemListElement\":[{\"@type\":\"ListItem\",\"position\":1,\"name\":\"Startseite\",\"item\":\"https:\/\/navos.ch\/\"},{\"@type\":\"ListItem\",\"position\":2,\"name\":\"Mitgliedschaft\"}]},{\"@type\":\"WebSite\",\"@id\":\"https:\/\/navos.ch\/#website\",\"url\":\"https:\/\/navos.ch\/\",\"name\":\"Natur- und Vogelschutzverein Stetten \/ K\u00fcnten\",\"description\":\"\",\"publisher\":{\"@id\":\"https:\/\/navos.ch\/#organization\"},\"potentialAction\":[{\"@type\":\"SearchAction\",\"target\":{\"@type\":\"EntryPoint\",\"urlTemplate\":\"https:\/\/navos.ch\/?s={search_term_string}\"},\"query-input\":\"required name=search_term_string\"}],\"inLanguage\":\"de\"},{\"@type\":\"Organization\",\"@id\":\"https:\/\/navos.ch\/#organization\",\"name\":\"Natur- und Vogelschutzverein Stetten \/ K\u00fcnten\",\"url\":\"https:\/\/navos.ch\/\",\"logo\":{\"@type\":\"ImageObject\",\"inLanguage\":\"de\",\"@id\":\"https:\/\/navos.ch\/#\/schema\/logo\/image\/\",\"url\":\"https:\/\/i0.wp.com\/navos.ch\/wp-content\/uploads\/2023\/11\/cropped-cropped-cropped-cropped-LOGO-500X500-Web-Background.jpg?fit=511%2C432&ssl=1\",\"contentUrl\":\"https:\/\/i0.wp.com\/navos.ch\/wp-content\/uploads\/2023\/11\/cropped-cropped-cropped-cropped-LOGO-500X500-Web-Background.jpg?fit=511%2C432&ssl=1\",\"width\":511,\"height\":432,\"caption\":\"Natur- und Vogelschutzverein Stetten \/ K\u00fcnten\"},\"image\":{\"@id\":\"https:\/\/navos.ch\/#\/schema\/logo\/image\/\"}}]}<\/script>\n<!-- \/ Yoast SEO plugin. -->","yoast_head_json":{"title":"Mitgliedschaft - Natur- und Vogelschutzverein Stetten \/ K\u00fcnten","robots":{"index":"index","follow":"follow","max-snippet":"max-snippet:-1","max-image-preview":"max-image-preview:large","max-video-preview":"max-video-preview:-1"},"canonical":"https:\/\/navos.ch\/?page_id=342","og_locale":"de_DE","og_type":"article","og_title":"Mitgliedschaft - Natur- und Vogelschutzverein Stetten \/ K\u00fcnten","og_description":"Wir freuen uns \u00fcber&#8230; Neue Mitglieder Mit einem Beitrag von CHF 35.- f\u00fcr Familien oder CHF 25.- f\u00fcr Einzelpersonen k\u00f6nnen Sie &#8211; ohne weiteren Verpflichtungen &#8211; Mitglied des NAVOS werden. M\u00f6chten Sie mehr f\u00fcr den Umwelt- und Naturschutz in Stetten und K\u00fcnten tun? Mit einem frei w\u00e4hlbaren Betrag werden Sie G\u00f6nner:in des NAVOS. Herzlich willkommen! [&hellip;]","og_url":"https:\/\/navos.ch\/?page_id=342","og_site_name":"Natur- und Vogelschutzverein Stetten \/ K\u00fcnten","twitter_card":"summary_large_image","twitter_misc":{"Gesch\u00e4tzte Lesezeit":"1\u00a0Minute"},"schema":{"@context":"https:\/\/schema.org","@graph":[{"@type":"WebPage","@id":"https:\/\/navos.ch\/?page_id=342","url":"https:\/\/navos.ch\/?page_id=342","name":"Mitgliedschaft - Natur- und Vogelschutzverein Stetten \/ K\u00fcnten","isPartOf":{"@id":"https:\/\/navos.ch\/#website"},"datePublished":"2024-01-24T13:16:35+00:00","dateModified":"2024-01-24T13:16:35+00:00","breadcrumb":{"@id":"https:\/\/navos.ch\/?page_id=342#breadcrumb"},"inLanguage":"de","potentialAction":[{"@type":"ReadAction","target":["https:\/\/navos.ch\/?page_id=342"]}]},{"@type":"BreadcrumbList","@id":"https:\/\/navos.ch\/?page_id=342#breadcrumb","itemListElement":[{"@type":"ListItem","position":1,"name":"Startseite","item":"https:\/\/navos.ch\/"},{"@type":"ListItem","position":2,"name":"Mitgliedschaft"}]},{"@type":"WebSite","@id":"https:\/\/navos.ch\/#website","url":"https:\/\/navos.ch\/","name":"Natur- und Vogelschutzverein Stetten \/ K\u00fcnten","description":"","publisher":{"@id":"https:\/\/navos.ch\/#organization"},"potentialAction":[{"@type":"SearchAction","target":{"@type":"EntryPoint","urlTemplate":"https:\/\/navos.ch\/?s={search_term_string}"},"query-input":"required name=search_term_string"}],"inLanguage":"de"},{"@type":"Organization","@id":"https:\/\/navos.ch\/#organization","name":"Natur- und Vogelschutzverein Stetten \/ K\u00fcnten","url":"https:\/\/navos.ch\/","logo":{"@type":"ImageObject","inLanguage":"de","@id":"https:\/\/navos.ch\/#\/schema\/logo\/image\/","url":"https:\/\/i0.wp.com\/navos.ch\/wp-content\/uploads\/2023\/11\/cropped-cropped-cropped-cropped-LOGO-500X500-Web-Background.jpg?fit=511%2C432&ssl=1","contentUrl":"https:\/\/i0.wp.com\/navos.ch\/wp-content\/uploads\/2023\/11\/cropped-cropped-cropped-cropped-LOGO-500X500-Web-Background.jpg?fit=511%2C432&ssl=1","width":511,"height":432,"caption":"Natur- und Vogelschutzverein Stetten \/ K\u00fcnten"},"image":{"@id":"https:\/\/navos.ch\/#\/schema\/logo\/image\/"}}]}},"jetpack_likes_enabled":true,"jetpack_sharing_enabled":true,"jetpack_shortlink":"https:\/\/wp.me\/PeSOXa-5w","jetpack-related-posts":[{"id":362,"url":"https:\/\/navos.ch\/?page_id=362","url_meta":{"origin":342,"position":0},"title":"Neophyten","author":"Sarah Wettstein","date":"19. November 2023","format":false,"excerpt":"Invasive gebietsfremde Pflanzen\u00a0sind nicht-einheimische Pflanzen, die aus fremden Gebieten (meist aus anderen Kontinenten), absichtlich oder unabsichtlich, eingef\u00fchrt wurden; die\u00a0sich bei uns in der Natur\u00a0etabliert haben\u00a0(Vermehrung in freier Natur)\u00a0und die sich\u00a0auf Kosten einheimischer Arten effizient ausbreiten. Auch in der\u00a0Schweiz\u00a0haben sich invasive Neophyten in den letzten Jahren als Gef\u00e4hrdung f\u00fcr die biologische\u2026","rel":"","context":"\u00c4hnlicher Beitrag","block_context":{"text":"\u00c4hnlicher Beitrag","link":""},"img":{"alt_text":"","src":"https:\/\/i0.wp.com\/navos.ch\/wp-content\/uploads\/2023\/04\/solidago-gigantea_konrad-lauber.jpg?resize=350%2C200&ssl=1","width":350,"height":200},"classes":[]},{"id":152,"url":"https:\/\/navos.ch\/?page_id=152","url_meta":{"origin":342,"position":1},"title":"Veranstaltungen","author":"navos2020","date":"19. November 2023","format":false,"excerpt":"Programm 2024 Jahresprogramm 2024 als PDF Foto: Stiftung Reusstal, Josef Fischer Februar\/M\u00e4rz 2024AmphibienschutzStrassensperrung zwischen Stetten und Sulz, Amphibienz\u00e4uneWer mitmachen m\u00f6chte, kann sich bei Doris H\u00e4ng\u00e4rtner melden! Sonntag, 28. April 2024MorgenexkursionSchule K\u00fcnten6.30 Uhr Foto: InfoFlora, Erwin J\u00f6rg Mai\/Juni 2024NeophytenArbeitseinsatz in Absprache mit den Gemeinden Stetten und K\u00fcnten Samstag, 8. Juni 2024SternwanderungGemeinsame\u2026","rel":"","context":"\u00c4hnlicher Beitrag","block_context":{"text":"\u00c4hnlicher Beitrag","link":""},"img":{"alt_text":"","src":"https:\/\/i0.wp.com\/navos.ch\/wp-content\/uploads\/2023\/04\/20_0321_erdkroeten_2_amphibienzaun-unterrueti_merenschwand.jpg?resize=350%2C200&ssl=1","width":350,"height":200},"classes":[]},{"id":6,"url":"https:\/\/navos.ch\/","url_meta":{"origin":342,"position":2},"title":"NAVOS Stetten \/ K\u00fcnten","author":"navos2020","date":"24. Januar 2024","format":false,"excerpt":"Willkommen auf unserer Homepage Aus dem Verein Der Einf\u00fchrungskurs in die Botanik \/ Pflanzenkunde 2025 ist abgeschlossen. Wir empfehlen, bei BirdLife nach \u00e4hnlichen Kursen zu suchen. Wir werden einen weiteren Kurs wiederum ausschreiben. BirdLife Seit 100 Jahren engagiert sich BirdLife Schweiz f\u00fcr die Vielfalt der Natur. Als NAVOS sind wir\u2026","rel":"","context":"\u00c4hnlicher Beitrag","block_context":{"text":"\u00c4hnlicher Beitrag","link":""},"img":{"alt_text":"","src":"https:\/\/i0.wp.com\/navos.ch\/wp-content\/uploads\/2023\/11\/M7_MG_6673-scaled.jpg?resize=350%2C200&ssl=1","width":350,"height":200},"classes":[]},{"id":373,"url":"https:\/\/navos.ch\/?page_id=373","url_meta":{"origin":342,"position":3},"title":"Nistkastenreinigung","author":"Sarah Wettstein","date":"19. November 2023","format":false,"excerpt":"Jeden Herbst im Oktober und November finden die Nistkastenreinigungen in Stetten und K\u00fcnten statt. Mit Stange, Besen und Karte ausger\u00fcstet machen sich die Gruppen auf, alle Nistk\u00e4sten zu kontrollieren, reinigen und protokollieren. Besch\u00e4digte Nistk\u00e4sten werden mitgenommen und repariert. L\u00e4ngst werden nicht alle Nistk\u00e4sten von Meisen, Spatzen und Kleiber bewohnt, auch\u2026","rel":"","context":"\u00c4hnlicher Beitrag","block_context":{"text":"\u00c4hnlicher Beitrag","link":""},"img":{"alt_text":"","src":"https:\/\/i0.wp.com\/navos.ch\/wp-content\/uploads\/2023\/04\/141741.jpg?resize=350%2C200&ssl=1","width":350,"height":200},"classes":[]},{"id":169,"url":"https:\/\/navos.ch\/?page_id=169","url_meta":{"origin":342,"position":4},"title":"Chronik","author":"navos2020","date":"19. November 2023","format":false,"excerpt":"Was wir heute tun, entscheidet dar\u00fcber, wie die Welt morgen aussiehtMarie von Ebner-Eschenbach \u00a0 1937 Gr\u00fcndungs-Versammlung:\u00a030. Januar 1937 20.00 Uhr, Gasthaus Krone Stetten. Auf Initiative von Herrn Walter Fischer, Lehrer und Oskar Wettstein, Niederrohrdorf, wurde ein Gr\u00fcndungs-Referat \u00fcber Vogelschutz und Sch\u00e4dlingsbek\u00e4mpfung, mit Lichtbildern, abgehalten. Referent ist Herr Stirnemann, Aarau. Nach\u2026","rel":"","context":"\u00c4hnlicher Beitrag","block_context":{"text":"\u00c4hnlicher Beitrag","link":""},"img":{"alt_text":"","src":"","width":0,"height":0},"classes":[]},{"id":9,"url":"https:\/\/navos.ch\/?page_id=9","url_meta":{"origin":342,"position":5},"title":"Portr\u00e4t","author":"navos2020","date":"19. November 2023","format":false,"excerpt":"Ach wie du ausholst, Vogel,nach deinem Herzen. \u00a0 \u00a0 \u00a0 Wer darfhoffen, dass Innresso entspr\u00e4nge aus ihmRainer Maria Rilke, Fr\u00fchling 1912, Duino Der Natur- und Vogelschutzverein wurde am 30. Januar 1937 auf Initiative von Lehrer Walter Fischer Stetten und Oskar Wettstein aus Niederrohrdorf gegr\u00fcndet. Die Aufgabe und das Ziel des\u2026","rel":"","context":"\u00c4hnlicher Beitrag","block_context":{"text":"\u00c4hnlicher Beitrag","link":""},"img":{"alt_text":"","src":"","width":0,"height":0},"classes":[]}],"_links":{"self":[{"href":"https:\/\/navos.ch\/index.php?rest_route=\/wp\/v2\/pages\/342","targetHints":{"allow":["GET"]}}],"collection":[{"href":"https:\/\/navos.ch\/index.php?rest_route=\/wp\/v2\/pages"}],"about":[{"href":"https:\/\/navos.ch\/index.php?rest_route=\/wp\/v2\/types\/page"}],"author":[{"embeddable":true,"href":"https:\/\/navos.ch\/index.php?rest_route=\/wp\/v2\/users\/229928507"}],"replies":[{"embeddable":true,"href":"https:\/\/navos.ch\/index.php?rest_route=%2Fwp%2Fv2%2Fcomments&post=342"}],"version-history":[{"count":10,"href":"https:\/\/navos.ch\/index.php?rest_route=\/wp\/v2\/pages\/342\/revisions"}],"predecessor-version":[{"id":1414,"href":"https:\/\/navos.ch\/index.php?rest_route=\/wp\/v2\/pages\/342\/revisions\/1414"}],"wp:attachment":[{"href":"https:\/\/navos.ch\/index.php?rest_route=%2Fwp%2Fv2%2Fmedia&parent=342"}],"curies":[{"name":"wp","href":"https:\/\/api.w.org\/{rel}","templated":true}]}}