{"id":343,"date":"2023-11-19T21:11:11","date_gmt":"2023-11-19T20:11:11","guid":{"rendered":"https:\/\/navos.ch\/?page_id=343"},"modified":"2024-11-20T20:52:11","modified_gmt":"2024-11-20T19:52:11","slug":"statuten","status":"publish","type":"page","link":"https:\/\/navos.ch\/?page_id=343","title":{"rendered":"Statuten"},"content":{"rendered":"\n<p class=\"has-helvetica-font-family has-custom-font\" style=\"font-family:Helvetica\">Die aktuellen Statuten vom NAVOS Stetten\/K\u00fcnten vom 13.5.2022 sind unter folgendem Link einsehbar.<\/p>\n\n\n\n<p class=\"has-helvetica-font-family has-custom-font\" style=\"font-family:Helvetica\"><a href=\"https:\/\/navos.ch\/wp-content\/uploads\/2024\/11\/Statuten-Neu-StettenKuenten.pdf\">STATUTEN<\/a><\/p>\n","protected":false},"excerpt":{"rendered":"<p>Die aktuellen Statuten vom NAVOS Stetten\/K\u00fcnten vom 13.5.2022 sind unter folgendem Link einsehbar. STATUTEN<\/p>\n","protected":false},"author":229928507,"featured_media":0,"parent":0,"menu_order":0,"comment_status":"closed","ping_status":"closed","template":"","meta":{"_coblocks_attr":"Helvetica,Helvetica","_coblocks_dimensions":"","_coblocks_responsive_height":"","_coblocks_accordion_ie_support":"","footnotes":""},"class_list":["post-343","page","type-page","status-publish","hentry"],"yoast_head":"<!-- This site is optimized with the Yoast SEO plugin v20.8 - https:\/\/yoast.com\/wordpress\/plugins\/seo\/ -->\n<title>Statuten - Natur- und Vogelschutzverein Stetten \/ K\u00fcnten<\/title>\n<meta name=\"robots\" content=\"index, follow, max-snippet:-1, max-image-preview:large, max-video-preview:-1\" \/>\n<link rel=\"canonical\" href=\"https:\/\/navos.ch\/?page_id=343\" \/>\n<meta property=\"og:locale\" content=\"de_DE\" \/>\n<meta property=\"og:type\" content=\"article\" \/>\n<meta property=\"og:title\" content=\"Statuten - Natur- und Vogelschutzverein Stetten \/ K\u00fcnten\" \/>\n<meta property=\"og:description\" content=\"Die aktuellen Statuten vom NAVOS Stetten\/K\u00fcnten vom 13.5.2022 sind unter folgendem Link einsehbar. STATUTEN\" \/>\n<meta property=\"og:url\" content=\"https:\/\/navos.ch\/?page_id=343\" \/>\n<meta property=\"og:site_name\" content=\"Natur- und Vogelschutzverein Stetten \/ K\u00fcnten\" \/>\n<meta property=\"article:modified_time\" content=\"2024-11-20T19:52:11+00:00\" \/>\n<meta name=\"twitter:card\" content=\"summary_large_image\" \/>\n<meta name=\"twitter:label1\" content=\"Gesch\u00e4tzte Lesezeit\" \/>\n\t<meta name=\"twitter:data1\" content=\"1\u00a0Minute\" \/>\n<script type=\"application\/ld+json\" class=\"yoast-schema-graph\">{\"@context\":\"https:\/\/schema.org\",\"@graph\":[{\"@type\":\"WebPage\",\"@id\":\"https:\/\/navos.ch\/?page_id=343\",\"url\":\"https:\/\/navos.ch\/?page_id=343\",\"name\":\"Statuten - Natur- und Vogelschutzverein Stetten \/ K\u00fcnten\",\"isPartOf\":{\"@id\":\"https:\/\/navos.ch\/#website\"},\"datePublished\":\"2023-11-19T20:11:11+00:00\",\"dateModified\":\"2024-11-20T19:52:11+00:00\",\"breadcrumb\":{\"@id\":\"https:\/\/navos.ch\/?page_id=343#breadcrumb\"},\"inLanguage\":\"de\",\"potentialAction\":[{\"@type\":\"ReadAction\",\"target\":[\"https:\/\/navos.ch\/?page_id=343\"]}]},{\"@type\":\"BreadcrumbList\",\"@id\":\"https:\/\/navos.ch\/?page_id=343#breadcrumb\",\"itemListElement\":[{\"@type\":\"ListItem\",\"position\":1,\"name\":\"Startseite\",\"item\":\"https:\/\/navos.ch\/\"},{\"@type\":\"ListItem\",\"position\":2,\"name\":\"Statuten\"}]},{\"@type\":\"WebSite\",\"@id\":\"https:\/\/navos.ch\/#website\",\"url\":\"https:\/\/navos.ch\/\",\"name\":\"Natur- und Vogelschutzverein Stetten \/ K\u00fcnten\",\"description\":\"\",\"publisher\":{\"@id\":\"https:\/\/navos.ch\/#organization\"},\"potentialAction\":[{\"@type\":\"SearchAction\",\"target\":{\"@type\":\"EntryPoint\",\"urlTemplate\":\"https:\/\/navos.ch\/?s={search_term_string}\"},\"query-input\":\"required name=search_term_string\"}],\"inLanguage\":\"de\"},{\"@type\":\"Organization\",\"@id\":\"https:\/\/navos.ch\/#organization\",\"name\":\"Natur- und Vogelschutzverein Stetten \/ K\u00fcnten\",\"url\":\"https:\/\/navos.ch\/\",\"logo\":{\"@type\":\"ImageObject\",\"inLanguage\":\"de\",\"@id\":\"https:\/\/navos.ch\/#\/schema\/logo\/image\/\",\"url\":\"https:\/\/i0.wp.com\/navos.ch\/wp-content\/uploads\/2023\/11\/cropped-cropped-cropped-cropped-LOGO-500X500-Web-Background.jpg?fit=511%2C432&ssl=1\",\"contentUrl\":\"https:\/\/i0.wp.com\/navos.ch\/wp-content\/uploads\/2023\/11\/cropped-cropped-cropped-cropped-LOGO-500X500-Web-Background.jpg?fit=511%2C432&ssl=1\",\"width\":511,\"height\":432,\"caption\":\"Natur- und Vogelschutzverein Stetten \/ K\u00fcnten\"},\"image\":{\"@id\":\"https:\/\/navos.ch\/#\/schema\/logo\/image\/\"}}]}<\/script>\n<!-- \/ Yoast SEO plugin. -->","yoast_head_json":{"title":"Statuten - Natur- und Vogelschutzverein Stetten \/ K\u00fcnten","robots":{"index":"index","follow":"follow","max-snippet":"max-snippet:-1","max-image-preview":"max-image-preview:large","max-video-preview":"max-video-preview:-1"},"canonical":"https:\/\/navos.ch\/?page_id=343","og_locale":"de_DE","og_type":"article","og_title":"Statuten - Natur- und Vogelschutzverein Stetten \/ K\u00fcnten","og_description":"Die aktuellen Statuten vom NAVOS Stetten\/K\u00fcnten vom 13.5.2022 sind unter folgendem Link einsehbar. STATUTEN","og_url":"https:\/\/navos.ch\/?page_id=343","og_site_name":"Natur- und Vogelschutzverein Stetten \/ K\u00fcnten","article_modified_time":"2024-11-20T19:52:11+00:00","twitter_card":"summary_large_image","twitter_misc":{"Gesch\u00e4tzte Lesezeit":"1\u00a0Minute"},"schema":{"@context":"https:\/\/schema.org","@graph":[{"@type":"WebPage","@id":"https:\/\/navos.ch\/?page_id=343","url":"https:\/\/navos.ch\/?page_id=343","name":"Statuten - Natur- und Vogelschutzverein Stetten \/ K\u00fcnten","isPartOf":{"@id":"https:\/\/navos.ch\/#website"},"datePublished":"2023-11-19T20:11:11+00:00","dateModified":"2024-11-20T19:52:11+00:00","breadcrumb":{"@id":"https:\/\/navos.ch\/?page_id=343#breadcrumb"},"inLanguage":"de","potentialAction":[{"@type":"ReadAction","target":["https:\/\/navos.ch\/?page_id=343"]}]},{"@type":"BreadcrumbList","@id":"https:\/\/navos.ch\/?page_id=343#breadcrumb","itemListElement":[{"@type":"ListItem","position":1,"name":"Startseite","item":"https:\/\/navos.ch\/"},{"@type":"ListItem","position":2,"name":"Statuten"}]},{"@type":"WebSite","@id":"https:\/\/navos.ch\/#website","url":"https:\/\/navos.ch\/","name":"Natur- und Vogelschutzverein Stetten \/ K\u00fcnten","description":"","publisher":{"@id":"https:\/\/navos.ch\/#organization"},"potentialAction":[{"@type":"SearchAction","target":{"@type":"EntryPoint","urlTemplate":"https:\/\/navos.ch\/?s={search_term_string}"},"query-input":"required name=search_term_string"}],"inLanguage":"de"},{"@type":"Organization","@id":"https:\/\/navos.ch\/#organization","name":"Natur- und Vogelschutzverein Stetten \/ K\u00fcnten","url":"https:\/\/navos.ch\/","logo":{"@type":"ImageObject","inLanguage":"de","@id":"https:\/\/navos.ch\/#\/schema\/logo\/image\/","url":"https:\/\/i0.wp.com\/navos.ch\/wp-content\/uploads\/2023\/11\/cropped-cropped-cropped-cropped-LOGO-500X500-Web-Background.jpg?fit=511%2C432&ssl=1","contentUrl":"https:\/\/i0.wp.com\/navos.ch\/wp-content\/uploads\/2023\/11\/cropped-cropped-cropped-cropped-LOGO-500X500-Web-Background.jpg?fit=511%2C432&ssl=1","width":511,"height":432,"caption":"Natur- und Vogelschutzverein Stetten \/ K\u00fcnten"},"image":{"@id":"https:\/\/navos.ch\/#\/schema\/logo\/image\/"}}]}},"jetpack_likes_enabled":true,"jetpack_sharing_enabled":true,"jetpack_shortlink":"https:\/\/wp.me\/PeSOXa-5x","jetpack-related-posts":[{"id":169,"url":"https:\/\/navos.ch\/?page_id=169","url_meta":{"origin":343,"position":0},"title":"Chronik","author":"navos2020","date":"19. November 2023","format":false,"excerpt":"Was wir heute tun, entscheidet dar\u00fcber, wie die Welt morgen aussiehtMarie von Ebner-Eschenbach \u00a0 1937 Gr\u00fcndungs-Versammlung:\u00a030. Januar 1937 20.00 Uhr, Gasthaus Krone Stetten. Auf Initiative von Herrn Walter Fischer, Lehrer und Oskar Wettstein, Niederrohrdorf, wurde ein Gr\u00fcndungs-Referat \u00fcber Vogelschutz und Sch\u00e4dlingsbek\u00e4mpfung, mit Lichtbildern, abgehalten. Referent ist Herr Stirnemann, Aarau. Nach\u2026","rel":"","context":"\u00c4hnlicher Beitrag","block_context":{"text":"\u00c4hnlicher Beitrag","link":""},"img":{"alt_text":"","src":"","width":0,"height":0},"classes":[]},{"id":342,"url":"https:\/\/navos.ch\/?page_id=342","url_meta":{"origin":343,"position":1},"title":"Mitgliedschaft","author":"Sarah Wettstein","date":"24. Januar 2024","format":false,"excerpt":"Wir freuen uns \u00fcber... Stetterinnen und K\u00fcnter, \u00fcber K\u00fcnterinnen und Stetter, die zu einem lebendigen und zukunftsorientierten Umwelt- und Naturschutz um die Gemeinden Stetten und K\u00fcnten beitragen m\u00f6chten. Auch Interessierte aus umliegenden Gemeinden sind herzlich willkommen, im NAVOS mitzuwirken. Die Natur macht an den Gemeindegrenzen nicht Halt! helfende H\u00e4nde! M\u00f6chten\u2026","rel":"","context":"\u00c4hnlicher Beitrag","block_context":{"text":"\u00c4hnlicher Beitrag","link":""},"img":{"alt_text":"","src":"","width":0,"height":0},"classes":[]},{"id":7,"url":"https:\/\/navos.ch\/?page_id=7","url_meta":{"origin":343,"position":2},"title":"Galerie","author":"navos2020","date":"10. Januar 2021","format":false,"excerpt":"2025 Heckenpflege auf dem Honert in Stetten, 27. September 2025 Abschlussanlass Grundkurs Botanik, Sch\u00fctzenhaus T\u00e4gerig, Samstag, 21.6.2025 Winterexkursion an den Klingnauer Stausee am Sonntag, 5. Januar 2025 Fotos: Doris Wettstein 2024 Nistkastenreinigung in Stetten am Samstag, 19. Oktober 2024 Heckenpflege auf dem Honert in Stetten am Samstag, 21. September 2024\u2026","rel":"","context":"\u00c4hnlicher Beitrag","block_context":{"text":"\u00c4hnlicher Beitrag","link":""},"img":{"alt_text":"","src":"https:\/\/i0.wp.com\/navos.ch\/wp-content\/uploads\/2025\/10\/2025-09-27_Heckenpflege-Honert-Stetten_IMG_6062.jpg?resize=350%2C200&ssl=1","width":350,"height":200},"classes":[]},{"id":6,"url":"https:\/\/navos.ch\/","url_meta":{"origin":343,"position":3},"title":"NAVOS Stetten \/ K\u00fcnten","author":"navos2020","date":"24. Januar 2024","format":false,"excerpt":"Willkommen auf unserer Homepage Aus dem Verein Der Einf\u00fchrungskurs in die Botanik \/ Pflanzenkunde 2025 ist abgeschlossen. Wir empfehlen, bei BirdLife nach \u00e4hnlichen Kursen zu suchen. Wir werden einen weiteren Kurs wiederum ausschreiben. BirdLife Seit 100 Jahren engagiert sich BirdLife Schweiz f\u00fcr die Vielfalt der Natur. Als NAVOS sind wir\u2026","rel":"","context":"\u00c4hnlicher Beitrag","block_context":{"text":"\u00c4hnlicher Beitrag","link":""},"img":{"alt_text":"","src":"https:\/\/i0.wp.com\/navos.ch\/wp-content\/uploads\/2023\/11\/M7_MG_6673-scaled.jpg?resize=350%2C200&ssl=1","width":350,"height":200},"classes":[]},{"id":362,"url":"https:\/\/navos.ch\/?page_id=362","url_meta":{"origin":343,"position":4},"title":"Neophyten","author":"Sarah Wettstein","date":"19. November 2023","format":false,"excerpt":"Invasive gebietsfremde Pflanzen\u00a0sind nicht-einheimische Pflanzen, die aus fremden Gebieten (meist aus anderen Kontinenten), absichtlich oder unabsichtlich, eingef\u00fchrt wurden; die\u00a0sich bei uns in der Natur\u00a0etabliert haben\u00a0(Vermehrung in freier Natur)\u00a0und die sich\u00a0auf Kosten einheimischer Arten effizient ausbreiten. Auch in der\u00a0Schweiz\u00a0haben sich invasive Neophyten in den letzten Jahren als Gef\u00e4hrdung f\u00fcr die biologische\u2026","rel":"","context":"\u00c4hnlicher Beitrag","block_context":{"text":"\u00c4hnlicher Beitrag","link":""},"img":{"alt_text":"","src":"https:\/\/i0.wp.com\/navos.ch\/wp-content\/uploads\/2023\/04\/solidago-gigantea_konrad-lauber.jpg?resize=350%2C200&ssl=1","width":350,"height":200},"classes":[]},{"id":373,"url":"https:\/\/navos.ch\/?page_id=373","url_meta":{"origin":343,"position":5},"title":"Nistkastenreinigung","author":"Sarah Wettstein","date":"19. November 2023","format":false,"excerpt":"Jeden Herbst im Oktober und November finden die Nistkastenreinigungen in Stetten und K\u00fcnten statt. Mit Stange, Besen und Karte ausger\u00fcstet machen sich die Gruppen auf, alle Nistk\u00e4sten zu kontrollieren, reinigen und protokollieren. Besch\u00e4digte Nistk\u00e4sten werden mitgenommen und repariert. L\u00e4ngst werden nicht alle Nistk\u00e4sten von Meisen, Spatzen und Kleiber bewohnt, auch\u2026","rel":"","context":"\u00c4hnlicher Beitrag","block_context":{"text":"\u00c4hnlicher Beitrag","link":""},"img":{"alt_text":"","src":"https:\/\/i0.wp.com\/navos.ch\/wp-content\/uploads\/2023\/04\/141741.jpg?resize=350%2C200&ssl=1","width":350,"height":200},"classes":[]}],"_links":{"self":[{"href":"https:\/\/navos.ch\/index.php?rest_route=\/wp\/v2\/pages\/343","targetHints":{"allow":["GET"]}}],"collection":[{"href":"https:\/\/navos.ch\/index.php?rest_route=\/wp\/v2\/pages"}],"about":[{"href":"https:\/\/navos.ch\/index.php?rest_route=\/wp\/v2\/types\/page"}],"author":[{"embeddable":true,"href":"https:\/\/navos.ch\/index.php?rest_route=\/wp\/v2\/users\/229928507"}],"replies":[{"embeddable":true,"href":"https:\/\/navos.ch\/index.php?rest_route=%2Fwp%2Fv2%2Fcomments&post=343"}],"version-history":[{"count":4,"href":"https:\/\/navos.ch\/index.php?rest_route=\/wp\/v2\/pages\/343\/revisions"}],"predecessor-version":[{"id":2418,"href":"https:\/\/navos.ch\/index.php?rest_route=\/wp\/v2\/pages\/343\/revisions\/2418"}],"wp:attachment":[{"href":"https:\/\/navos.ch\/index.php?rest_route=%2Fwp%2Fv2%2Fmedia&parent=343"}],"curies":[{"name":"wp","href":"https:\/\/api.w.org\/{rel}","templated":true}]}}