{"id":353,"date":"2023-11-19T20:32:08","date_gmt":"2023-11-19T19:32:08","guid":{"rendered":"https:\/\/navos.ch\/?page_id=353"},"modified":"2023-11-19T20:32:08","modified_gmt":"2023-11-19T19:32:08","slug":"amphibienschutz","status":"publish","type":"page","link":"https:\/\/navos.ch\/?page_id=353","title":{"rendered":"Amphibienschutz"},"content":{"rendered":"\n<h2 class=\"wp-block-heading\">Strassensperre Stetten-Sulz<\/h2>\n\n\n\n<p class=\"has-helvetica-font-family has-custom-font\" style=\"font-family:Helvetica\">Jedes Jahr wandern die Amphibien zu Laichgew\u00e4sser, um sich fortzupflanzen. Auf ihren Wanderrouten m\u00fcssen sie dabei oft Strassen \u00fcberqueren, was t\u00f6dlich enden kann.<\/p>\n\n\n\n<p class=\"has-helvetica-font-family has-custom-font\" style=\"font-family:Helvetica\">Zum Schutz der wandernden Amphibien wird die Strasse Stetten-Sulz jedes Jahr bei Bedarf im Zeitraum von Mitte Februar bis Ende M\u00e4rz f\u00fcr sieben bis 14 Tage gesperrt, damit die Amphibien ihre Laichgew\u00e4sser unversehrt erreichen k\u00f6nnen. Ist die Witterung g\u00fcnstig und die Amphibien nachts unterwegs, wird die Strasse abends von 19 Uhr bis morgens um 5.30 Uhr gesperrt.<\/p>\n\n\n\n<h2 class=\"wp-block-heading\">Amphibienzaun<\/h2>\n\n\n\n<p class=\"has-helvetica-font-family has-custom-font\" style=\"font-family:Helvetica\">Sobald die Wanderung der Amphibien zu ihren Laichgew\u00e4ssern beginnt, stellt der Kanton an der K\u00fcnterstrasse zwischen Stetten und K\u00fcnten einen Amphibienzaun auf, damit die wandernden Tiere die gef\u00e4hrliche Kantonsstrasse nicht \u00fcberqueren k\u00f6nnen und stattdessen in Eimer fallen. Die Amphibien-Gruppe ist jede Nacht und fr\u00fch morgens unterwegs, um die in die Eimer gefallenen Amphibien \u00fcber die Strasse und zu den T\u00fcmpeln im Kieswerk Notter zu tragen. Pro Saison werden so 400 bis 800 Amphibien sicher \u00fcber die Strasse geleitet.<\/p>\n\n\n\n<p class=\"has-helvetica-font-family has-custom-font\" style=\"font-family:Helvetica\">Zu den wandernde Amphibien in Stetten geh\u00f6ren Grasfr\u00f6sche, Erdkr\u00f6ten sowie Berg- und Teichmolche.<\/p>\n\n\n\n<p>&nbsp;<\/p>\n\n\n\n<h2 class=\"wp-block-heading\">Mitmachen<\/h2>\n\n\n\n<p class=\"has-helvetica-font-family has-custom-font\" style=\"font-family:Helvetica\">Wer sich gerne aktiv f\u00fcr die Amphibien einsetzen m\u00f6chte, kann gerne beim n\u00e4chtlichen Eimer-Leeren und der Strassensperre mithelfen! Helfende H\u00e4nde sind willkommen!<\/p>\n\n\n\n<p class=\"has-helvetica-font-family has-custom-font\" style=\"font-family:Helvetica\">Doris H\u00e4ng\u00e4rtner koordiniert die Amphibien-Gruppe und freut sich auf Ihren Anruf: 056 496 55 73<\/p>\n","protected":false},"excerpt":{"rendered":"<p>Strassensperre Stetten-Sulz Jedes Jahr wandern die Amphibien zu Laichgew\u00e4sser, um sich fortzupflanzen. Auf ihren Wanderrouten m\u00fcssen sie dabei oft Strassen \u00fcberqueren, was t\u00f6dlich enden kann. Zum Schutz der wandernden Amphibien wird die Strasse Stetten-Sulz jedes Jahr bei Bedarf im Zeitraum von Mitte Februar bis Ende M\u00e4rz f\u00fcr sieben bis 14 Tage gesperrt, damit die Amphibien [&hellip;]<\/p>\n","protected":false},"author":229928507,"featured_media":0,"parent":0,"menu_order":0,"comment_status":"closed","ping_status":"closed","template":"","meta":{"_coblocks_attr":"Helvetica,Helvetica","_coblocks_dimensions":"","_coblocks_responsive_height":"","_coblocks_accordion_ie_support":"","footnotes":""},"class_list":["post-353","page","type-page","status-publish","hentry"],"yoast_head":"<!-- This site is optimized with the Yoast SEO plugin v20.8 - https:\/\/yoast.com\/wordpress\/plugins\/seo\/ -->\n<title>Amphibienschutz - Natur- und Vogelschutzverein Stetten \/ K\u00fcnten<\/title>\n<meta name=\"robots\" content=\"index, follow, max-snippet:-1, max-image-preview:large, max-video-preview:-1\" \/>\n<link rel=\"canonical\" href=\"https:\/\/navos.ch\/?page_id=353\" \/>\n<meta property=\"og:locale\" content=\"de_DE\" \/>\n<meta property=\"og:type\" content=\"article\" \/>\n<meta property=\"og:title\" content=\"Amphibienschutz - Natur- und Vogelschutzverein Stetten \/ K\u00fcnten\" \/>\n<meta property=\"og:description\" content=\"Strassensperre Stetten-Sulz Jedes Jahr wandern die Amphibien zu Laichgew\u00e4sser, um sich fortzupflanzen. Auf ihren Wanderrouten m\u00fcssen sie dabei oft Strassen \u00fcberqueren, was t\u00f6dlich enden kann. Zum Schutz der wandernden Amphibien wird die Strasse Stetten-Sulz jedes Jahr bei Bedarf im Zeitraum von Mitte Februar bis Ende M\u00e4rz f\u00fcr sieben bis 14 Tage gesperrt, damit die Amphibien [&hellip;]\" \/>\n<meta property=\"og:url\" content=\"https:\/\/navos.ch\/?page_id=353\" \/>\n<meta property=\"og:site_name\" content=\"Natur- und Vogelschutzverein Stetten \/ K\u00fcnten\" \/>\n<meta name=\"twitter:card\" content=\"summary_large_image\" \/>\n<meta name=\"twitter:label1\" content=\"Gesch\u00e4tzte Lesezeit\" \/>\n\t<meta name=\"twitter:data1\" content=\"1\u00a0Minute\" \/>\n<script type=\"application\/ld+json\" class=\"yoast-schema-graph\">{\"@context\":\"https:\/\/schema.org\",\"@graph\":[{\"@type\":\"WebPage\",\"@id\":\"https:\/\/navos.ch\/?page_id=353\",\"url\":\"https:\/\/navos.ch\/?page_id=353\",\"name\":\"Amphibienschutz - Natur- und Vogelschutzverein Stetten \/ K\u00fcnten\",\"isPartOf\":{\"@id\":\"https:\/\/navos.ch\/#website\"},\"datePublished\":\"2023-11-19T19:32:08+00:00\",\"dateModified\":\"2023-11-19T19:32:08+00:00\",\"breadcrumb\":{\"@id\":\"https:\/\/navos.ch\/?page_id=353#breadcrumb\"},\"inLanguage\":\"de\",\"potentialAction\":[{\"@type\":\"ReadAction\",\"target\":[\"https:\/\/navos.ch\/?page_id=353\"]}]},{\"@type\":\"BreadcrumbList\",\"@id\":\"https:\/\/navos.ch\/?page_id=353#breadcrumb\",\"itemListElement\":[{\"@type\":\"ListItem\",\"position\":1,\"name\":\"Startseite\",\"item\":\"https:\/\/navos.ch\/\"},{\"@type\":\"ListItem\",\"position\":2,\"name\":\"Amphibienschutz\"}]},{\"@type\":\"WebSite\",\"@id\":\"https:\/\/navos.ch\/#website\",\"url\":\"https:\/\/navos.ch\/\",\"name\":\"Natur- und Vogelschutzverein Stetten \/ K\u00fcnten\",\"description\":\"\",\"publisher\":{\"@id\":\"https:\/\/navos.ch\/#organization\"},\"potentialAction\":[{\"@type\":\"SearchAction\",\"target\":{\"@type\":\"EntryPoint\",\"urlTemplate\":\"https:\/\/navos.ch\/?s={search_term_string}\"},\"query-input\":\"required name=search_term_string\"}],\"inLanguage\":\"de\"},{\"@type\":\"Organization\",\"@id\":\"https:\/\/navos.ch\/#organization\",\"name\":\"Natur- und Vogelschutzverein Stetten \/ K\u00fcnten\",\"url\":\"https:\/\/navos.ch\/\",\"logo\":{\"@type\":\"ImageObject\",\"inLanguage\":\"de\",\"@id\":\"https:\/\/navos.ch\/#\/schema\/logo\/image\/\",\"url\":\"https:\/\/i0.wp.com\/navos.ch\/wp-content\/uploads\/2023\/11\/cropped-cropped-cropped-cropped-LOGO-500X500-Web-Background.jpg?fit=511%2C432&ssl=1\",\"contentUrl\":\"https:\/\/i0.wp.com\/navos.ch\/wp-content\/uploads\/2023\/11\/cropped-cropped-cropped-cropped-LOGO-500X500-Web-Background.jpg?fit=511%2C432&ssl=1\",\"width\":511,\"height\":432,\"caption\":\"Natur- und Vogelschutzverein Stetten \/ K\u00fcnten\"},\"image\":{\"@id\":\"https:\/\/navos.ch\/#\/schema\/logo\/image\/\"}}]}<\/script>\n<!-- \/ Yoast SEO plugin. -->","yoast_head_json":{"title":"Amphibienschutz - Natur- und Vogelschutzverein Stetten \/ K\u00fcnten","robots":{"index":"index","follow":"follow","max-snippet":"max-snippet:-1","max-image-preview":"max-image-preview:large","max-video-preview":"max-video-preview:-1"},"canonical":"https:\/\/navos.ch\/?page_id=353","og_locale":"de_DE","og_type":"article","og_title":"Amphibienschutz - Natur- und Vogelschutzverein Stetten \/ K\u00fcnten","og_description":"Strassensperre Stetten-Sulz Jedes Jahr wandern die Amphibien zu Laichgew\u00e4sser, um sich fortzupflanzen. Auf ihren Wanderrouten m\u00fcssen sie dabei oft Strassen \u00fcberqueren, was t\u00f6dlich enden kann. Zum Schutz der wandernden Amphibien wird die Strasse Stetten-Sulz jedes Jahr bei Bedarf im Zeitraum von Mitte Februar bis Ende M\u00e4rz f\u00fcr sieben bis 14 Tage gesperrt, damit die Amphibien [&hellip;]","og_url":"https:\/\/navos.ch\/?page_id=353","og_site_name":"Natur- und Vogelschutzverein Stetten \/ K\u00fcnten","twitter_card":"summary_large_image","twitter_misc":{"Gesch\u00e4tzte Lesezeit":"1\u00a0Minute"},"schema":{"@context":"https:\/\/schema.org","@graph":[{"@type":"WebPage","@id":"https:\/\/navos.ch\/?page_id=353","url":"https:\/\/navos.ch\/?page_id=353","name":"Amphibienschutz - Natur- und Vogelschutzverein Stetten \/ K\u00fcnten","isPartOf":{"@id":"https:\/\/navos.ch\/#website"},"datePublished":"2023-11-19T19:32:08+00:00","dateModified":"2023-11-19T19:32:08+00:00","breadcrumb":{"@id":"https:\/\/navos.ch\/?page_id=353#breadcrumb"},"inLanguage":"de","potentialAction":[{"@type":"ReadAction","target":["https:\/\/navos.ch\/?page_id=353"]}]},{"@type":"BreadcrumbList","@id":"https:\/\/navos.ch\/?page_id=353#breadcrumb","itemListElement":[{"@type":"ListItem","position":1,"name":"Startseite","item":"https:\/\/navos.ch\/"},{"@type":"ListItem","position":2,"name":"Amphibienschutz"}]},{"@type":"WebSite","@id":"https:\/\/navos.ch\/#website","url":"https:\/\/navos.ch\/","name":"Natur- und Vogelschutzverein Stetten \/ K\u00fcnten","description":"","publisher":{"@id":"https:\/\/navos.ch\/#organization"},"potentialAction":[{"@type":"SearchAction","target":{"@type":"EntryPoint","urlTemplate":"https:\/\/navos.ch\/?s={search_term_string}"},"query-input":"required name=search_term_string"}],"inLanguage":"de"},{"@type":"Organization","@id":"https:\/\/navos.ch\/#organization","name":"Natur- und Vogelschutzverein Stetten \/ K\u00fcnten","url":"https:\/\/navos.ch\/","logo":{"@type":"ImageObject","inLanguage":"de","@id":"https:\/\/navos.ch\/#\/schema\/logo\/image\/","url":"https:\/\/i0.wp.com\/navos.ch\/wp-content\/uploads\/2023\/11\/cropped-cropped-cropped-cropped-LOGO-500X500-Web-Background.jpg?fit=511%2C432&ssl=1","contentUrl":"https:\/\/i0.wp.com\/navos.ch\/wp-content\/uploads\/2023\/11\/cropped-cropped-cropped-cropped-LOGO-500X500-Web-Background.jpg?fit=511%2C432&ssl=1","width":511,"height":432,"caption":"Natur- und Vogelschutzverein Stetten \/ K\u00fcnten"},"image":{"@id":"https:\/\/navos.ch\/#\/schema\/logo\/image\/"}}]}},"jetpack_likes_enabled":true,"jetpack_sharing_enabled":true,"jetpack_shortlink":"https:\/\/wp.me\/PeSOXa-5H","jetpack-related-posts":[{"id":152,"url":"https:\/\/navos.ch\/?page_id=152","url_meta":{"origin":353,"position":0},"title":"Veranstaltungen","author":"navos2020","date":"19. November 2023","format":false,"excerpt":"Programm 2024 Jahresprogramm 2024 als PDF Foto: Stiftung Reusstal, Josef Fischer Februar\/M\u00e4rz 2024AmphibienschutzStrassensperrung zwischen Stetten und Sulz, Amphibienz\u00e4uneWer mitmachen m\u00f6chte, kann sich bei Doris H\u00e4ng\u00e4rtner melden! Sonntag, 28. April 2024MorgenexkursionSchule K\u00fcnten6.30 Uhr Foto: InfoFlora, Erwin J\u00f6rg Mai\/Juni 2024NeophytenArbeitseinsatz in Absprache mit den Gemeinden Stetten und K\u00fcnten Samstag, 8. Juni 2024SternwanderungGemeinsame\u2026","rel":"","context":"\u00c4hnlicher Beitrag","block_context":{"text":"\u00c4hnlicher Beitrag","link":""},"img":{"alt_text":"","src":"https:\/\/i0.wp.com\/navos.ch\/wp-content\/uploads\/2023\/04\/20_0321_erdkroeten_2_amphibienzaun-unterrueti_merenschwand.jpg?resize=350%2C200&ssl=1","width":350,"height":200},"classes":[]},{"id":169,"url":"https:\/\/navos.ch\/?page_id=169","url_meta":{"origin":353,"position":1},"title":"Chronik","author":"navos2020","date":"19. November 2023","format":false,"excerpt":"Was wir heute tun, entscheidet dar\u00fcber, wie die Welt morgen aussiehtMarie von Ebner-Eschenbach \u00a0 1937 Gr\u00fcndungs-Versammlung:\u00a030. Januar 1937 20.00 Uhr, Gasthaus Krone Stetten. Auf Initiative von Herrn Walter Fischer, Lehrer und Oskar Wettstein, Niederrohrdorf, wurde ein Gr\u00fcndungs-Referat \u00fcber Vogelschutz und Sch\u00e4dlingsbek\u00e4mpfung, mit Lichtbildern, abgehalten. Referent ist Herr Stirnemann, Aarau. Nach\u2026","rel":"","context":"\u00c4hnlicher Beitrag","block_context":{"text":"\u00c4hnlicher Beitrag","link":""},"img":{"alt_text":"","src":"","width":0,"height":0},"classes":[]},{"id":342,"url":"https:\/\/navos.ch\/?page_id=342","url_meta":{"origin":353,"position":2},"title":"Mitgliedschaft","author":"Sarah Wettstein","date":"24. Januar 2024","format":false,"excerpt":"Wir freuen uns \u00fcber... Stetterinnen und K\u00fcnter, \u00fcber K\u00fcnterinnen und Stetter, die zu einem lebendigen und zukunftsorientierten Umwelt- und Naturschutz um die Gemeinden Stetten und K\u00fcnten beitragen m\u00f6chten. Auch Interessierte aus umliegenden Gemeinden sind herzlich willkommen, im NAVOS mitzuwirken. Die Natur macht an den Gemeindegrenzen nicht Halt! helfende H\u00e4nde! M\u00f6chten\u2026","rel":"","context":"\u00c4hnlicher Beitrag","block_context":{"text":"\u00c4hnlicher Beitrag","link":""},"img":{"alt_text":"","src":"","width":0,"height":0},"classes":[]},{"id":340,"url":"https:\/\/navos.ch\/?page_id=340","url_meta":{"origin":353,"position":3},"title":"Vorstand","author":"Sarah Wettstein","date":"19. November 2023","format":false,"excerpt":"Jousten UlrichPr\u00e4sidentBuchslistrasse 4c5453 RemetschwilTel. 079 332 02 09E-Mail: Ulrich Jousten Gelle EstherAktuarinE-Mail: Esther Gelle Philippe EschmannKassier H\u00e4ng\u00e4rtner DorisAmphibienschutzE-Mail: Doris H\u00e4ng\u00e4rtner Waibel PieraKommunikation, PresseE-Mail: Piera Waibel Ren\u00e9 DainMaterial und Logistik Carmen Hediger Weitere Helferinnen und Helfer Vogler AloisEhren-Pr\u00e4sident, ExkursionsleiterE-Mail: Alois Vogler","rel":"","context":"\u00c4hnlicher Beitrag","block_context":{"text":"\u00c4hnlicher Beitrag","link":""},"img":{"alt_text":"","src":"","width":0,"height":0},"classes":[]},{"id":439,"url":"https:\/\/navos.ch\/?page_id=439","url_meta":{"origin":353,"position":4},"title":"Medienberichte","author":"Sarah Wettstein","date":"15. Januar 2023","format":false,"excerpt":"Der Reussbote - Sie tun, als w\u00e4ren sie tot und erhalten ihren Ring, 13.6.2025 2025-06-13_Reussbote_StorchenberingungHerunterladen Der Reussbote - Amphibientransport - voller Erfolg f\u00fcr Artenschutz, 6.6.2025 2025-06-06_Der Reussbote_Froschtransporte - voller Erfolg f\u00fcr ArtenschutzHerunterladen Der Reussbote - Pflegeaktion f\u00fcr Brutpl\u00e4tze Pflegeaktion f\u00fcr Brutpl\u00e4tzeHerunterladen Der Reussbote - Storchenberingung in Stetten am 11.6.2024 2024-06-14_Der\u2026","rel":"","context":"\u00c4hnlicher Beitrag","block_context":{"text":"\u00c4hnlicher Beitrag","link":""},"img":{"alt_text":"","src":"","width":0,"height":0},"classes":[]},{"id":7,"url":"https:\/\/navos.ch\/?page_id=7","url_meta":{"origin":353,"position":5},"title":"Galerie","author":"navos2020","date":"10. Januar 2021","format":false,"excerpt":"2025 Heckenpflege auf dem Honert in Stetten, 27. September 2025 Abschlussanlass Grundkurs Botanik, Sch\u00fctzenhaus T\u00e4gerig, Samstag, 21.6.2025 Winterexkursion an den Klingnauer Stausee am Sonntag, 5. Januar 2025 Fotos: Doris Wettstein 2024 Nistkastenreinigung in Stetten am Samstag, 19. Oktober 2024 Heckenpflege auf dem Honert in Stetten am Samstag, 21. September 2024\u2026","rel":"","context":"\u00c4hnlicher Beitrag","block_context":{"text":"\u00c4hnlicher Beitrag","link":""},"img":{"alt_text":"","src":"https:\/\/i0.wp.com\/navos.ch\/wp-content\/uploads\/2025\/10\/2025-09-27_Heckenpflege-Honert-Stetten_IMG_6062.jpg?resize=350%2C200&ssl=1","width":350,"height":200},"classes":[]}],"_links":{"self":[{"href":"https:\/\/navos.ch\/index.php?rest_route=\/wp\/v2\/pages\/353","targetHints":{"allow":["GET"]}}],"collection":[{"href":"https:\/\/navos.ch\/index.php?rest_route=\/wp\/v2\/pages"}],"about":[{"href":"https:\/\/navos.ch\/index.php?rest_route=\/wp\/v2\/types\/page"}],"author":[{"embeddable":true,"href":"https:\/\/navos.ch\/index.php?rest_route=\/wp\/v2\/users\/229928507"}],"replies":[{"embeddable":true,"href":"https:\/\/navos.ch\/index.php?rest_route=%2Fwp%2Fv2%2Fcomments&post=353"}],"version-history":[{"count":13,"href":"https:\/\/navos.ch\/index.php?rest_route=\/wp\/v2\/pages\/353\/revisions"}],"predecessor-version":[{"id":1378,"href":"https:\/\/navos.ch\/index.php?rest_route=\/wp\/v2\/pages\/353\/revisions\/1378"}],"wp:attachment":[{"href":"https:\/\/navos.ch\/index.php?rest_route=%2Fwp%2Fv2%2Fmedia&parent=353"}],"curies":[{"name":"wp","href":"https:\/\/api.w.org\/{rel}","templated":true}]}}