{"id":361,"date":"2023-11-19T21:34:59","date_gmt":"2023-11-19T20:34:59","guid":{"rendered":"https:\/\/navos.ch\/?page_id=361"},"modified":"2023-11-19T21:34:59","modified_gmt":"2023-11-19T20:34:59","slug":"storchenberingung","status":"publish","type":"page","link":"https:\/\/navos.ch\/?page_id=361","title":{"rendered":"Storchenberingung"},"content":{"rendered":"\n<p class=\"has-helvetica-font-family has-small-font-size has-custom-font\" style=\"font-family:Helvetica\">Seit vielen Jahren br\u00fctet jedes Jahr ein Strochen-Paar auf dem Hochkamin der Schnapsbrennerei Humbel.<\/p>\n\n\n\n<p class=\"has-helvetica-font-family has-small-font-size has-custom-font\" style=\"font-family:Helvetica\">Jeweils im Juni, noch bevor die Jungst\u00f6rche fl\u00fcgge sind, werden sie beringt. Gross und Klein sind eingeladen, bei diesem aussergew\u00f6hnlichen und speziellen Anlass dabei zu sein. Alois Vogler holte dabei jeweils einen Jungstorch vom Kamin, um ihn vor Publikum zu beringen. Waren es mehr als ein Jungstorch, wurden die anderen im Horst beringt.<\/p>\n\n\n\n<figure class=\"wp-block-image size-full\"><img loading=\"lazy\" decoding=\"async\" width=\"512\" height=\"768\" data-attachment-id=\"751\" data-permalink=\"https:\/\/navos.ch\/?attachment_id=751\" data-orig-file=\"https:\/\/i0.wp.com\/navos.ch\/wp-content\/uploads\/2023\/04\/aloisbeimberingen.jpg?fit=512%2C768&amp;ssl=1\" data-orig-size=\"512,768\" data-comments-opened=\"1\" data-image-meta=\"{&quot;aperture&quot;:&quot;0&quot;,&quot;credit&quot;:&quot;&quot;,&quot;camera&quot;:&quot;&quot;,&quot;caption&quot;:&quot;&quot;,&quot;created_timestamp&quot;:&quot;0&quot;,&quot;copyright&quot;:&quot;&quot;,&quot;focal_length&quot;:&quot;0&quot;,&quot;iso&quot;:&quot;0&quot;,&quot;shutter_speed&quot;:&quot;0&quot;,&quot;title&quot;:&quot;&quot;,&quot;orientation&quot;:&quot;0&quot;}\" data-image-title=\"aloisbeimberingen\" data-image-description=\"&lt;p&gt;Storchenberingung Stetten 4. Juni 2020&lt;\/p&gt;\n\" data-image-caption=\"\" data-medium-file=\"https:\/\/i0.wp.com\/navos.ch\/wp-content\/uploads\/2023\/04\/aloisbeimberingen.jpg?fit=200%2C300&amp;ssl=1\" data-large-file=\"https:\/\/i0.wp.com\/navos.ch\/wp-content\/uploads\/2023\/04\/aloisbeimberingen.jpg?fit=512%2C768&amp;ssl=1\" src=\"https:\/\/i0.wp.com\/navos.ch\/wp-content\/uploads\/2023\/04\/aloisbeimberingen.jpg?resize=512%2C768&#038;ssl=1\" alt=\"\" class=\"wp-image-751\" data-recalc-dims=\"1\"\/><\/figure>\n\n\n\n<p class=\"has-helvetica-font-family has-small-font-size has-custom-font\" style=\"font-family:Helvetica\">\u00dcber eine lange Zeitreihe hinweg ist dokumentiert, wie viele Jungst\u00f6rche auf dem Hochkamin von Humbels Schnappsbrennerei grossgezogen wurden. Mehr Informationen sind unter Storch Schweiz (www.storch-schweiz.ch) zu finden.<\/p>\n\n\n\n<figure class=\"wp-block-image size-full\"><img loading=\"lazy\" decoding=\"async\" width=\"580\" height=\"386\" data-attachment-id=\"764\" data-permalink=\"https:\/\/navos.ch\/?attachment_id=764\" data-orig-file=\"https:\/\/i0.wp.com\/navos.ch\/wp-content\/uploads\/2023\/04\/img_8917.jpg?fit=1024%2C682&amp;ssl=1\" data-orig-size=\"1024,682\" data-comments-opened=\"1\" data-image-meta=\"{&quot;aperture&quot;:&quot;0&quot;,&quot;credit&quot;:&quot;&quot;,&quot;camera&quot;:&quot;&quot;,&quot;caption&quot;:&quot;&quot;,&quot;created_timestamp&quot;:&quot;0&quot;,&quot;copyright&quot;:&quot;&quot;,&quot;focal_length&quot;:&quot;0&quot;,&quot;iso&quot;:&quot;0&quot;,&quot;shutter_speed&quot;:&quot;0&quot;,&quot;title&quot;:&quot;&quot;,&quot;orientation&quot;:&quot;0&quot;}\" data-image-title=\"img_8917\" data-image-description=\"&lt;p&gt;Storchenberingung Stetten 4. Juni 2020&lt;\/p&gt;\n\" data-image-caption=\"\" data-medium-file=\"https:\/\/i0.wp.com\/navos.ch\/wp-content\/uploads\/2023\/04\/img_8917.jpg?fit=300%2C200&amp;ssl=1\" data-large-file=\"https:\/\/i0.wp.com\/navos.ch\/wp-content\/uploads\/2023\/04\/img_8917.jpg?fit=580%2C386&amp;ssl=1\" src=\"https:\/\/i0.wp.com\/navos.ch\/wp-content\/uploads\/2023\/04\/img_8917.jpg?resize=580%2C386&#038;ssl=1\" alt=\"\" class=\"wp-image-764\" data-recalc-dims=\"1\"\/><\/figure>\n\n\n\n<p class=\"has-helvetica-font-family has-small-font-size has-custom-font\" style=\"font-family:Helvetica\">Im Jahr 2022 wurde im Stetterfeld eine zweite Plattform als Nisthilfe f\u00fcr St\u00f6rche errichtet. Nun hoffen wir auf ein zweites Storchen-Paar im 2023!<\/p>\n\n\n\n<p class=\"has-helvetica-font-family has-small-font-size has-custom-font\" style=\"font-family:Helvetica\"><strong>Geschichte<\/strong><br>Ohne Hochkamin g\u00e4be es in Stetten wahrscheinlich keine Storchenbruten. Der Hochkamin wurde im Jahre 1918 durch Max Senior und Verena Humbel erbaut. Er diente zum Betrieben eines grossen Dampfkessels. Der Dampf wurde w\u00e4hrend 20 Jahren mit Kohle erzeugt. Ab dem 2. Weltkrieg (1939) wurde der Ofen mit Holz und Tresterst\u00f6ckli (Abfallprodukt beim Brennen) befeuert. Die Umstellung auf Heiz\u00f6l geschah 1967.<br>Beim Neubau Ende der 90er Jahre entschied der Enkel Lorenz Humbel den Hochkamin stehen zu lassen und von Grund auf zu sanieren. 1999 wurde die Kamin\u00f6ffnung mit einem Inoxdeckel geschlossen.<br>Nach Anleitung von Frau Sengi von der Storchensiedlung Altreu liess Max Junior ein Wagenrad von 1,20 m Durchmesser montieren. Bereits im n\u00e4chsten Fr\u00fchling 2000 wurde die Horstunterlage von St\u00f6rchen angenommen.<\/p>\n","protected":false},"excerpt":{"rendered":"<p>Seit vielen Jahren br\u00fctet jedes Jahr ein Strochen-Paar auf dem Hochkamin der Schnapsbrennerei Humbel. Jeweils im Juni, noch bevor die Jungst\u00f6rche fl\u00fcgge sind, werden sie beringt. Gross und Klein sind eingeladen, bei diesem aussergew\u00f6hnlichen und speziellen Anlass dabei zu sein. Alois Vogler holte dabei jeweils einen Jungstorch vom Kamin, um ihn vor Publikum zu beringen. [&hellip;]<\/p>\n","protected":false},"author":229928507,"featured_media":0,"parent":0,"menu_order":0,"comment_status":"closed","ping_status":"closed","template":"","meta":{"_coblocks_attr":"Helvetica,Helvetica","_coblocks_dimensions":"","_coblocks_responsive_height":"","_coblocks_accordion_ie_support":"","footnotes":""},"class_list":["post-361","page","type-page","status-publish","hentry"],"yoast_head":"<!-- This site is optimized with the Yoast SEO plugin v20.8 - https:\/\/yoast.com\/wordpress\/plugins\/seo\/ -->\n<title>Storchenberingung - Natur- und Vogelschutzverein Stetten \/ K\u00fcnten<\/title>\n<meta name=\"robots\" content=\"index, follow, max-snippet:-1, max-image-preview:large, max-video-preview:-1\" \/>\n<link rel=\"canonical\" href=\"https:\/\/navos.ch\/?page_id=361\" \/>\n<meta property=\"og:locale\" content=\"de_DE\" \/>\n<meta property=\"og:type\" content=\"article\" \/>\n<meta property=\"og:title\" content=\"Storchenberingung - Natur- und Vogelschutzverein Stetten \/ K\u00fcnten\" \/>\n<meta property=\"og:description\" content=\"Seit vielen Jahren br\u00fctet jedes Jahr ein Strochen-Paar auf dem Hochkamin der Schnapsbrennerei Humbel. Jeweils im Juni, noch bevor die Jungst\u00f6rche fl\u00fcgge sind, werden sie beringt. Gross und Klein sind eingeladen, bei diesem aussergew\u00f6hnlichen und speziellen Anlass dabei zu sein. Alois Vogler holte dabei jeweils einen Jungstorch vom Kamin, um ihn vor Publikum zu beringen. [&hellip;]\" \/>\n<meta property=\"og:url\" content=\"https:\/\/navos.ch\/?page_id=361\" \/>\n<meta property=\"og:site_name\" content=\"Natur- und Vogelschutzverein Stetten \/ K\u00fcnten\" \/>\n<meta property=\"og:image\" content=\"https:\/\/navos.ch\/wp-content\/uploads\/2023\/04\/aloisbeimberingen.jpg\" \/>\n<meta name=\"twitter:card\" content=\"summary_large_image\" \/>\n<meta name=\"twitter:label1\" content=\"Gesch\u00e4tzte Lesezeit\" \/>\n\t<meta name=\"twitter:data1\" content=\"1\u00a0Minute\" \/>\n<script type=\"application\/ld+json\" class=\"yoast-schema-graph\">{\"@context\":\"https:\/\/schema.org\",\"@graph\":[{\"@type\":\"WebPage\",\"@id\":\"https:\/\/navos.ch\/?page_id=361\",\"url\":\"https:\/\/navos.ch\/?page_id=361\",\"name\":\"Storchenberingung - Natur- und Vogelschutzverein Stetten \/ K\u00fcnten\",\"isPartOf\":{\"@id\":\"https:\/\/navos.ch\/#website\"},\"datePublished\":\"2023-11-19T20:34:59+00:00\",\"dateModified\":\"2023-11-19T20:34:59+00:00\",\"breadcrumb\":{\"@id\":\"https:\/\/navos.ch\/?page_id=361#breadcrumb\"},\"inLanguage\":\"de\",\"potentialAction\":[{\"@type\":\"ReadAction\",\"target\":[\"https:\/\/navos.ch\/?page_id=361\"]}]},{\"@type\":\"BreadcrumbList\",\"@id\":\"https:\/\/navos.ch\/?page_id=361#breadcrumb\",\"itemListElement\":[{\"@type\":\"ListItem\",\"position\":1,\"name\":\"Startseite\",\"item\":\"https:\/\/navos.ch\/\"},{\"@type\":\"ListItem\",\"position\":2,\"name\":\"Storchenberingung\"}]},{\"@type\":\"WebSite\",\"@id\":\"https:\/\/navos.ch\/#website\",\"url\":\"https:\/\/navos.ch\/\",\"name\":\"Natur- und Vogelschutzverein Stetten \/ K\u00fcnten\",\"description\":\"\",\"publisher\":{\"@id\":\"https:\/\/navos.ch\/#organization\"},\"potentialAction\":[{\"@type\":\"SearchAction\",\"target\":{\"@type\":\"EntryPoint\",\"urlTemplate\":\"https:\/\/navos.ch\/?s={search_term_string}\"},\"query-input\":\"required name=search_term_string\"}],\"inLanguage\":\"de\"},{\"@type\":\"Organization\",\"@id\":\"https:\/\/navos.ch\/#organization\",\"name\":\"Natur- und Vogelschutzverein Stetten \/ K\u00fcnten\",\"url\":\"https:\/\/navos.ch\/\",\"logo\":{\"@type\":\"ImageObject\",\"inLanguage\":\"de\",\"@id\":\"https:\/\/navos.ch\/#\/schema\/logo\/image\/\",\"url\":\"https:\/\/i0.wp.com\/navos.ch\/wp-content\/uploads\/2023\/11\/cropped-cropped-cropped-cropped-LOGO-500X500-Web-Background.jpg?fit=511%2C432&ssl=1\",\"contentUrl\":\"https:\/\/i0.wp.com\/navos.ch\/wp-content\/uploads\/2023\/11\/cropped-cropped-cropped-cropped-LOGO-500X500-Web-Background.jpg?fit=511%2C432&ssl=1\",\"width\":511,\"height\":432,\"caption\":\"Natur- und Vogelschutzverein Stetten \/ K\u00fcnten\"},\"image\":{\"@id\":\"https:\/\/navos.ch\/#\/schema\/logo\/image\/\"}}]}<\/script>\n<!-- \/ Yoast SEO plugin. -->","yoast_head_json":{"title":"Storchenberingung - Natur- und Vogelschutzverein Stetten \/ K\u00fcnten","robots":{"index":"index","follow":"follow","max-snippet":"max-snippet:-1","max-image-preview":"max-image-preview:large","max-video-preview":"max-video-preview:-1"},"canonical":"https:\/\/navos.ch\/?page_id=361","og_locale":"de_DE","og_type":"article","og_title":"Storchenberingung - Natur- und Vogelschutzverein Stetten \/ K\u00fcnten","og_description":"Seit vielen Jahren br\u00fctet jedes Jahr ein Strochen-Paar auf dem Hochkamin der Schnapsbrennerei Humbel. Jeweils im Juni, noch bevor die Jungst\u00f6rche fl\u00fcgge sind, werden sie beringt. Gross und Klein sind eingeladen, bei diesem aussergew\u00f6hnlichen und speziellen Anlass dabei zu sein. Alois Vogler holte dabei jeweils einen Jungstorch vom Kamin, um ihn vor Publikum zu beringen. [&hellip;]","og_url":"https:\/\/navos.ch\/?page_id=361","og_site_name":"Natur- und Vogelschutzverein Stetten \/ K\u00fcnten","og_image":[{"url":"https:\/\/navos.ch\/wp-content\/uploads\/2023\/04\/aloisbeimberingen.jpg"}],"twitter_card":"summary_large_image","twitter_misc":{"Gesch\u00e4tzte Lesezeit":"1\u00a0Minute"},"schema":{"@context":"https:\/\/schema.org","@graph":[{"@type":"WebPage","@id":"https:\/\/navos.ch\/?page_id=361","url":"https:\/\/navos.ch\/?page_id=361","name":"Storchenberingung - Natur- und Vogelschutzverein Stetten \/ K\u00fcnten","isPartOf":{"@id":"https:\/\/navos.ch\/#website"},"datePublished":"2023-11-19T20:34:59+00:00","dateModified":"2023-11-19T20:34:59+00:00","breadcrumb":{"@id":"https:\/\/navos.ch\/?page_id=361#breadcrumb"},"inLanguage":"de","potentialAction":[{"@type":"ReadAction","target":["https:\/\/navos.ch\/?page_id=361"]}]},{"@type":"BreadcrumbList","@id":"https:\/\/navos.ch\/?page_id=361#breadcrumb","itemListElement":[{"@type":"ListItem","position":1,"name":"Startseite","item":"https:\/\/navos.ch\/"},{"@type":"ListItem","position":2,"name":"Storchenberingung"}]},{"@type":"WebSite","@id":"https:\/\/navos.ch\/#website","url":"https:\/\/navos.ch\/","name":"Natur- und Vogelschutzverein Stetten \/ K\u00fcnten","description":"","publisher":{"@id":"https:\/\/navos.ch\/#organization"},"potentialAction":[{"@type":"SearchAction","target":{"@type":"EntryPoint","urlTemplate":"https:\/\/navos.ch\/?s={search_term_string}"},"query-input":"required name=search_term_string"}],"inLanguage":"de"},{"@type":"Organization","@id":"https:\/\/navos.ch\/#organization","name":"Natur- und Vogelschutzverein Stetten \/ K\u00fcnten","url":"https:\/\/navos.ch\/","logo":{"@type":"ImageObject","inLanguage":"de","@id":"https:\/\/navos.ch\/#\/schema\/logo\/image\/","url":"https:\/\/i0.wp.com\/navos.ch\/wp-content\/uploads\/2023\/11\/cropped-cropped-cropped-cropped-LOGO-500X500-Web-Background.jpg?fit=511%2C432&ssl=1","contentUrl":"https:\/\/i0.wp.com\/navos.ch\/wp-content\/uploads\/2023\/11\/cropped-cropped-cropped-cropped-LOGO-500X500-Web-Background.jpg?fit=511%2C432&ssl=1","width":511,"height":432,"caption":"Natur- und Vogelschutzverein Stetten \/ K\u00fcnten"},"image":{"@id":"https:\/\/navos.ch\/#\/schema\/logo\/image\/"}}]}},"jetpack_likes_enabled":true,"jetpack_sharing_enabled":true,"jetpack_shortlink":"https:\/\/wp.me\/PeSOXa-5P","jetpack-related-posts":[{"id":169,"url":"https:\/\/navos.ch\/?page_id=169","url_meta":{"origin":361,"position":0},"title":"Chronik","author":"navos2020","date":"19. November 2023","format":false,"excerpt":"Was wir heute tun, entscheidet dar\u00fcber, wie die Welt morgen aussiehtMarie von Ebner-Eschenbach \u00a0 1937 Gr\u00fcndungs-Versammlung:\u00a030. Januar 1937 20.00 Uhr, Gasthaus Krone Stetten. Auf Initiative von Herrn Walter Fischer, Lehrer und Oskar Wettstein, Niederrohrdorf, wurde ein Gr\u00fcndungs-Referat \u00fcber Vogelschutz und Sch\u00e4dlingsbek\u00e4mpfung, mit Lichtbildern, abgehalten. Referent ist Herr Stirnemann, Aarau. Nach\u2026","rel":"","context":"\u00c4hnlicher Beitrag","block_context":{"text":"\u00c4hnlicher Beitrag","link":""},"img":{"alt_text":"","src":"","width":0,"height":0},"classes":[]},{"id":439,"url":"https:\/\/navos.ch\/?page_id=439","url_meta":{"origin":361,"position":1},"title":"Medienberichte","author":"Sarah Wettstein","date":"15. Januar 2023","format":false,"excerpt":"Der Reussbote - Sie tun, als w\u00e4ren sie tot und erhalten ihren Ring, 13.6.2025 2025-06-13_Reussbote_StorchenberingungHerunterladen Der Reussbote - Amphibientransport - voller Erfolg f\u00fcr Artenschutz, 6.6.2025 2025-06-06_Der Reussbote_Froschtransporte - voller Erfolg f\u00fcr ArtenschutzHerunterladen Der Reussbote - Pflegeaktion f\u00fcr Brutpl\u00e4tze Pflegeaktion f\u00fcr Brutpl\u00e4tzeHerunterladen Der Reussbote - Storchenberingung in Stetten am 11.6.2024 2024-06-14_Der\u2026","rel":"","context":"\u00c4hnlicher Beitrag","block_context":{"text":"\u00c4hnlicher Beitrag","link":""},"img":{"alt_text":"","src":"","width":0,"height":0},"classes":[]},{"id":6,"url":"https:\/\/navos.ch\/","url_meta":{"origin":361,"position":2},"title":"NAVOS Stetten \/ K\u00fcnten","author":"navos2020","date":"24. Januar 2024","format":false,"excerpt":"Willkommen auf unserer Homepage Aus dem Verein Der Einf\u00fchrungskurs in die Botanik \/ Pflanzenkunde 2025 ist abgeschlossen. Wir empfehlen, bei BirdLife nach \u00e4hnlichen Kursen zu suchen. Wir werden einen weiteren Kurs wiederum ausschreiben. BirdLife Seit 100 Jahren engagiert sich BirdLife Schweiz f\u00fcr die Vielfalt der Natur. Als NAVOS sind wir\u2026","rel":"","context":"\u00c4hnlicher Beitrag","block_context":{"text":"\u00c4hnlicher Beitrag","link":""},"img":{"alt_text":"","src":"https:\/\/i0.wp.com\/navos.ch\/wp-content\/uploads\/2023\/11\/M7_MG_6673-scaled.jpg?resize=350%2C200&ssl=1","width":350,"height":200},"classes":[]},{"id":373,"url":"https:\/\/navos.ch\/?page_id=373","url_meta":{"origin":361,"position":3},"title":"Nistkastenreinigung","author":"Sarah Wettstein","date":"19. November 2023","format":false,"excerpt":"Jeden Herbst im Oktober und November finden die Nistkastenreinigungen in Stetten und K\u00fcnten statt. Mit Stange, Besen und Karte ausger\u00fcstet machen sich die Gruppen auf, alle Nistk\u00e4sten zu kontrollieren, reinigen und protokollieren. Besch\u00e4digte Nistk\u00e4sten werden mitgenommen und repariert. L\u00e4ngst werden nicht alle Nistk\u00e4sten von Meisen, Spatzen und Kleiber bewohnt, auch\u2026","rel":"","context":"\u00c4hnlicher Beitrag","block_context":{"text":"\u00c4hnlicher Beitrag","link":""},"img":{"alt_text":"","src":"https:\/\/i0.wp.com\/navos.ch\/wp-content\/uploads\/2023\/04\/141741.jpg?resize=350%2C200&ssl=1","width":350,"height":200},"classes":[]},{"id":9,"url":"https:\/\/navos.ch\/?page_id=9","url_meta":{"origin":361,"position":4},"title":"Portr\u00e4t","author":"navos2020","date":"19. November 2023","format":false,"excerpt":"Ach wie du ausholst, Vogel,nach deinem Herzen. \u00a0 \u00a0 \u00a0 Wer darfhoffen, dass Innresso entspr\u00e4nge aus ihmRainer Maria Rilke, Fr\u00fchling 1912, Duino Der Natur- und Vogelschutzverein wurde am 30. Januar 1937 auf Initiative von Lehrer Walter Fischer Stetten und Oskar Wettstein aus Niederrohrdorf gegr\u00fcndet. Die Aufgabe und das Ziel des\u2026","rel":"","context":"\u00c4hnlicher Beitrag","block_context":{"text":"\u00c4hnlicher Beitrag","link":""},"img":{"alt_text":"","src":"","width":0,"height":0},"classes":[]},{"id":7,"url":"https:\/\/navos.ch\/?page_id=7","url_meta":{"origin":361,"position":5},"title":"Galerie","author":"navos2020","date":"10. Januar 2021","format":false,"excerpt":"2025 Heckenpflege auf dem Honert in Stetten, 27. September 2025 Abschlussanlass Grundkurs Botanik, Sch\u00fctzenhaus T\u00e4gerig, Samstag, 21.6.2025 Winterexkursion an den Klingnauer Stausee am Sonntag, 5. Januar 2025 Fotos: Doris Wettstein 2024 Nistkastenreinigung in Stetten am Samstag, 19. Oktober 2024 Heckenpflege auf dem Honert in Stetten am Samstag, 21. September 2024\u2026","rel":"","context":"\u00c4hnlicher Beitrag","block_context":{"text":"\u00c4hnlicher Beitrag","link":""},"img":{"alt_text":"","src":"https:\/\/i0.wp.com\/navos.ch\/wp-content\/uploads\/2025\/10\/2025-09-27_Heckenpflege-Honert-Stetten_IMG_6062.jpg?resize=350%2C200&ssl=1","width":350,"height":200},"classes":[]}],"_links":{"self":[{"href":"https:\/\/navos.ch\/index.php?rest_route=\/wp\/v2\/pages\/361","targetHints":{"allow":["GET"]}}],"collection":[{"href":"https:\/\/navos.ch\/index.php?rest_route=\/wp\/v2\/pages"}],"about":[{"href":"https:\/\/navos.ch\/index.php?rest_route=\/wp\/v2\/types\/page"}],"author":[{"embeddable":true,"href":"https:\/\/navos.ch\/index.php?rest_route=\/wp\/v2\/users\/229928507"}],"replies":[{"embeddable":true,"href":"https:\/\/navos.ch\/index.php?rest_route=%2Fwp%2Fv2%2Fcomments&post=361"}],"version-history":[{"count":11,"href":"https:\/\/navos.ch\/index.php?rest_route=\/wp\/v2\/pages\/361\/revisions"}],"predecessor-version":[{"id":1410,"href":"https:\/\/navos.ch\/index.php?rest_route=\/wp\/v2\/pages\/361\/revisions\/1410"}],"wp:attachment":[{"href":"https:\/\/navos.ch\/index.php?rest_route=%2Fwp%2Fv2%2Fmedia&parent=361"}],"curies":[{"name":"wp","href":"https:\/\/api.w.org\/{rel}","templated":true}]}}