{"id":362,"date":"2023-11-19T20:46:45","date_gmt":"2023-11-19T19:46:45","guid":{"rendered":"https:\/\/navos.ch\/?page_id=362"},"modified":"2023-11-19T20:46:45","modified_gmt":"2023-11-19T19:46:45","slug":"neophyten","status":"publish","type":"page","link":"https:\/\/navos.ch\/?page_id=362","title":{"rendered":"Neophyten"},"content":{"rendered":"\n<p class=\"has-helvetica-font-family has-custom-font\" style=\"font-family:Helvetica\">Invasive gebietsfremde Pflanzen&nbsp;sind nicht-einheimische Pflanzen, die aus fremden Gebieten (meist aus anderen Kontinenten), absichtlich oder unabsichtlich, eingef\u00fchrt wurden; die&nbsp;sich bei uns in der Natur&nbsp;<strong>etabliert haben<\/strong>&nbsp;(Vermehrung in freier Natur)&nbsp;und die sich&nbsp;<strong>auf Kosten einheimischer Arten effizient ausbreiten<\/strong>. Auch in der&nbsp;<strong>Schweiz<\/strong>&nbsp;haben sich invasive Neophyten in den letzten Jahren als Gef\u00e4hrdung f\u00fcr die biologische Vielfalt best\u00e4tigt. [Quelle: InfoFlora, 2023]<\/p>\n\n\n\n<p class=\"has-helvetica-font-family has-custom-font\" style=\"font-family:Helvetica\">Jedes Jahr im Juni finden in den Gemeinden Stetten und K\u00fcnten Eins\u00e4tze zur Entfernung der h\u00e4ufigsten und invasivsten Neophyten statt. <\/p>\n\n\n\n<p class=\"has-helvetica-font-family has-custom-font\" style=\"font-family:Helvetica\">Alle sind herzlich eingeladen, zur Entfernung der Neophyten beizutragen. Im Sommer 2023 stellte das Forstrevier Reusstal grosse S\u00e4cke im Wald und neben Wiesen auf. Die Bev\u00f6lkerung ist aufgerufen, unterwegs, auf einem Spaziergang oder nebenbei gesichtete Neophyten auszureissen und in den bereit gestellten S\u00e4cken zu entsorgen. Vielen Dank f\u00fcr Ihre tatkr\u00e4ftige Unterst\u00fctzung!<\/p>\n\n\n\n<p class=\"has-helvetica-font-family has-custom-font\" style=\"font-family:Helvetica\">In den Gemeinden Stetten und K\u00fcnten etablierten sich folgende Neophyten:<\/p>\n\n\n\n<div class=\"wp-block-columns is-layout-flex wp-container-core-columns-is-layout-9d6595d7 wp-block-columns-is-layout-flex\">\n<div class=\"wp-block-column is-layout-flow wp-block-column-is-layout-flow\">\n<p class=\"has-helvetica-font-family has-custom-font\" style=\"font-family:Helvetica\"><br>Einj\u00e4hriges Berufkraut <br>(<em>Erigeron annuus<\/em>)<\/p>\n<\/div>\n\n\n\n<div class=\"wp-block-column is-layout-flow wp-block-column-is-layout-flow\">\n<figure class=\"wp-block-image size-large\"><img loading=\"lazy\" decoding=\"async\" width=\"533\" height=\"800\" data-attachment-id=\"1065\" data-permalink=\"https:\/\/navos.ch\/?attachment_id=1065\" data-orig-file=\"https:\/\/i0.wp.com\/navos.ch\/wp-content\/uploads\/2023\/04\/erigeron-annuus_michael-jutzi.jpg?fit=533%2C800&amp;ssl=1\" data-orig-size=\"533,800\" data-comments-opened=\"1\" data-image-meta=\"{&quot;aperture&quot;:&quot;0&quot;,&quot;credit&quot;:&quot;&quot;,&quot;camera&quot;:&quot;&quot;,&quot;caption&quot;:&quot;&quot;,&quot;created_timestamp&quot;:&quot;0&quot;,&quot;copyright&quot;:&quot;&quot;,&quot;focal_length&quot;:&quot;0&quot;,&quot;iso&quot;:&quot;0&quot;,&quot;shutter_speed&quot;:&quot;0&quot;,&quot;title&quot;:&quot;&quot;,&quot;orientation&quot;:&quot;1&quot;}\" data-image-title=\"erigeron-annuus_michael-jutzi\" data-image-description=\"\" data-image-caption=\"\" data-medium-file=\"https:\/\/i0.wp.com\/navos.ch\/wp-content\/uploads\/2023\/04\/erigeron-annuus_michael-jutzi.jpg?fit=200%2C300&amp;ssl=1\" data-large-file=\"https:\/\/i0.wp.com\/navos.ch\/wp-content\/uploads\/2023\/04\/erigeron-annuus_michael-jutzi.jpg?fit=533%2C800&amp;ssl=1\" src=\"https:\/\/i0.wp.com\/navos.ch\/wp-content\/uploads\/2023\/04\/erigeron-annuus_michael-jutzi.jpg?resize=533%2C800&#038;ssl=1\" alt=\"\" class=\"wp-image-1065\" data-recalc-dims=\"1\"\/><figcaption class=\"wp-element-caption\">Foto: Michael Jutzi<\/figcaption><\/figure>\n<\/div>\n<\/div>\n\n\n\n<div class=\"wp-block-columns is-layout-flex wp-container-core-columns-is-layout-9d6595d7 wp-block-columns-is-layout-flex\">\n<div class=\"wp-block-column is-layout-flow wp-block-column-is-layout-flow\">\n<p class=\"has-helvetica-font-family has-custom-font\" style=\"font-family:Helvetica\"><br>Dr\u00fcsiges Springkraut <br>(<em>Impatiens glandulifera<\/em>)<\/p>\n<\/div>\n\n\n\n<div class=\"wp-block-column is-layout-flow wp-block-column-is-layout-flow\">\n<figure class=\"wp-block-image size-large\"><img loading=\"lazy\" decoding=\"async\" width=\"447\" height=\"600\" data-attachment-id=\"1066\" data-permalink=\"https:\/\/navos.ch\/?attachment_id=1066\" data-orig-file=\"https:\/\/i0.wp.com\/navos.ch\/wp-content\/uploads\/2023\/04\/impatiens-glandulifera_erwin-joerg.jpg?fit=447%2C600&amp;ssl=1\" data-orig-size=\"447,600\" data-comments-opened=\"1\" data-image-meta=\"{&quot;aperture&quot;:&quot;0&quot;,&quot;credit&quot;:&quot;&quot;,&quot;camera&quot;:&quot;&quot;,&quot;caption&quot;:&quot;&quot;,&quot;created_timestamp&quot;:&quot;0&quot;,&quot;copyright&quot;:&quot;&quot;,&quot;focal_length&quot;:&quot;0&quot;,&quot;iso&quot;:&quot;0&quot;,&quot;shutter_speed&quot;:&quot;0&quot;,&quot;title&quot;:&quot;&quot;,&quot;orientation&quot;:&quot;1&quot;}\" data-image-title=\"impatiens-glandulifera_erwin-joerg\" data-image-description=\"\" data-image-caption=\"\" data-medium-file=\"https:\/\/i0.wp.com\/navos.ch\/wp-content\/uploads\/2023\/04\/impatiens-glandulifera_erwin-joerg.jpg?fit=224%2C300&amp;ssl=1\" data-large-file=\"https:\/\/i0.wp.com\/navos.ch\/wp-content\/uploads\/2023\/04\/impatiens-glandulifera_erwin-joerg.jpg?fit=447%2C600&amp;ssl=1\" src=\"https:\/\/i0.wp.com\/navos.ch\/wp-content\/uploads\/2023\/04\/impatiens-glandulifera_erwin-joerg.jpg?resize=447%2C600&#038;ssl=1\" alt=\"\" class=\"wp-image-1066\" data-recalc-dims=\"1\"\/><figcaption class=\"wp-element-caption\">Foto: Erwin J\u00f6rg<\/figcaption><\/figure>\n<\/div>\n<\/div>\n\n\n\n<div class=\"wp-block-columns is-layout-flex wp-container-core-columns-is-layout-9d6595d7 wp-block-columns-is-layout-flex\">\n<div class=\"wp-block-column is-layout-flow wp-block-column-is-layout-flow\">\n<p class=\"has-helvetica-font-family has-custom-font\" style=\"font-family:Helvetica\"><br>Sp\u00e4tbl\u00fchende Goldrute <br>(<em>Solidago gigantea<\/em>)<\/p>\n<\/div>\n\n\n\n<div class=\"wp-block-column is-layout-flow wp-block-column-is-layout-flow\">\n<figure class=\"wp-block-image size-large is-resized\"><img loading=\"lazy\" decoding=\"async\" data-attachment-id=\"1067\" data-permalink=\"https:\/\/navos.ch\/?attachment_id=1067\" data-orig-file=\"https:\/\/i0.wp.com\/navos.ch\/wp-content\/uploads\/2023\/04\/solidago-gigantea_konrad-lauber.jpg?fit=400%2C600&amp;ssl=1\" data-orig-size=\"400,600\" data-comments-opened=\"1\" data-image-meta=\"{&quot;aperture&quot;:&quot;0&quot;,&quot;credit&quot;:&quot;&quot;,&quot;camera&quot;:&quot;&quot;,&quot;caption&quot;:&quot;&quot;,&quot;created_timestamp&quot;:&quot;0&quot;,&quot;copyright&quot;:&quot;&quot;,&quot;focal_length&quot;:&quot;0&quot;,&quot;iso&quot;:&quot;0&quot;,&quot;shutter_speed&quot;:&quot;0&quot;,&quot;title&quot;:&quot;&quot;,&quot;orientation&quot;:&quot;1&quot;}\" data-image-title=\"solidago-gigantea_konrad-lauber\" data-image-description=\"\" data-image-caption=\"\" data-medium-file=\"https:\/\/i0.wp.com\/navos.ch\/wp-content\/uploads\/2023\/04\/solidago-gigantea_konrad-lauber.jpg?fit=200%2C300&amp;ssl=1\" data-large-file=\"https:\/\/i0.wp.com\/navos.ch\/wp-content\/uploads\/2023\/04\/solidago-gigantea_konrad-lauber.jpg?fit=400%2C600&amp;ssl=1\" src=\"https:\/\/i0.wp.com\/navos.ch\/wp-content\/uploads\/2023\/04\/solidago-gigantea_konrad-lauber.jpg?resize=284%2C426&#038;ssl=1\" alt=\"\" class=\"wp-image-1067\" width=\"284\" height=\"426\" data-recalc-dims=\"1\" \/><figcaption class=\"wp-element-caption\">Foto: Konrad Lauber<\/figcaption><\/figure>\n<\/div>\n<\/div>\n\n\n\n<div class=\"wp-block-columns is-layout-flex wp-container-core-columns-is-layout-9d6595d7 wp-block-columns-is-layout-flex\">\n<div class=\"wp-block-column is-layout-flow wp-block-column-is-layout-flow\">\n<p class=\"has-helvetica-font-family has-custom-font\" style=\"font-family:Helvetica\"><br>Kanadische Goldrute <br>(<em>Solidago canadensis<\/em>)<\/p>\n<\/div>\n\n\n\n<div class=\"wp-block-column is-layout-flow wp-block-column-is-layout-flow\">\n<figure class=\"wp-block-image size-large\"><img loading=\"lazy\" decoding=\"async\" width=\"400\" height=\"600\" data-attachment-id=\"1069\" data-permalink=\"https:\/\/navos.ch\/?attachment_id=1069\" data-orig-file=\"https:\/\/i0.wp.com\/navos.ch\/wp-content\/uploads\/2023\/04\/solidago-canadensis_konrad-lauber.jpg?fit=400%2C600&amp;ssl=1\" data-orig-size=\"400,600\" data-comments-opened=\"1\" data-image-meta=\"{&quot;aperture&quot;:&quot;0&quot;,&quot;credit&quot;:&quot;&quot;,&quot;camera&quot;:&quot;&quot;,&quot;caption&quot;:&quot;&quot;,&quot;created_timestamp&quot;:&quot;0&quot;,&quot;copyright&quot;:&quot;&quot;,&quot;focal_length&quot;:&quot;0&quot;,&quot;iso&quot;:&quot;0&quot;,&quot;shutter_speed&quot;:&quot;0&quot;,&quot;title&quot;:&quot;&quot;,&quot;orientation&quot;:&quot;1&quot;}\" data-image-title=\"solidago-canadensis_konrad-lauber\" data-image-description=\"\" data-image-caption=\"\" data-medium-file=\"https:\/\/i0.wp.com\/navos.ch\/wp-content\/uploads\/2023\/04\/solidago-canadensis_konrad-lauber.jpg?fit=200%2C300&amp;ssl=1\" data-large-file=\"https:\/\/i0.wp.com\/navos.ch\/wp-content\/uploads\/2023\/04\/solidago-canadensis_konrad-lauber.jpg?fit=400%2C600&amp;ssl=1\" src=\"https:\/\/i0.wp.com\/navos.ch\/wp-content\/uploads\/2023\/04\/solidago-canadensis_konrad-lauber.jpg?resize=400%2C600&#038;ssl=1\" alt=\"\" class=\"wp-image-1069\" data-recalc-dims=\"1\"\/><figcaption class=\"wp-element-caption\">Foto: Konrad Lauber<\/figcaption><\/figure>\n<\/div>\n<\/div>\n\n\n\n<div class=\"wp-block-columns is-layout-flex wp-container-core-columns-is-layout-9d6595d7 wp-block-columns-is-layout-flex\">\n<div class=\"wp-block-column is-layout-flow wp-block-column-is-layout-flow\">\n<p class=\"has-helvetica-font-family has-custom-font\" style=\"font-family:Helvetica\"><br>Japankn\u00f6terich <br>(<em>Reynoutria japonica<\/em>)<\/p>\n<\/div>\n\n\n\n<div class=\"wp-block-column is-layout-flow wp-block-column-is-layout-flow\">\n<figure class=\"wp-block-image size-large\"><img loading=\"lazy\" decoding=\"async\" width=\"400\" height=\"600\" data-attachment-id=\"1070\" data-permalink=\"https:\/\/navos.ch\/?attachment_id=1070\" data-orig-file=\"https:\/\/i0.wp.com\/navos.ch\/wp-content\/uploads\/2023\/04\/reynoutira-japonica_konrad-lauber.jpg?fit=400%2C600&amp;ssl=1\" data-orig-size=\"400,600\" data-comments-opened=\"1\" data-image-meta=\"{&quot;aperture&quot;:&quot;0&quot;,&quot;credit&quot;:&quot;&quot;,&quot;camera&quot;:&quot;&quot;,&quot;caption&quot;:&quot;&quot;,&quot;created_timestamp&quot;:&quot;0&quot;,&quot;copyright&quot;:&quot;&quot;,&quot;focal_length&quot;:&quot;0&quot;,&quot;iso&quot;:&quot;0&quot;,&quot;shutter_speed&quot;:&quot;0&quot;,&quot;title&quot;:&quot;&quot;,&quot;orientation&quot;:&quot;1&quot;}\" data-image-title=\"reynoutira-japonica_konrad-lauber\" data-image-description=\"\" data-image-caption=\"\" data-medium-file=\"https:\/\/i0.wp.com\/navos.ch\/wp-content\/uploads\/2023\/04\/reynoutira-japonica_konrad-lauber.jpg?fit=200%2C300&amp;ssl=1\" data-large-file=\"https:\/\/i0.wp.com\/navos.ch\/wp-content\/uploads\/2023\/04\/reynoutira-japonica_konrad-lauber.jpg?fit=400%2C600&amp;ssl=1\" src=\"https:\/\/i0.wp.com\/navos.ch\/wp-content\/uploads\/2023\/04\/reynoutira-japonica_konrad-lauber.jpg?resize=400%2C600&#038;ssl=1\" alt=\"\" class=\"wp-image-1070\" data-recalc-dims=\"1\"\/><figcaption class=\"wp-element-caption\">Foto: Konrad Lauber<\/figcaption><\/figure>\n<\/div>\n<\/div>\n\n\n\n<p class=\"has-helvetica-font-family has-custom-font\" style=\"font-family:Helvetica\">Umfassende Informationen zu Neophyten sind auf der Website von <a href=\"https:\/\/www.infoflora.ch\/de\/neophyten\">InfoFlora<\/a> zu finden.<\/p>\n\n\n\n<p><\/p>\n","protected":false},"excerpt":{"rendered":"<p>Invasive gebietsfremde Pflanzen&nbsp;sind nicht-einheimische Pflanzen, die aus fremden Gebieten (meist aus anderen Kontinenten), absichtlich oder unabsichtlich, eingef\u00fchrt wurden; die&nbsp;sich bei uns in der Natur&nbsp;etabliert haben&nbsp;(Vermehrung in freier Natur)&nbsp;und die sich&nbsp;auf Kosten einheimischer Arten effizient ausbreiten. Auch in der&nbsp;Schweiz&nbsp;haben sich invasive Neophyten in den letzten Jahren als Gef\u00e4hrdung f\u00fcr die biologische Vielfalt best\u00e4tigt. [Quelle: InfoFlora, 2023] [&hellip;]<\/p>\n","protected":false},"author":229928507,"featured_media":0,"parent":0,"menu_order":0,"comment_status":"closed","ping_status":"closed","template":"","meta":{"_coblocks_attr":"Helvetica,Helvetica","_coblocks_dimensions":"","_coblocks_responsive_height":"","_coblocks_accordion_ie_support":"","footnotes":""},"class_list":["post-362","page","type-page","status-publish","hentry"],"yoast_head":"<!-- This site is optimized with the Yoast SEO plugin v20.8 - https:\/\/yoast.com\/wordpress\/plugins\/seo\/ -->\n<title>Neophyten - Natur- und Vogelschutzverein Stetten \/ K\u00fcnten<\/title>\n<meta name=\"robots\" content=\"index, follow, max-snippet:-1, max-image-preview:large, max-video-preview:-1\" \/>\n<link rel=\"canonical\" href=\"https:\/\/navos.ch\/?page_id=362\" \/>\n<meta property=\"og:locale\" content=\"de_DE\" \/>\n<meta property=\"og:type\" content=\"article\" \/>\n<meta property=\"og:title\" content=\"Neophyten - Natur- und Vogelschutzverein Stetten \/ K\u00fcnten\" \/>\n<meta property=\"og:description\" content=\"Invasive gebietsfremde Pflanzen&nbsp;sind nicht-einheimische Pflanzen, die aus fremden Gebieten (meist aus anderen Kontinenten), absichtlich oder unabsichtlich, eingef\u00fchrt wurden; die&nbsp;sich bei uns in der Natur&nbsp;etabliert haben&nbsp;(Vermehrung in freier Natur)&nbsp;und die sich&nbsp;auf Kosten einheimischer Arten effizient ausbreiten. Auch in der&nbsp;Schweiz&nbsp;haben sich invasive Neophyten in den letzten Jahren als Gef\u00e4hrdung f\u00fcr die biologische Vielfalt best\u00e4tigt. [Quelle: InfoFlora, 2023] [&hellip;]\" \/>\n<meta property=\"og:url\" content=\"https:\/\/navos.ch\/?page_id=362\" \/>\n<meta property=\"og:site_name\" content=\"Natur- und Vogelschutzverein Stetten \/ K\u00fcnten\" \/>\n<meta property=\"og:image\" content=\"https:\/\/navos.ch\/wp-content\/uploads\/2023\/04\/erigeron-annuus_michael-jutzi.jpg?w=533\" \/>\n<meta name=\"twitter:card\" content=\"summary_large_image\" \/>\n<meta name=\"twitter:label1\" content=\"Gesch\u00e4tzte Lesezeit\" \/>\n\t<meta name=\"twitter:data1\" content=\"1\u00a0Minute\" \/>\n<script type=\"application\/ld+json\" class=\"yoast-schema-graph\">{\"@context\":\"https:\/\/schema.org\",\"@graph\":[{\"@type\":\"WebPage\",\"@id\":\"https:\/\/navos.ch\/?page_id=362\",\"url\":\"https:\/\/navos.ch\/?page_id=362\",\"name\":\"Neophyten - Natur- und Vogelschutzverein Stetten \/ K\u00fcnten\",\"isPartOf\":{\"@id\":\"https:\/\/navos.ch\/#website\"},\"datePublished\":\"2023-11-19T19:46:45+00:00\",\"dateModified\":\"2023-11-19T19:46:45+00:00\",\"breadcrumb\":{\"@id\":\"https:\/\/navos.ch\/?page_id=362#breadcrumb\"},\"inLanguage\":\"de\",\"potentialAction\":[{\"@type\":\"ReadAction\",\"target\":[\"https:\/\/navos.ch\/?page_id=362\"]}]},{\"@type\":\"BreadcrumbList\",\"@id\":\"https:\/\/navos.ch\/?page_id=362#breadcrumb\",\"itemListElement\":[{\"@type\":\"ListItem\",\"position\":1,\"name\":\"Startseite\",\"item\":\"https:\/\/navos.ch\/\"},{\"@type\":\"ListItem\",\"position\":2,\"name\":\"Neophyten\"}]},{\"@type\":\"WebSite\",\"@id\":\"https:\/\/navos.ch\/#website\",\"url\":\"https:\/\/navos.ch\/\",\"name\":\"Natur- und Vogelschutzverein Stetten \/ K\u00fcnten\",\"description\":\"\",\"publisher\":{\"@id\":\"https:\/\/navos.ch\/#organization\"},\"potentialAction\":[{\"@type\":\"SearchAction\",\"target\":{\"@type\":\"EntryPoint\",\"urlTemplate\":\"https:\/\/navos.ch\/?s={search_term_string}\"},\"query-input\":\"required name=search_term_string\"}],\"inLanguage\":\"de\"},{\"@type\":\"Organization\",\"@id\":\"https:\/\/navos.ch\/#organization\",\"name\":\"Natur- und Vogelschutzverein Stetten \/ K\u00fcnten\",\"url\":\"https:\/\/navos.ch\/\",\"logo\":{\"@type\":\"ImageObject\",\"inLanguage\":\"de\",\"@id\":\"https:\/\/navos.ch\/#\/schema\/logo\/image\/\",\"url\":\"https:\/\/i0.wp.com\/navos.ch\/wp-content\/uploads\/2023\/11\/cropped-cropped-cropped-cropped-LOGO-500X500-Web-Background.jpg?fit=511%2C432&ssl=1\",\"contentUrl\":\"https:\/\/i0.wp.com\/navos.ch\/wp-content\/uploads\/2023\/11\/cropped-cropped-cropped-cropped-LOGO-500X500-Web-Background.jpg?fit=511%2C432&ssl=1\",\"width\":511,\"height\":432,\"caption\":\"Natur- und Vogelschutzverein Stetten \/ K\u00fcnten\"},\"image\":{\"@id\":\"https:\/\/navos.ch\/#\/schema\/logo\/image\/\"}}]}<\/script>\n<!-- \/ Yoast SEO plugin. -->","yoast_head_json":{"title":"Neophyten - Natur- und Vogelschutzverein Stetten \/ K\u00fcnten","robots":{"index":"index","follow":"follow","max-snippet":"max-snippet:-1","max-image-preview":"max-image-preview:large","max-video-preview":"max-video-preview:-1"},"canonical":"https:\/\/navos.ch\/?page_id=362","og_locale":"de_DE","og_type":"article","og_title":"Neophyten - Natur- und Vogelschutzverein Stetten \/ K\u00fcnten","og_description":"Invasive gebietsfremde Pflanzen&nbsp;sind nicht-einheimische Pflanzen, die aus fremden Gebieten (meist aus anderen Kontinenten), absichtlich oder unabsichtlich, eingef\u00fchrt wurden; die&nbsp;sich bei uns in der Natur&nbsp;etabliert haben&nbsp;(Vermehrung in freier Natur)&nbsp;und die sich&nbsp;auf Kosten einheimischer Arten effizient ausbreiten. Auch in der&nbsp;Schweiz&nbsp;haben sich invasive Neophyten in den letzten Jahren als Gef\u00e4hrdung f\u00fcr die biologische Vielfalt best\u00e4tigt. [Quelle: InfoFlora, 2023] [&hellip;]","og_url":"https:\/\/navos.ch\/?page_id=362","og_site_name":"Natur- und Vogelschutzverein Stetten \/ K\u00fcnten","og_image":[{"url":"https:\/\/navos.ch\/wp-content\/uploads\/2023\/04\/erigeron-annuus_michael-jutzi.jpg?w=533"}],"twitter_card":"summary_large_image","twitter_misc":{"Gesch\u00e4tzte Lesezeit":"1\u00a0Minute"},"schema":{"@context":"https:\/\/schema.org","@graph":[{"@type":"WebPage","@id":"https:\/\/navos.ch\/?page_id=362","url":"https:\/\/navos.ch\/?page_id=362","name":"Neophyten - Natur- und Vogelschutzverein Stetten \/ K\u00fcnten","isPartOf":{"@id":"https:\/\/navos.ch\/#website"},"datePublished":"2023-11-19T19:46:45+00:00","dateModified":"2023-11-19T19:46:45+00:00","breadcrumb":{"@id":"https:\/\/navos.ch\/?page_id=362#breadcrumb"},"inLanguage":"de","potentialAction":[{"@type":"ReadAction","target":["https:\/\/navos.ch\/?page_id=362"]}]},{"@type":"BreadcrumbList","@id":"https:\/\/navos.ch\/?page_id=362#breadcrumb","itemListElement":[{"@type":"ListItem","position":1,"name":"Startseite","item":"https:\/\/navos.ch\/"},{"@type":"ListItem","position":2,"name":"Neophyten"}]},{"@type":"WebSite","@id":"https:\/\/navos.ch\/#website","url":"https:\/\/navos.ch\/","name":"Natur- und Vogelschutzverein Stetten \/ K\u00fcnten","description":"","publisher":{"@id":"https:\/\/navos.ch\/#organization"},"potentialAction":[{"@type":"SearchAction","target":{"@type":"EntryPoint","urlTemplate":"https:\/\/navos.ch\/?s={search_term_string}"},"query-input":"required name=search_term_string"}],"inLanguage":"de"},{"@type":"Organization","@id":"https:\/\/navos.ch\/#organization","name":"Natur- und Vogelschutzverein Stetten \/ K\u00fcnten","url":"https:\/\/navos.ch\/","logo":{"@type":"ImageObject","inLanguage":"de","@id":"https:\/\/navos.ch\/#\/schema\/logo\/image\/","url":"https:\/\/i0.wp.com\/navos.ch\/wp-content\/uploads\/2023\/11\/cropped-cropped-cropped-cropped-LOGO-500X500-Web-Background.jpg?fit=511%2C432&ssl=1","contentUrl":"https:\/\/i0.wp.com\/navos.ch\/wp-content\/uploads\/2023\/11\/cropped-cropped-cropped-cropped-LOGO-500X500-Web-Background.jpg?fit=511%2C432&ssl=1","width":511,"height":432,"caption":"Natur- und Vogelschutzverein Stetten \/ K\u00fcnten"},"image":{"@id":"https:\/\/navos.ch\/#\/schema\/logo\/image\/"}}]}},"jetpack_likes_enabled":true,"jetpack_sharing_enabled":true,"jetpack_shortlink":"https:\/\/wp.me\/PeSOXa-5Q","jetpack-related-posts":[{"id":342,"url":"https:\/\/navos.ch\/?page_id=342","url_meta":{"origin":362,"position":0},"title":"Mitgliedschaft","author":"Sarah Wettstein","date":"24. Januar 2024","format":false,"excerpt":"Wir freuen uns \u00fcber... Stetterinnen und K\u00fcnter, \u00fcber K\u00fcnterinnen und Stetter, die zu einem lebendigen und zukunftsorientierten Umwelt- und Naturschutz um die Gemeinden Stetten und K\u00fcnten beitragen m\u00f6chten. Auch Interessierte aus umliegenden Gemeinden sind herzlich willkommen, im NAVOS mitzuwirken. Die Natur macht an den Gemeindegrenzen nicht Halt! helfende H\u00e4nde! M\u00f6chten\u2026","rel":"","context":"\u00c4hnlicher Beitrag","block_context":{"text":"\u00c4hnlicher Beitrag","link":""},"img":{"alt_text":"","src":"","width":0,"height":0},"classes":[]},{"id":152,"url":"https:\/\/navos.ch\/?page_id=152","url_meta":{"origin":362,"position":1},"title":"Veranstaltungen","author":"navos2020","date":"19. November 2023","format":false,"excerpt":"Programm 2024 Jahresprogramm 2024 als PDF Foto: Stiftung Reusstal, Josef Fischer Februar\/M\u00e4rz 2024AmphibienschutzStrassensperrung zwischen Stetten und Sulz, Amphibienz\u00e4uneWer mitmachen m\u00f6chte, kann sich bei Doris H\u00e4ng\u00e4rtner melden! Sonntag, 28. April 2024MorgenexkursionSchule K\u00fcnten6.30 Uhr Foto: InfoFlora, Erwin J\u00f6rg Mai\/Juni 2024NeophytenArbeitseinsatz in Absprache mit den Gemeinden Stetten und K\u00fcnten Samstag, 8. Juni 2024SternwanderungGemeinsame\u2026","rel":"","context":"\u00c4hnlicher Beitrag","block_context":{"text":"\u00c4hnlicher Beitrag","link":""},"img":{"alt_text":"","src":"https:\/\/i0.wp.com\/navos.ch\/wp-content\/uploads\/2023\/04\/20_0321_erdkroeten_2_amphibienzaun-unterrueti_merenschwand.jpg?resize=350%2C200&ssl=1","width":350,"height":200},"classes":[]},{"id":2266,"url":"https:\/\/navos.ch\/?page_id=2266","url_meta":{"origin":362,"position":2},"title":"Botanische Kurse","author":"Sarah Wettstein","date":"8. Oktober 2024","format":false,"excerpt":"Erfolgreicher Abschluss des Botanikkurses 2025 Die Natur- und Vogelschutzvereine Fislisbach, Mellingen, Niederrohrdorf, Rohrdorferberg, Stetten-K\u00fcnten und T\u00e4gerig organisierten gemeinsam einen Grundkurs in Botanik, welcher von 31 Personen besucht wurde. Die Kursleiterinnen Helen Merki, Erika Schmocker, Rachel Preisig und Sarah Wettstein f\u00fchrten w\u00e4hrend eines Theorieabends und f\u00fcnf Exkursionen in die wichtigsten Grundlagen\u2026","rel":"","context":"\u00c4hnlicher Beitrag","block_context":{"text":"\u00c4hnlicher Beitrag","link":""},"img":{"alt_text":"","src":"https:\/\/i0.wp.com\/navos.ch\/wp-content\/uploads\/2024\/10\/Logos-von-allen-Traegervereinen.jpg?resize=350%2C200&ssl=1","width":350,"height":200},"classes":[]},{"id":9,"url":"https:\/\/navos.ch\/?page_id=9","url_meta":{"origin":362,"position":3},"title":"Portr\u00e4t","author":"navos2020","date":"19. November 2023","format":false,"excerpt":"Ach wie du ausholst, Vogel,nach deinem Herzen. \u00a0 \u00a0 \u00a0 Wer darfhoffen, dass Innresso entspr\u00e4nge aus ihmRainer Maria Rilke, Fr\u00fchling 1912, Duino Der Natur- und Vogelschutzverein wurde am 30. Januar 1937 auf Initiative von Lehrer Walter Fischer Stetten und Oskar Wettstein aus Niederrohrdorf gegr\u00fcndet. Die Aufgabe und das Ziel des\u2026","rel":"","context":"\u00c4hnlicher Beitrag","block_context":{"text":"\u00c4hnlicher Beitrag","link":""},"img":{"alt_text":"","src":"","width":0,"height":0},"classes":[]},{"id":6,"url":"https:\/\/navos.ch\/","url_meta":{"origin":362,"position":4},"title":"NAVOS Stetten \/ K\u00fcnten","author":"navos2020","date":"24. Januar 2024","format":false,"excerpt":"Willkommen auf unserer Homepage Aus dem Verein Der Einf\u00fchrungskurs in die Botanik \/ Pflanzenkunde 2025 ist abgeschlossen. Wir empfehlen, bei BirdLife nach \u00e4hnlichen Kursen zu suchen. Wir werden einen weiteren Kurs wiederum ausschreiben. BirdLife Seit 100 Jahren engagiert sich BirdLife Schweiz f\u00fcr die Vielfalt der Natur. Als NAVOS sind wir\u2026","rel":"","context":"\u00c4hnlicher Beitrag","block_context":{"text":"\u00c4hnlicher Beitrag","link":""},"img":{"alt_text":"","src":"https:\/\/i0.wp.com\/navos.ch\/wp-content\/uploads\/2026\/05\/Fotos-Ausschreibung-Klimaspaziergang-Mellingen.png?resize=350%2C200&ssl=1","width":350,"height":200},"classes":[]},{"id":357,"url":"https:\/\/navos.ch\/?page_id=357","url_meta":{"origin":362,"position":5},"title":"Heckenpflege Honert","author":"Sarah Wettstein","date":"8. Januar 2023","format":false,"excerpt":"Das Gebiet \"Honert\" geh\u00f6rt zu den sch\u00f6nsten und \u00f6kologisch wertvollsten Gebieten in Stetten. Es beherbergt neben den grossen Hecken auch eine Magerwiese mit Orchideen und vielen Kleinstrukturen wie Ast- und Steinhaufen. Entsprechend hoch ist die Biodiversit\u00e4t im Honert. Einmal j\u00e4hrlich im Herbst wird ein Teil der Hecken mit freiwilligen Helfer:innen\u2026","rel":"","context":"\u00c4hnlicher Beitrag","block_context":{"text":"\u00c4hnlicher Beitrag","link":""},"img":{"alt_text":"","src":"https:\/\/i0.wp.com\/navos.ch\/wp-content\/uploads\/2023\/02\/karte-heckenpflege-honert_2023-02-07.jpg?resize=350%2C200&ssl=1","width":350,"height":200},"classes":[]}],"_links":{"self":[{"href":"https:\/\/navos.ch\/index.php?rest_route=\/wp\/v2\/pages\/362","targetHints":{"allow":["GET"]}}],"collection":[{"href":"https:\/\/navos.ch\/index.php?rest_route=\/wp\/v2\/pages"}],"about":[{"href":"https:\/\/navos.ch\/index.php?rest_route=\/wp\/v2\/types\/page"}],"author":[{"embeddable":true,"href":"https:\/\/navos.ch\/index.php?rest_route=\/wp\/v2\/users\/229928507"}],"replies":[{"embeddable":true,"href":"https:\/\/navos.ch\/index.php?rest_route=%2Fwp%2Fv2%2Fcomments&post=362"}],"version-history":[{"count":15,"href":"https:\/\/navos.ch\/index.php?rest_route=\/wp\/v2\/pages\/362\/revisions"}],"predecessor-version":[{"id":1388,"href":"https:\/\/navos.ch\/index.php?rest_route=\/wp\/v2\/pages\/362\/revisions\/1388"}],"wp:attachment":[{"href":"https:\/\/navos.ch\/index.php?rest_route=%2Fwp%2Fv2%2Fmedia&parent=362"}],"curies":[{"name":"wp","href":"https:\/\/api.w.org\/{rel}","templated":true}]}}