{"id":377,"date":"2023-01-08T11:52:34","date_gmt":"2023-01-08T10:52:34","guid":{"rendered":"https:\/\/navos.ch\/?page_id=377"},"modified":"2023-01-08T11:52:34","modified_gmt":"2023-01-08T10:52:34","slug":"sponsoren","status":"publish","type":"page","link":"https:\/\/navos.ch\/?page_id=377","title":{"rendered":"Sponsoren"},"content":{"rendered":"","protected":false},"excerpt":{"rendered":"","protected":false},"author":229928507,"featured_media":0,"parent":0,"menu_order":0,"comment_status":"closed","ping_status":"closed","template":"","meta":{"_coblocks_attr":"","_coblocks_dimensions":"","_coblocks_responsive_height":"","_coblocks_accordion_ie_support":"","footnotes":""},"class_list":["post-377","page","type-page","status-publish","hentry"],"yoast_head":"<!-- This site is optimized with the Yoast SEO plugin v20.8 - https:\/\/yoast.com\/wordpress\/plugins\/seo\/ -->\n<title>Sponsoren - Natur- und Vogelschutzverein Stetten \/ K\u00fcnten<\/title>\n<meta name=\"robots\" content=\"index, follow, max-snippet:-1, max-image-preview:large, max-video-preview:-1\" \/>\n<link rel=\"canonical\" href=\"https:\/\/navos.ch\/?page_id=377\" \/>\n<meta property=\"og:locale\" content=\"de_DE\" \/>\n<meta property=\"og:type\" content=\"article\" \/>\n<meta property=\"og:title\" content=\"Sponsoren - Natur- und Vogelschutzverein Stetten \/ K\u00fcnten\" \/>\n<meta property=\"og:url\" content=\"https:\/\/navos.ch\/?page_id=377\" \/>\n<meta property=\"og:site_name\" content=\"Natur- und Vogelschutzverein Stetten \/ K\u00fcnten\" \/>\n<meta name=\"twitter:card\" content=\"summary_large_image\" \/>\n<script type=\"application\/ld+json\" class=\"yoast-schema-graph\">{\"@context\":\"https:\/\/schema.org\",\"@graph\":[{\"@type\":\"WebPage\",\"@id\":\"https:\/\/navos.ch\/?page_id=377\",\"url\":\"https:\/\/navos.ch\/?page_id=377\",\"name\":\"Sponsoren - Natur- und Vogelschutzverein Stetten \/ K\u00fcnten\",\"isPartOf\":{\"@id\":\"https:\/\/navos.ch\/#website\"},\"datePublished\":\"2023-01-08T10:52:34+00:00\",\"dateModified\":\"2023-01-08T10:52:34+00:00\",\"breadcrumb\":{\"@id\":\"https:\/\/navos.ch\/?page_id=377#breadcrumb\"},\"inLanguage\":\"de\",\"potentialAction\":[{\"@type\":\"ReadAction\",\"target\":[\"https:\/\/navos.ch\/?page_id=377\"]}]},{\"@type\":\"BreadcrumbList\",\"@id\":\"https:\/\/navos.ch\/?page_id=377#breadcrumb\",\"itemListElement\":[{\"@type\":\"ListItem\",\"position\":1,\"name\":\"Startseite\",\"item\":\"https:\/\/navos.ch\/\"},{\"@type\":\"ListItem\",\"position\":2,\"name\":\"Sponsoren\"}]},{\"@type\":\"WebSite\",\"@id\":\"https:\/\/navos.ch\/#website\",\"url\":\"https:\/\/navos.ch\/\",\"name\":\"Natur- und Vogelschutzverein Stetten \/ K\u00fcnten\",\"description\":\"\",\"publisher\":{\"@id\":\"https:\/\/navos.ch\/#organization\"},\"potentialAction\":[{\"@type\":\"SearchAction\",\"target\":{\"@type\":\"EntryPoint\",\"urlTemplate\":\"https:\/\/navos.ch\/?s={search_term_string}\"},\"query-input\":\"required name=search_term_string\"}],\"inLanguage\":\"de\"},{\"@type\":\"Organization\",\"@id\":\"https:\/\/navos.ch\/#organization\",\"name\":\"Natur- und Vogelschutzverein Stetten \/ K\u00fcnten\",\"url\":\"https:\/\/navos.ch\/\",\"logo\":{\"@type\":\"ImageObject\",\"inLanguage\":\"de\",\"@id\":\"https:\/\/navos.ch\/#\/schema\/logo\/image\/\",\"url\":\"https:\/\/i0.wp.com\/navos.ch\/wp-content\/uploads\/2023\/11\/cropped-cropped-cropped-cropped-LOGO-500X500-Web-Background.jpg?fit=511%2C432&ssl=1\",\"contentUrl\":\"https:\/\/i0.wp.com\/navos.ch\/wp-content\/uploads\/2023\/11\/cropped-cropped-cropped-cropped-LOGO-500X500-Web-Background.jpg?fit=511%2C432&ssl=1\",\"width\":511,\"height\":432,\"caption\":\"Natur- und Vogelschutzverein Stetten \/ K\u00fcnten\"},\"image\":{\"@id\":\"https:\/\/navos.ch\/#\/schema\/logo\/image\/\"}}]}<\/script>\n<!-- \/ Yoast SEO plugin. -->","yoast_head_json":{"title":"Sponsoren - Natur- und Vogelschutzverein Stetten \/ K\u00fcnten","robots":{"index":"index","follow":"follow","max-snippet":"max-snippet:-1","max-image-preview":"max-image-preview:large","max-video-preview":"max-video-preview:-1"},"canonical":"https:\/\/navos.ch\/?page_id=377","og_locale":"de_DE","og_type":"article","og_title":"Sponsoren - Natur- und Vogelschutzverein Stetten \/ K\u00fcnten","og_url":"https:\/\/navos.ch\/?page_id=377","og_site_name":"Natur- und Vogelschutzverein Stetten \/ K\u00fcnten","twitter_card":"summary_large_image","schema":{"@context":"https:\/\/schema.org","@graph":[{"@type":"WebPage","@id":"https:\/\/navos.ch\/?page_id=377","url":"https:\/\/navos.ch\/?page_id=377","name":"Sponsoren - Natur- und Vogelschutzverein Stetten \/ K\u00fcnten","isPartOf":{"@id":"https:\/\/navos.ch\/#website"},"datePublished":"2023-01-08T10:52:34+00:00","dateModified":"2023-01-08T10:52:34+00:00","breadcrumb":{"@id":"https:\/\/navos.ch\/?page_id=377#breadcrumb"},"inLanguage":"de","potentialAction":[{"@type":"ReadAction","target":["https:\/\/navos.ch\/?page_id=377"]}]},{"@type":"BreadcrumbList","@id":"https:\/\/navos.ch\/?page_id=377#breadcrumb","itemListElement":[{"@type":"ListItem","position":1,"name":"Startseite","item":"https:\/\/navos.ch\/"},{"@type":"ListItem","position":2,"name":"Sponsoren"}]},{"@type":"WebSite","@id":"https:\/\/navos.ch\/#website","url":"https:\/\/navos.ch\/","name":"Natur- und Vogelschutzverein Stetten \/ K\u00fcnten","description":"","publisher":{"@id":"https:\/\/navos.ch\/#organization"},"potentialAction":[{"@type":"SearchAction","target":{"@type":"EntryPoint","urlTemplate":"https:\/\/navos.ch\/?s={search_term_string}"},"query-input":"required name=search_term_string"}],"inLanguage":"de"},{"@type":"Organization","@id":"https:\/\/navos.ch\/#organization","name":"Natur- und Vogelschutzverein Stetten \/ K\u00fcnten","url":"https:\/\/navos.ch\/","logo":{"@type":"ImageObject","inLanguage":"de","@id":"https:\/\/navos.ch\/#\/schema\/logo\/image\/","url":"https:\/\/i0.wp.com\/navos.ch\/wp-content\/uploads\/2023\/11\/cropped-cropped-cropped-cropped-LOGO-500X500-Web-Background.jpg?fit=511%2C432&ssl=1","contentUrl":"https:\/\/i0.wp.com\/navos.ch\/wp-content\/uploads\/2023\/11\/cropped-cropped-cropped-cropped-LOGO-500X500-Web-Background.jpg?fit=511%2C432&ssl=1","width":511,"height":432,"caption":"Natur- und Vogelschutzverein Stetten \/ K\u00fcnten"},"image":{"@id":"https:\/\/navos.ch\/#\/schema\/logo\/image\/"}}]}},"jetpack_likes_enabled":true,"jetpack_sharing_enabled":true,"jetpack_shortlink":"https:\/\/wp.me\/PeSOXa-65","jetpack-related-posts":[{"id":389,"url":"https:\/\/navos.ch\/?page_id=389","url_meta":{"origin":377,"position":0},"title":"Natur-Info-Pfad","author":"Sarah Wettstein","date":"19. November 2023","format":false,"excerpt":"Der Natur-Info-Pfad ist in die Jahre gekommen und wird ausgebessert und neu errichtet. Zu gegebenem Zeitpunkt werden wir hier \u00fcber die Neuerrichtung informieren. \u00a0 Der NAVO Stetten feierte am 25. August 2012 sein 75-j\u00e4hriges Bestehen. Anl\u00e4sslich dieses Jubil\u00e4ums wurde ein Fest gefeiert und der neue Natur-Info-Pfad eingeweiht. Herzlichen Dank allen\u2026","rel":"","context":"\u00c4hnlicher Beitrag","block_context":{"text":"\u00c4hnlicher Beitrag","link":""},"img":{"alt_text":"","src":"","width":0,"height":0},"classes":[]}],"_links":{"self":[{"href":"https:\/\/navos.ch\/index.php?rest_route=\/wp\/v2\/pages\/377","targetHints":{"allow":["GET"]}}],"collection":[{"href":"https:\/\/navos.ch\/index.php?rest_route=\/wp\/v2\/pages"}],"about":[{"href":"https:\/\/navos.ch\/index.php?rest_route=\/wp\/v2\/types\/page"}],"author":[{"embeddable":true,"href":"https:\/\/navos.ch\/index.php?rest_route=\/wp\/v2\/users\/229928507"}],"replies":[{"embeddable":true,"href":"https:\/\/navos.ch\/index.php?rest_route=%2Fwp%2Fv2%2Fcomments&post=377"}],"version-history":[{"count":1,"href":"https:\/\/navos.ch\/index.php?rest_route=\/wp\/v2\/pages\/377\/revisions"}],"predecessor-version":[{"id":380,"href":"https:\/\/navos.ch\/index.php?rest_route=\/wp\/v2\/pages\/377\/revisions\/380"}],"wp:attachment":[{"href":"https:\/\/navos.ch\/index.php?rest_route=%2Fwp%2Fv2%2Fmedia&parent=377"}],"curies":[{"name":"wp","href":"https:\/\/api.w.org\/{rel}","templated":true}]}}