{"id":379,"date":"2023-11-22T15:43:55","date_gmt":"2023-11-22T14:43:55","guid":{"rendered":"https:\/\/navos.ch\/?page_id=379"},"modified":"2024-01-05T19:08:30","modified_gmt":"2024-01-05T18:08:30","slug":"spenden","status":"publish","type":"page","link":"https:\/\/navos.ch\/?page_id=379","title":{"rendered":"Spenden"},"content":{"rendered":"\n<p class=\"has-helvetica-font-family has-small-font-size has-custom-font\" style=\"font-family:Helvetica\">M\u00f6chten Sie unseren kleinen Verein unterst\u00fctzen? Gerne nehmen wir Ihre Spende entgegen.<\/p>\n\n\n\n<p class=\"has-helvetica-font-family has-small-font-size has-custom-font\" style=\"font-family:Helvetica\">Sie k\u00f6nnen Ihren Wunschbetrag auf unser Konto \u00fcberweisen:<\/p>\n\n\n\n<p class=\"has-helvetica-font-family has-small-font-size has-custom-font\" style=\"font-family:Helvetica\">IBAN Nummer: <strong>CH42 8070 4000 0002 1620 2<\/strong><\/p>\n\n\n\n<p class=\"has-helvetica-font-family has-small-font-size has-custom-font\" style=\"font-family:Helvetica\">Bankverbindung: Raiffeisenbank Aare-Reuss in 5507 Mellingen<\/p>\n\n\n\n<p class=\"has-helvetica-font-family has-small-font-size has-custom-font\" style=\"font-family:Helvetica\">oder via QR-Code einzahlen:<\/p>\n\n\n\n<figure class=\"wp-block-image size-large\"><img loading=\"lazy\" decoding=\"async\" width=\"580\" height=\"317\" data-attachment-id=\"448\" data-permalink=\"https:\/\/navos.ch\/?attachment_id=448\" data-orig-file=\"https:\/\/i0.wp.com\/navos.ch\/wp-content\/uploads\/2023\/02\/qr-code_isoliert_navos-1.jpg?fit=596%2C326&amp;ssl=1\" data-orig-size=\"596,326\" data-comments-opened=\"1\" data-image-meta=\"{&quot;aperture&quot;:&quot;0&quot;,&quot;credit&quot;:&quot;Wettstein Sarah BVUALG&quot;,&quot;camera&quot;:&quot;&quot;,&quot;caption&quot;:&quot;&quot;,&quot;created_timestamp&quot;:&quot;1675242868&quot;,&quot;copyright&quot;:&quot;&quot;,&quot;focal_length&quot;:&quot;0&quot;,&quot;iso&quot;:&quot;0&quot;,&quot;shutter_speed&quot;:&quot;0&quot;,&quot;title&quot;:&quot;&quot;,&quot;orientation&quot;:&quot;0&quot;}\" data-image-title=\"QR-Code_isoliert_NAVOS\" data-image-description=\"\" data-image-caption=\"\" data-medium-file=\"https:\/\/i0.wp.com\/navos.ch\/wp-content\/uploads\/2023\/02\/qr-code_isoliert_navos-1.jpg?fit=300%2C164&amp;ssl=1\" data-large-file=\"https:\/\/i0.wp.com\/navos.ch\/wp-content\/uploads\/2023\/02\/qr-code_isoliert_navos-1.jpg?fit=580%2C317&amp;ssl=1\" src=\"https:\/\/i0.wp.com\/navos.ch\/wp-content\/uploads\/2023\/02\/qr-code_isoliert_navos-1.jpg?resize=580%2C317&#038;ssl=1\" alt=\"\" class=\"wp-image-448\" data-recalc-dims=\"1\"\/><\/figure>\n\n\n\n<p class=\"has-helvetica-font-family has-small-font-size has-custom-font\" style=\"font-family:Helvetica\">Den&nbsp; Jahresbeitrag sowie Spenden f\u00fcr den Natur- und Vogelschutzverein Stetten\/K\u00fcnten k\u00f6nnen Sie von den Steuern abziehen. <\/p>\n\n\n\n<p class=\"has-helvetica-font-family has-small-font-size has-custom-font\" style=\"font-family:Helvetica\">Sie erhalten von uns unaufgefordert eine Spendenbest\u00e4tigung bei Spenden ab CHF 100.\u2013 neben dem offiziellen Mitgliederbeitrag.<\/p>\n\n\n\n<p class=\"has-helvetica-font-family has-small-font-size has-custom-font\" style=\"font-family:Helvetica\">Herzlichen Dank f\u00fcr Ihre Unterst\u00fctzung!<\/p>\n","protected":false},"excerpt":{"rendered":"<p>M\u00f6chten Sie unseren kleinen Verein unterst\u00fctzen? Gerne nehmen wir Ihre Spende entgegen. Sie k\u00f6nnen Ihren Wunschbetrag auf unser Konto \u00fcberweisen: IBAN Nummer: CH42 8070 4000 0002 1620 2 Bankverbindung: Raiffeisenbank Aare-Reuss in 5507 Mellingen oder via QR-Code einzahlen: Den&nbsp; Jahresbeitrag sowie Spenden f\u00fcr den Natur- und Vogelschutzverein Stetten\/K\u00fcnten k\u00f6nnen Sie von den Steuern abziehen. Sie [&hellip;]<\/p>\n","protected":false},"author":229928507,"featured_media":0,"parent":0,"menu_order":0,"comment_status":"closed","ping_status":"closed","template":"","meta":{"_coblocks_attr":"Helvetica,Helvetica","_coblocks_dimensions":"","_coblocks_responsive_height":"","_coblocks_accordion_ie_support":"","footnotes":""},"class_list":["post-379","page","type-page","status-publish","hentry"],"yoast_head":"<!-- This site is optimized with the Yoast SEO plugin v20.8 - https:\/\/yoast.com\/wordpress\/plugins\/seo\/ -->\n<title>Spenden - Natur- und Vogelschutzverein Stetten \/ K\u00fcnten<\/title>\n<meta name=\"robots\" content=\"index, follow, max-snippet:-1, max-image-preview:large, max-video-preview:-1\" \/>\n<link rel=\"canonical\" href=\"https:\/\/navos.ch\/?page_id=379\" \/>\n<meta property=\"og:locale\" content=\"de_DE\" \/>\n<meta property=\"og:type\" content=\"article\" \/>\n<meta property=\"og:title\" content=\"Spenden - Natur- und Vogelschutzverein Stetten \/ K\u00fcnten\" \/>\n<meta property=\"og:description\" content=\"M\u00f6chten Sie unseren kleinen Verein unterst\u00fctzen? Gerne nehmen wir Ihre Spende entgegen. Sie k\u00f6nnen Ihren Wunschbetrag auf unser Konto \u00fcberweisen: IBAN Nummer: CH42 8070 4000 0002 1620 2 Bankverbindung: Raiffeisenbank Aare-Reuss in 5507 Mellingen oder via QR-Code einzahlen: Den&nbsp; Jahresbeitrag sowie Spenden f\u00fcr den Natur- und Vogelschutzverein Stetten\/K\u00fcnten k\u00f6nnen Sie von den Steuern abziehen. Sie [&hellip;]\" \/>\n<meta property=\"og:url\" content=\"https:\/\/navos.ch\/?page_id=379\" \/>\n<meta property=\"og:site_name\" content=\"Natur- und Vogelschutzverein Stetten \/ K\u00fcnten\" \/>\n<meta property=\"article:modified_time\" content=\"2024-01-05T18:08:30+00:00\" \/>\n<meta property=\"og:image\" content=\"https:\/\/navos.ch\/wp-content\/uploads\/2023\/02\/qr-code_isoliert_navos-1.jpg?w=580\" \/>\n<meta name=\"twitter:card\" content=\"summary_large_image\" \/>\n<script type=\"application\/ld+json\" class=\"yoast-schema-graph\">{\"@context\":\"https:\/\/schema.org\",\"@graph\":[{\"@type\":\"WebPage\",\"@id\":\"https:\/\/navos.ch\/?page_id=379\",\"url\":\"https:\/\/navos.ch\/?page_id=379\",\"name\":\"Spenden - Natur- und Vogelschutzverein Stetten \/ K\u00fcnten\",\"isPartOf\":{\"@id\":\"https:\/\/navos.ch\/#website\"},\"datePublished\":\"2023-11-22T14:43:55+00:00\",\"dateModified\":\"2024-01-05T18:08:30+00:00\",\"breadcrumb\":{\"@id\":\"https:\/\/navos.ch\/?page_id=379#breadcrumb\"},\"inLanguage\":\"de\",\"potentialAction\":[{\"@type\":\"ReadAction\",\"target\":[\"https:\/\/navos.ch\/?page_id=379\"]}]},{\"@type\":\"BreadcrumbList\",\"@id\":\"https:\/\/navos.ch\/?page_id=379#breadcrumb\",\"itemListElement\":[{\"@type\":\"ListItem\",\"position\":1,\"name\":\"Startseite\",\"item\":\"https:\/\/navos.ch\/\"},{\"@type\":\"ListItem\",\"position\":2,\"name\":\"Spenden\"}]},{\"@type\":\"WebSite\",\"@id\":\"https:\/\/navos.ch\/#website\",\"url\":\"https:\/\/navos.ch\/\",\"name\":\"Natur- und Vogelschutzverein Stetten \/ K\u00fcnten\",\"description\":\"\",\"publisher\":{\"@id\":\"https:\/\/navos.ch\/#organization\"},\"potentialAction\":[{\"@type\":\"SearchAction\",\"target\":{\"@type\":\"EntryPoint\",\"urlTemplate\":\"https:\/\/navos.ch\/?s={search_term_string}\"},\"query-input\":\"required name=search_term_string\"}],\"inLanguage\":\"de\"},{\"@type\":\"Organization\",\"@id\":\"https:\/\/navos.ch\/#organization\",\"name\":\"Natur- und Vogelschutzverein Stetten \/ K\u00fcnten\",\"url\":\"https:\/\/navos.ch\/\",\"logo\":{\"@type\":\"ImageObject\",\"inLanguage\":\"de\",\"@id\":\"https:\/\/navos.ch\/#\/schema\/logo\/image\/\",\"url\":\"https:\/\/i0.wp.com\/navos.ch\/wp-content\/uploads\/2023\/11\/cropped-cropped-cropped-cropped-LOGO-500X500-Web-Background.jpg?fit=511%2C432&ssl=1\",\"contentUrl\":\"https:\/\/i0.wp.com\/navos.ch\/wp-content\/uploads\/2023\/11\/cropped-cropped-cropped-cropped-LOGO-500X500-Web-Background.jpg?fit=511%2C432&ssl=1\",\"width\":511,\"height\":432,\"caption\":\"Natur- und Vogelschutzverein Stetten \/ K\u00fcnten\"},\"image\":{\"@id\":\"https:\/\/navos.ch\/#\/schema\/logo\/image\/\"}}]}<\/script>\n<!-- \/ Yoast SEO plugin. -->","yoast_head_json":{"title":"Spenden - Natur- und Vogelschutzverein Stetten \/ K\u00fcnten","robots":{"index":"index","follow":"follow","max-snippet":"max-snippet:-1","max-image-preview":"max-image-preview:large","max-video-preview":"max-video-preview:-1"},"canonical":"https:\/\/navos.ch\/?page_id=379","og_locale":"de_DE","og_type":"article","og_title":"Spenden - Natur- und Vogelschutzverein Stetten \/ K\u00fcnten","og_description":"M\u00f6chten Sie unseren kleinen Verein unterst\u00fctzen? Gerne nehmen wir Ihre Spende entgegen. Sie k\u00f6nnen Ihren Wunschbetrag auf unser Konto \u00fcberweisen: IBAN Nummer: CH42 8070 4000 0002 1620 2 Bankverbindung: Raiffeisenbank Aare-Reuss in 5507 Mellingen oder via QR-Code einzahlen: Den&nbsp; Jahresbeitrag sowie Spenden f\u00fcr den Natur- und Vogelschutzverein Stetten\/K\u00fcnten k\u00f6nnen Sie von den Steuern abziehen. Sie [&hellip;]","og_url":"https:\/\/navos.ch\/?page_id=379","og_site_name":"Natur- und Vogelschutzverein Stetten \/ K\u00fcnten","article_modified_time":"2024-01-05T18:08:30+00:00","og_image":[{"url":"https:\/\/navos.ch\/wp-content\/uploads\/2023\/02\/qr-code_isoliert_navos-1.jpg?w=580"}],"twitter_card":"summary_large_image","schema":{"@context":"https:\/\/schema.org","@graph":[{"@type":"WebPage","@id":"https:\/\/navos.ch\/?page_id=379","url":"https:\/\/navos.ch\/?page_id=379","name":"Spenden - Natur- und Vogelschutzverein Stetten \/ K\u00fcnten","isPartOf":{"@id":"https:\/\/navos.ch\/#website"},"datePublished":"2023-11-22T14:43:55+00:00","dateModified":"2024-01-05T18:08:30+00:00","breadcrumb":{"@id":"https:\/\/navos.ch\/?page_id=379#breadcrumb"},"inLanguage":"de","potentialAction":[{"@type":"ReadAction","target":["https:\/\/navos.ch\/?page_id=379"]}]},{"@type":"BreadcrumbList","@id":"https:\/\/navos.ch\/?page_id=379#breadcrumb","itemListElement":[{"@type":"ListItem","position":1,"name":"Startseite","item":"https:\/\/navos.ch\/"},{"@type":"ListItem","position":2,"name":"Spenden"}]},{"@type":"WebSite","@id":"https:\/\/navos.ch\/#website","url":"https:\/\/navos.ch\/","name":"Natur- und Vogelschutzverein Stetten \/ K\u00fcnten","description":"","publisher":{"@id":"https:\/\/navos.ch\/#organization"},"potentialAction":[{"@type":"SearchAction","target":{"@type":"EntryPoint","urlTemplate":"https:\/\/navos.ch\/?s={search_term_string}"},"query-input":"required name=search_term_string"}],"inLanguage":"de"},{"@type":"Organization","@id":"https:\/\/navos.ch\/#organization","name":"Natur- und Vogelschutzverein Stetten \/ K\u00fcnten","url":"https:\/\/navos.ch\/","logo":{"@type":"ImageObject","inLanguage":"de","@id":"https:\/\/navos.ch\/#\/schema\/logo\/image\/","url":"https:\/\/i0.wp.com\/navos.ch\/wp-content\/uploads\/2023\/11\/cropped-cropped-cropped-cropped-LOGO-500X500-Web-Background.jpg?fit=511%2C432&ssl=1","contentUrl":"https:\/\/i0.wp.com\/navos.ch\/wp-content\/uploads\/2023\/11\/cropped-cropped-cropped-cropped-LOGO-500X500-Web-Background.jpg?fit=511%2C432&ssl=1","width":511,"height":432,"caption":"Natur- und Vogelschutzverein Stetten \/ K\u00fcnten"},"image":{"@id":"https:\/\/navos.ch\/#\/schema\/logo\/image\/"}}]}},"jetpack_likes_enabled":true,"jetpack_sharing_enabled":true,"jetpack_shortlink":"https:\/\/wp.me\/PeSOXa-67","jetpack-related-posts":[{"id":389,"url":"https:\/\/navos.ch\/?page_id=389","url_meta":{"origin":379,"position":0},"title":"Natur-Info-Pfad","author":"Sarah Wettstein","date":"19. November 2023","format":false,"excerpt":"Der Natur-Info-Pfad ist in die Jahre gekommen und wird ausgebessert und neu errichtet. Zu gegebenem Zeitpunkt werden wir hier \u00fcber die Neuerrichtung informieren. \u00a0 Der NAVO Stetten feierte am 25. August 2012 sein 75-j\u00e4hriges Bestehen. Anl\u00e4sslich dieses Jubil\u00e4ums wurde ein Fest gefeiert und der neue Natur-Info-Pfad eingeweiht. Herzlichen Dank allen\u2026","rel":"","context":"\u00c4hnlicher Beitrag","block_context":{"text":"\u00c4hnlicher Beitrag","link":""},"img":{"alt_text":"","src":"","width":0,"height":0},"classes":[]}],"_links":{"self":[{"href":"https:\/\/navos.ch\/index.php?rest_route=\/wp\/v2\/pages\/379","targetHints":{"allow":["GET"]}}],"collection":[{"href":"https:\/\/navos.ch\/index.php?rest_route=\/wp\/v2\/pages"}],"about":[{"href":"https:\/\/navos.ch\/index.php?rest_route=\/wp\/v2\/types\/page"}],"author":[{"embeddable":true,"href":"https:\/\/navos.ch\/index.php?rest_route=\/wp\/v2\/users\/229928507"}],"replies":[{"embeddable":true,"href":"https:\/\/navos.ch\/index.php?rest_route=%2Fwp%2Fv2%2Fcomments&post=379"}],"version-history":[{"count":15,"href":"https:\/\/navos.ch\/index.php?rest_route=\/wp\/v2\/pages\/379\/revisions"}],"predecessor-version":[{"id":1544,"href":"https:\/\/navos.ch\/index.php?rest_route=\/wp\/v2\/pages\/379\/revisions\/1544"}],"wp:attachment":[{"href":"https:\/\/navos.ch\/index.php?rest_route=%2Fwp%2Fv2%2Fmedia&parent=379"}],"curies":[{"name":"wp","href":"https:\/\/api.w.org\/{rel}","templated":true}]}}