{"id":384,"date":"2023-11-19T20:58:56","date_gmt":"2023-11-19T19:58:56","guid":{"rendered":"https:\/\/navos.ch\/?page_id=384"},"modified":"2023-11-19T20:58:56","modified_gmt":"2023-11-19T19:58:56","slug":"notadressen","status":"publish","type":"page","link":"https:\/\/navos.ch\/?page_id=384","title":{"rendered":"Notadressen"},"content":{"rendered":"\n<p><\/p>\n\n\n\n<p class=\"has-helvetica-font-family has-custom-font\" style=\"font-family:Helvetica\"><strong><a href=\"https:\/\/www.vogelwarte.ch\/modx\/de\/vogelwarte\/kontakt\/\">Vogelpflegestation Vogelwarte Sempach<\/a><\/strong><br>Mo-Fr von 8-12 Uhr und 14-17 Uhr<br>Telefon: 041 462 97 00<strong><br><br><a href=\"https:\/\/www.vogelwarte.ch\/modx\/de\/vogelwarte\/kontakt\/notfallnummer\">Notfalldienst Wochenende<\/a><\/strong><br>Von 9-12 Uhr und 14-17 Uhr <br>Telefon: +41 41 462 99 99<\/p>\n","protected":false},"excerpt":{"rendered":"<p>Vogelpflegestation Vogelwarte SempachMo-Fr von 8-12 Uhr und 14-17 UhrTelefon: 041 462 97 00 Notfalldienst WochenendeVon 9-12 Uhr und 14-17 Uhr Telefon: +41 41 462 99 99<\/p>\n","protected":false},"author":229928507,"featured_media":0,"parent":0,"menu_order":0,"comment_status":"closed","ping_status":"closed","template":"","meta":{"_coblocks_attr":"Helvetica","_coblocks_dimensions":"","_coblocks_responsive_height":"","_coblocks_accordion_ie_support":"","footnotes":""},"class_list":["post-384","page","type-page","status-publish","hentry"],"yoast_head":"<!-- This site is optimized with the Yoast SEO plugin v20.8 - https:\/\/yoast.com\/wordpress\/plugins\/seo\/ -->\n<title>Notadressen - Natur- und Vogelschutzverein Stetten \/ K\u00fcnten<\/title>\n<meta name=\"robots\" content=\"index, follow, max-snippet:-1, max-image-preview:large, max-video-preview:-1\" \/>\n<link rel=\"canonical\" href=\"https:\/\/navos.ch\/?page_id=384\" \/>\n<meta property=\"og:locale\" content=\"de_DE\" \/>\n<meta property=\"og:type\" content=\"article\" \/>\n<meta property=\"og:title\" content=\"Notadressen - Natur- und Vogelschutzverein Stetten \/ K\u00fcnten\" \/>\n<meta property=\"og:description\" content=\"Vogelpflegestation Vogelwarte SempachMo-Fr von 8-12 Uhr und 14-17 UhrTelefon: 041 462 97 00 Notfalldienst WochenendeVon 9-12 Uhr und 14-17 Uhr Telefon: +41 41 462 99 99\" \/>\n<meta property=\"og:url\" content=\"https:\/\/navos.ch\/?page_id=384\" \/>\n<meta property=\"og:site_name\" content=\"Natur- und Vogelschutzverein Stetten \/ K\u00fcnten\" \/>\n<meta name=\"twitter:card\" content=\"summary_large_image\" \/>\n<script type=\"application\/ld+json\" class=\"yoast-schema-graph\">{\"@context\":\"https:\/\/schema.org\",\"@graph\":[{\"@type\":\"WebPage\",\"@id\":\"https:\/\/navos.ch\/?page_id=384\",\"url\":\"https:\/\/navos.ch\/?page_id=384\",\"name\":\"Notadressen - Natur- und Vogelschutzverein Stetten \/ K\u00fcnten\",\"isPartOf\":{\"@id\":\"https:\/\/navos.ch\/#website\"},\"datePublished\":\"2023-11-19T19:58:56+00:00\",\"dateModified\":\"2023-11-19T19:58:56+00:00\",\"breadcrumb\":{\"@id\":\"https:\/\/navos.ch\/?page_id=384#breadcrumb\"},\"inLanguage\":\"de\",\"potentialAction\":[{\"@type\":\"ReadAction\",\"target\":[\"https:\/\/navos.ch\/?page_id=384\"]}]},{\"@type\":\"BreadcrumbList\",\"@id\":\"https:\/\/navos.ch\/?page_id=384#breadcrumb\",\"itemListElement\":[{\"@type\":\"ListItem\",\"position\":1,\"name\":\"Startseite\",\"item\":\"https:\/\/navos.ch\/\"},{\"@type\":\"ListItem\",\"position\":2,\"name\":\"Notadressen\"}]},{\"@type\":\"WebSite\",\"@id\":\"https:\/\/navos.ch\/#website\",\"url\":\"https:\/\/navos.ch\/\",\"name\":\"Natur- und Vogelschutzverein Stetten \/ K\u00fcnten\",\"description\":\"\",\"publisher\":{\"@id\":\"https:\/\/navos.ch\/#organization\"},\"potentialAction\":[{\"@type\":\"SearchAction\",\"target\":{\"@type\":\"EntryPoint\",\"urlTemplate\":\"https:\/\/navos.ch\/?s={search_term_string}\"},\"query-input\":\"required name=search_term_string\"}],\"inLanguage\":\"de\"},{\"@type\":\"Organization\",\"@id\":\"https:\/\/navos.ch\/#organization\",\"name\":\"Natur- und Vogelschutzverein Stetten \/ K\u00fcnten\",\"url\":\"https:\/\/navos.ch\/\",\"logo\":{\"@type\":\"ImageObject\",\"inLanguage\":\"de\",\"@id\":\"https:\/\/navos.ch\/#\/schema\/logo\/image\/\",\"url\":\"https:\/\/i0.wp.com\/navos.ch\/wp-content\/uploads\/2023\/11\/cropped-cropped-cropped-cropped-LOGO-500X500-Web-Background.jpg?fit=511%2C432&ssl=1\",\"contentUrl\":\"https:\/\/i0.wp.com\/navos.ch\/wp-content\/uploads\/2023\/11\/cropped-cropped-cropped-cropped-LOGO-500X500-Web-Background.jpg?fit=511%2C432&ssl=1\",\"width\":511,\"height\":432,\"caption\":\"Natur- und Vogelschutzverein Stetten \/ K\u00fcnten\"},\"image\":{\"@id\":\"https:\/\/navos.ch\/#\/schema\/logo\/image\/\"}}]}<\/script>\n<!-- \/ Yoast SEO plugin. -->","yoast_head_json":{"title":"Notadressen - Natur- und Vogelschutzverein Stetten \/ K\u00fcnten","robots":{"index":"index","follow":"follow","max-snippet":"max-snippet:-1","max-image-preview":"max-image-preview:large","max-video-preview":"max-video-preview:-1"},"canonical":"https:\/\/navos.ch\/?page_id=384","og_locale":"de_DE","og_type":"article","og_title":"Notadressen - Natur- und Vogelschutzverein Stetten \/ K\u00fcnten","og_description":"Vogelpflegestation Vogelwarte SempachMo-Fr von 8-12 Uhr und 14-17 UhrTelefon: 041 462 97 00 Notfalldienst WochenendeVon 9-12 Uhr und 14-17 Uhr Telefon: +41 41 462 99 99","og_url":"https:\/\/navos.ch\/?page_id=384","og_site_name":"Natur- und Vogelschutzverein Stetten \/ K\u00fcnten","twitter_card":"summary_large_image","schema":{"@context":"https:\/\/schema.org","@graph":[{"@type":"WebPage","@id":"https:\/\/navos.ch\/?page_id=384","url":"https:\/\/navos.ch\/?page_id=384","name":"Notadressen - Natur- und Vogelschutzverein Stetten \/ K\u00fcnten","isPartOf":{"@id":"https:\/\/navos.ch\/#website"},"datePublished":"2023-11-19T19:58:56+00:00","dateModified":"2023-11-19T19:58:56+00:00","breadcrumb":{"@id":"https:\/\/navos.ch\/?page_id=384#breadcrumb"},"inLanguage":"de","potentialAction":[{"@type":"ReadAction","target":["https:\/\/navos.ch\/?page_id=384"]}]},{"@type":"BreadcrumbList","@id":"https:\/\/navos.ch\/?page_id=384#breadcrumb","itemListElement":[{"@type":"ListItem","position":1,"name":"Startseite","item":"https:\/\/navos.ch\/"},{"@type":"ListItem","position":2,"name":"Notadressen"}]},{"@type":"WebSite","@id":"https:\/\/navos.ch\/#website","url":"https:\/\/navos.ch\/","name":"Natur- und Vogelschutzverein Stetten \/ K\u00fcnten","description":"","publisher":{"@id":"https:\/\/navos.ch\/#organization"},"potentialAction":[{"@type":"SearchAction","target":{"@type":"EntryPoint","urlTemplate":"https:\/\/navos.ch\/?s={search_term_string}"},"query-input":"required name=search_term_string"}],"inLanguage":"de"},{"@type":"Organization","@id":"https:\/\/navos.ch\/#organization","name":"Natur- und Vogelschutzverein Stetten \/ K\u00fcnten","url":"https:\/\/navos.ch\/","logo":{"@type":"ImageObject","inLanguage":"de","@id":"https:\/\/navos.ch\/#\/schema\/logo\/image\/","url":"https:\/\/i0.wp.com\/navos.ch\/wp-content\/uploads\/2023\/11\/cropped-cropped-cropped-cropped-LOGO-500X500-Web-Background.jpg?fit=511%2C432&ssl=1","contentUrl":"https:\/\/i0.wp.com\/navos.ch\/wp-content\/uploads\/2023\/11\/cropped-cropped-cropped-cropped-LOGO-500X500-Web-Background.jpg?fit=511%2C432&ssl=1","width":511,"height":432,"caption":"Natur- und Vogelschutzverein Stetten \/ K\u00fcnten"},"image":{"@id":"https:\/\/navos.ch\/#\/schema\/logo\/image\/"}}]}},"jetpack_likes_enabled":true,"jetpack_sharing_enabled":true,"jetpack_shortlink":"https:\/\/wp.me\/PeSOXa-6c","jetpack-related-posts":[{"id":8,"url":"https:\/\/navos.ch\/?page_id=8","url_meta":{"origin":384,"position":0},"title":"Kontakt","author":"navos2020","date":"28. November 2023","format":false,"excerpt":"Du darfst uns gerne Nachrichten schicken mittels des Kontaktformulars, per eMail oder Telefon Ulrich Jousten - Pr\u00e4sident NAVOSBuchslistrasse 4c5453 Remetschwil \/AG Schweiz Telefon: +41 79 332 0209 eMail: info@navos.ch Durch die \u00dcbermittlung deiner Angaben gibst Du uns die Erlaubnis, Dir eMails zu senden. Du kannst Dich jederzeit abmelden.","rel":"","context":"\u00c4hnlicher Beitrag","block_context":{"text":"\u00c4hnlicher Beitrag","link":""},"img":{"alt_text":"","src":"","width":0,"height":0},"classes":[]},{"id":439,"url":"https:\/\/navos.ch\/?page_id=439","url_meta":{"origin":384,"position":1},"title":"Medienberichte","author":"Sarah Wettstein","date":"15. Januar 2023","format":false,"excerpt":"Der Reussbote - Sie tun, als w\u00e4ren sie tot und erhalten ihren Ring, 13.6.2025 2025-06-13_Reussbote_StorchenberingungHerunterladen Der Reussbote - Amphibientransport - voller Erfolg f\u00fcr Artenschutz, 6.6.2025 2025-06-06_Der Reussbote_Froschtransporte - voller Erfolg f\u00fcr ArtenschutzHerunterladen Der Reussbote - Pflegeaktion f\u00fcr Brutpl\u00e4tze Pflegeaktion f\u00fcr Brutpl\u00e4tzeHerunterladen Der Reussbote - Storchenberingung in Stetten am 11.6.2024 2024-06-14_Der\u2026","rel":"","context":"\u00c4hnlicher Beitrag","block_context":{"text":"\u00c4hnlicher Beitrag","link":""},"img":{"alt_text":"","src":"","width":0,"height":0},"classes":[]},{"id":169,"url":"https:\/\/navos.ch\/?page_id=169","url_meta":{"origin":384,"position":2},"title":"Chronik","author":"navos2020","date":"19. November 2023","format":false,"excerpt":"Was wir heute tun, entscheidet dar\u00fcber, wie die Welt morgen aussiehtMarie von Ebner-Eschenbach \u00a0 1937 Gr\u00fcndungs-Versammlung:\u00a030. Januar 1937 20.00 Uhr, Gasthaus Krone Stetten. Auf Initiative von Herrn Walter Fischer, Lehrer und Oskar Wettstein, Niederrohrdorf, wurde ein Gr\u00fcndungs-Referat \u00fcber Vogelschutz und Sch\u00e4dlingsbek\u00e4mpfung, mit Lichtbildern, abgehalten. Referent ist Herr Stirnemann, Aarau. Nach\u2026","rel":"","context":"\u00c4hnlicher Beitrag","block_context":{"text":"\u00c4hnlicher Beitrag","link":""},"img":{"alt_text":"","src":"","width":0,"height":0},"classes":[]},{"id":6,"url":"https:\/\/navos.ch\/","url_meta":{"origin":384,"position":3},"title":"NAVOS Stetten \/ K\u00fcnten","author":"navos2020","date":"24. Januar 2024","format":false,"excerpt":"Willkommen auf unserer Homepage Aus dem Verein Der Einf\u00fchrungskurs in die Botanik \/ Pflanzenkunde 2025 ist abgeschlossen. Wir empfehlen, bei BirdLife nach \u00e4hnlichen Kursen zu suchen. Wir werden einen weiteren Kurs wiederum ausschreiben. BirdLife Seit 100 Jahren engagiert sich BirdLife Schweiz f\u00fcr die Vielfalt der Natur. Als NAVOS sind wir\u2026","rel":"","context":"\u00c4hnlicher Beitrag","block_context":{"text":"\u00c4hnlicher Beitrag","link":""},"img":{"alt_text":"","src":"https:\/\/i0.wp.com\/navos.ch\/wp-content\/uploads\/2023\/11\/M7_MG_6673-scaled.jpg?resize=350%2C200&ssl=1","width":350,"height":200},"classes":[]},{"id":373,"url":"https:\/\/navos.ch\/?page_id=373","url_meta":{"origin":384,"position":4},"title":"Nistkastenreinigung","author":"Sarah Wettstein","date":"19. November 2023","format":false,"excerpt":"Jeden Herbst im Oktober und November finden die Nistkastenreinigungen in Stetten und K\u00fcnten statt. Mit Stange, Besen und Karte ausger\u00fcstet machen sich die Gruppen auf, alle Nistk\u00e4sten zu kontrollieren, reinigen und protokollieren. Besch\u00e4digte Nistk\u00e4sten werden mitgenommen und repariert. L\u00e4ngst werden nicht alle Nistk\u00e4sten von Meisen, Spatzen und Kleiber bewohnt, auch\u2026","rel":"","context":"\u00c4hnlicher Beitrag","block_context":{"text":"\u00c4hnlicher Beitrag","link":""},"img":{"alt_text":"","src":"https:\/\/i0.wp.com\/navos.ch\/wp-content\/uploads\/2023\/04\/141741.jpg?resize=350%2C200&ssl=1","width":350,"height":200},"classes":[]},{"id":353,"url":"https:\/\/navos.ch\/?page_id=353","url_meta":{"origin":384,"position":5},"title":"Amphibienschutz","author":"Sarah Wettstein","date":"19. November 2023","format":false,"excerpt":"Strassensperre Stetten-Sulz Jedes Jahr wandern die Amphibien zu Laichgew\u00e4sser, um sich fortzupflanzen. Auf ihren Wanderrouten m\u00fcssen sie dabei oft Strassen \u00fcberqueren, was t\u00f6dlich enden kann. Zum Schutz der wandernden Amphibien wird die Strasse Stetten-Sulz jedes Jahr bei Bedarf im Zeitraum von Mitte Februar bis Ende M\u00e4rz f\u00fcr sieben bis 14\u2026","rel":"","context":"\u00c4hnlicher Beitrag","block_context":{"text":"\u00c4hnlicher Beitrag","link":""},"img":{"alt_text":"","src":"","width":0,"height":0},"classes":[]}],"_links":{"self":[{"href":"https:\/\/navos.ch\/index.php?rest_route=\/wp\/v2\/pages\/384","targetHints":{"allow":["GET"]}}],"collection":[{"href":"https:\/\/navos.ch\/index.php?rest_route=\/wp\/v2\/pages"}],"about":[{"href":"https:\/\/navos.ch\/index.php?rest_route=\/wp\/v2\/types\/page"}],"author":[{"embeddable":true,"href":"https:\/\/navos.ch\/index.php?rest_route=\/wp\/v2\/users\/229928507"}],"replies":[{"embeddable":true,"href":"https:\/\/navos.ch\/index.php?rest_route=%2Fwp%2Fv2%2Fcomments&post=384"}],"version-history":[{"count":23,"href":"https:\/\/navos.ch\/index.php?rest_route=\/wp\/v2\/pages\/384\/revisions"}],"predecessor-version":[{"id":1395,"href":"https:\/\/navos.ch\/index.php?rest_route=\/wp\/v2\/pages\/384\/revisions\/1395"}],"wp:attachment":[{"href":"https:\/\/navos.ch\/index.php?rest_route=%2Fwp%2Fv2%2Fmedia&parent=384"}],"curies":[{"name":"wp","href":"https:\/\/api.w.org\/{rel}","templated":true}]}}