{"id":389,"date":"2023-11-19T20:44:36","date_gmt":"2023-11-19T19:44:36","guid":{"rendered":"https:\/\/navos.ch\/?page_id=389"},"modified":"2023-11-19T20:44:36","modified_gmt":"2023-11-19T19:44:36","slug":"natur-info-pfad","status":"publish","type":"page","link":"https:\/\/navos.ch\/?page_id=389","title":{"rendered":"Natur-Info-Pfad"},"content":{"rendered":"\n<p class=\"has-helvetica-font-family has-custom-font\" style=\"font-family:Helvetica\">Der Natur-Info-Pfad ist in die Jahre gekommen und wird ausgebessert und neu errichtet. Zu gegebenem Zeitpunkt werden wir hier \u00fcber die Neuerrichtung informieren.<\/p>\n\n\n\n<p>&nbsp;<\/p>\n\n\n\n<p class=\"has-helvetica-font-family has-custom-font\" style=\"font-family:Helvetica\">Der NAVO Stetten feierte am 25. August 2012 sein 75-j\u00e4hriges Bestehen. Anl\u00e4sslich dieses Jubil\u00e4ums wurde ein Fest gefeiert und der neue Natur-Info-Pfad eingeweiht.<\/p>\n\n\n\n<p class=\"has-helvetica-font-family has-custom-font\" style=\"font-family:Helvetica\">Herzlichen Dank allen Sponsoren f\u00fcr den Natur-Info-Pfad!<\/p>\n\n\n\n<p class=\"has-helvetica-font-family has-custom-font\" style=\"font-family:Helvetica\"><strong>Hauptsponsoren<\/strong><\/p>\n\n\n\n<p class=\"has-helvetica-font-family has-custom-font\" style=\"font-family:Helvetica\">Raiffeisen Aare-Reuss<br>H. Wetter AG<br>Elinag Elektroinstallationen<br>AEW Energie AG<\/p>\n\n\n\n<p class=\"has-helvetica-font-family has-custom-font\" style=\"font-family:Helvetica\"><strong>Teilsponsoren<\/strong><\/p>\n\n\n\n<p class=\"has-helvetica-font-family has-custom-font\" style=\"font-family:Helvetica\">Mettauer AG Ingenieurb\u00fcro<br>M\u00fcller-Kies Stetten<br>Schmidlin Brennertechnik + L\u00f6rtscher Heizsysteme GmbH<br>Elektro Stetten AG<\/p>\n\n\n\n<p class=\"has-helvetica-font-family has-custom-font\" style=\"font-family:Helvetica\"><strong>Spenden ab Fr. 50.-<\/strong><\/p>\n\n\n\n<p>&nbsp;<\/p>\n","protected":false},"excerpt":{"rendered":"<p>Der Natur-Info-Pfad ist in die Jahre gekommen und wird ausgebessert und neu errichtet. Zu gegebenem Zeitpunkt werden wir hier \u00fcber die Neuerrichtung informieren. &nbsp; Der NAVO Stetten feierte am 25. August 2012 sein 75-j\u00e4hriges Bestehen. Anl\u00e4sslich dieses Jubil\u00e4ums wurde ein Fest gefeiert und der neue Natur-Info-Pfad eingeweiht. Herzlichen Dank allen Sponsoren f\u00fcr den Natur-Info-Pfad! Hauptsponsoren [&hellip;]<\/p>\n","protected":false},"author":229928507,"featured_media":0,"parent":0,"menu_order":0,"comment_status":"closed","ping_status":"closed","template":"","meta":{"_coblocks_attr":"Helvetica,Helvetica","_coblocks_dimensions":"","_coblocks_responsive_height":"","_coblocks_accordion_ie_support":"","footnotes":""},"class_list":["post-389","page","type-page","status-publish","hentry"],"yoast_head":"<!-- This site is optimized with the Yoast SEO plugin v20.8 - https:\/\/yoast.com\/wordpress\/plugins\/seo\/ -->\n<title>Natur-Info-Pfad - Natur- und Vogelschutzverein Stetten \/ K\u00fcnten<\/title>\n<meta name=\"robots\" content=\"index, follow, max-snippet:-1, max-image-preview:large, max-video-preview:-1\" \/>\n<link rel=\"canonical\" href=\"https:\/\/navos.ch\/?page_id=389\" \/>\n<meta property=\"og:locale\" content=\"de_DE\" \/>\n<meta property=\"og:type\" content=\"article\" \/>\n<meta property=\"og:title\" content=\"Natur-Info-Pfad - Natur- und Vogelschutzverein Stetten \/ K\u00fcnten\" \/>\n<meta property=\"og:description\" content=\"Der Natur-Info-Pfad ist in die Jahre gekommen und wird ausgebessert und neu errichtet. Zu gegebenem Zeitpunkt werden wir hier \u00fcber die Neuerrichtung informieren. &nbsp; Der NAVO Stetten feierte am 25. August 2012 sein 75-j\u00e4hriges Bestehen. Anl\u00e4sslich dieses Jubil\u00e4ums wurde ein Fest gefeiert und der neue Natur-Info-Pfad eingeweiht. Herzlichen Dank allen Sponsoren f\u00fcr den Natur-Info-Pfad! Hauptsponsoren [&hellip;]\" \/>\n<meta property=\"og:url\" content=\"https:\/\/navos.ch\/?page_id=389\" \/>\n<meta property=\"og:site_name\" content=\"Natur- und Vogelschutzverein Stetten \/ K\u00fcnten\" \/>\n<meta name=\"twitter:card\" content=\"summary_large_image\" \/>\n<script type=\"application\/ld+json\" class=\"yoast-schema-graph\">{\"@context\":\"https:\/\/schema.org\",\"@graph\":[{\"@type\":\"WebPage\",\"@id\":\"https:\/\/navos.ch\/?page_id=389\",\"url\":\"https:\/\/navos.ch\/?page_id=389\",\"name\":\"Natur-Info-Pfad - Natur- und Vogelschutzverein Stetten \/ K\u00fcnten\",\"isPartOf\":{\"@id\":\"https:\/\/navos.ch\/#website\"},\"datePublished\":\"2023-11-19T19:44:36+00:00\",\"dateModified\":\"2023-11-19T19:44:36+00:00\",\"breadcrumb\":{\"@id\":\"https:\/\/navos.ch\/?page_id=389#breadcrumb\"},\"inLanguage\":\"de\",\"potentialAction\":[{\"@type\":\"ReadAction\",\"target\":[\"https:\/\/navos.ch\/?page_id=389\"]}]},{\"@type\":\"BreadcrumbList\",\"@id\":\"https:\/\/navos.ch\/?page_id=389#breadcrumb\",\"itemListElement\":[{\"@type\":\"ListItem\",\"position\":1,\"name\":\"Startseite\",\"item\":\"https:\/\/navos.ch\/\"},{\"@type\":\"ListItem\",\"position\":2,\"name\":\"Natur-Info-Pfad\"}]},{\"@type\":\"WebSite\",\"@id\":\"https:\/\/navos.ch\/#website\",\"url\":\"https:\/\/navos.ch\/\",\"name\":\"Natur- und Vogelschutzverein Stetten \/ K\u00fcnten\",\"description\":\"\",\"publisher\":{\"@id\":\"https:\/\/navos.ch\/#organization\"},\"potentialAction\":[{\"@type\":\"SearchAction\",\"target\":{\"@type\":\"EntryPoint\",\"urlTemplate\":\"https:\/\/navos.ch\/?s={search_term_string}\"},\"query-input\":\"required name=search_term_string\"}],\"inLanguage\":\"de\"},{\"@type\":\"Organization\",\"@id\":\"https:\/\/navos.ch\/#organization\",\"name\":\"Natur- und Vogelschutzverein Stetten \/ K\u00fcnten\",\"url\":\"https:\/\/navos.ch\/\",\"logo\":{\"@type\":\"ImageObject\",\"inLanguage\":\"de\",\"@id\":\"https:\/\/navos.ch\/#\/schema\/logo\/image\/\",\"url\":\"https:\/\/i0.wp.com\/navos.ch\/wp-content\/uploads\/2023\/11\/cropped-cropped-cropped-cropped-LOGO-500X500-Web-Background.jpg?fit=511%2C432&ssl=1\",\"contentUrl\":\"https:\/\/i0.wp.com\/navos.ch\/wp-content\/uploads\/2023\/11\/cropped-cropped-cropped-cropped-LOGO-500X500-Web-Background.jpg?fit=511%2C432&ssl=1\",\"width\":511,\"height\":432,\"caption\":\"Natur- und Vogelschutzverein Stetten \/ K\u00fcnten\"},\"image\":{\"@id\":\"https:\/\/navos.ch\/#\/schema\/logo\/image\/\"}}]}<\/script>\n<!-- \/ Yoast SEO plugin. -->","yoast_head_json":{"title":"Natur-Info-Pfad - Natur- und Vogelschutzverein Stetten \/ K\u00fcnten","robots":{"index":"index","follow":"follow","max-snippet":"max-snippet:-1","max-image-preview":"max-image-preview:large","max-video-preview":"max-video-preview:-1"},"canonical":"https:\/\/navos.ch\/?page_id=389","og_locale":"de_DE","og_type":"article","og_title":"Natur-Info-Pfad - Natur- und Vogelschutzverein Stetten \/ K\u00fcnten","og_description":"Der Natur-Info-Pfad ist in die Jahre gekommen und wird ausgebessert und neu errichtet. Zu gegebenem Zeitpunkt werden wir hier \u00fcber die Neuerrichtung informieren. &nbsp; Der NAVO Stetten feierte am 25. August 2012 sein 75-j\u00e4hriges Bestehen. Anl\u00e4sslich dieses Jubil\u00e4ums wurde ein Fest gefeiert und der neue Natur-Info-Pfad eingeweiht. Herzlichen Dank allen Sponsoren f\u00fcr den Natur-Info-Pfad! Hauptsponsoren [&hellip;]","og_url":"https:\/\/navos.ch\/?page_id=389","og_site_name":"Natur- und Vogelschutzverein Stetten \/ K\u00fcnten","twitter_card":"summary_large_image","schema":{"@context":"https:\/\/schema.org","@graph":[{"@type":"WebPage","@id":"https:\/\/navos.ch\/?page_id=389","url":"https:\/\/navos.ch\/?page_id=389","name":"Natur-Info-Pfad - Natur- und Vogelschutzverein Stetten \/ K\u00fcnten","isPartOf":{"@id":"https:\/\/navos.ch\/#website"},"datePublished":"2023-11-19T19:44:36+00:00","dateModified":"2023-11-19T19:44:36+00:00","breadcrumb":{"@id":"https:\/\/navos.ch\/?page_id=389#breadcrumb"},"inLanguage":"de","potentialAction":[{"@type":"ReadAction","target":["https:\/\/navos.ch\/?page_id=389"]}]},{"@type":"BreadcrumbList","@id":"https:\/\/navos.ch\/?page_id=389#breadcrumb","itemListElement":[{"@type":"ListItem","position":1,"name":"Startseite","item":"https:\/\/navos.ch\/"},{"@type":"ListItem","position":2,"name":"Natur-Info-Pfad"}]},{"@type":"WebSite","@id":"https:\/\/navos.ch\/#website","url":"https:\/\/navos.ch\/","name":"Natur- und Vogelschutzverein Stetten \/ K\u00fcnten","description":"","publisher":{"@id":"https:\/\/navos.ch\/#organization"},"potentialAction":[{"@type":"SearchAction","target":{"@type":"EntryPoint","urlTemplate":"https:\/\/navos.ch\/?s={search_term_string}"},"query-input":"required name=search_term_string"}],"inLanguage":"de"},{"@type":"Organization","@id":"https:\/\/navos.ch\/#organization","name":"Natur- und Vogelschutzverein Stetten \/ K\u00fcnten","url":"https:\/\/navos.ch\/","logo":{"@type":"ImageObject","inLanguage":"de","@id":"https:\/\/navos.ch\/#\/schema\/logo\/image\/","url":"https:\/\/i0.wp.com\/navos.ch\/wp-content\/uploads\/2023\/11\/cropped-cropped-cropped-cropped-LOGO-500X500-Web-Background.jpg?fit=511%2C432&ssl=1","contentUrl":"https:\/\/i0.wp.com\/navos.ch\/wp-content\/uploads\/2023\/11\/cropped-cropped-cropped-cropped-LOGO-500X500-Web-Background.jpg?fit=511%2C432&ssl=1","width":511,"height":432,"caption":"Natur- und Vogelschutzverein Stetten \/ K\u00fcnten"},"image":{"@id":"https:\/\/navos.ch\/#\/schema\/logo\/image\/"}}]}},"jetpack_likes_enabled":true,"jetpack_sharing_enabled":true,"jetpack_shortlink":"https:\/\/wp.me\/PeSOXa-6h","jetpack-related-posts":[{"id":169,"url":"https:\/\/navos.ch\/?page_id=169","url_meta":{"origin":389,"position":0},"title":"Chronik","author":"navos2020","date":"19. November 2023","format":false,"excerpt":"Was wir heute tun, entscheidet dar\u00fcber, wie die Welt morgen aussiehtMarie von Ebner-Eschenbach \u00a0 1937 Gr\u00fcndungs-Versammlung:\u00a030. Januar 1937 20.00 Uhr, Gasthaus Krone Stetten. Auf Initiative von Herrn Walter Fischer, Lehrer und Oskar Wettstein, Niederrohrdorf, wurde ein Gr\u00fcndungs-Referat \u00fcber Vogelschutz und Sch\u00e4dlingsbek\u00e4mpfung, mit Lichtbildern, abgehalten. Referent ist Herr Stirnemann, Aarau. Nach\u2026","rel":"","context":"\u00c4hnlicher Beitrag","block_context":{"text":"\u00c4hnlicher Beitrag","link":""},"img":{"alt_text":"","src":"","width":0,"height":0},"classes":[]},{"id":342,"url":"https:\/\/navos.ch\/?page_id=342","url_meta":{"origin":389,"position":1},"title":"Mitgliedschaft","author":"Sarah Wettstein","date":"24. Januar 2024","format":false,"excerpt":"Wir freuen uns \u00fcber... Stetterinnen und K\u00fcnter, \u00fcber K\u00fcnterinnen und Stetter, die zu einem lebendigen und zukunftsorientierten Umwelt- und Naturschutz um die Gemeinden Stetten und K\u00fcnten beitragen m\u00f6chten. Auch Interessierte aus umliegenden Gemeinden sind herzlich willkommen, im NAVOS mitzuwirken. Die Natur macht an den Gemeindegrenzen nicht Halt! helfende H\u00e4nde! M\u00f6chten\u2026","rel":"","context":"\u00c4hnlicher Beitrag","block_context":{"text":"\u00c4hnlicher Beitrag","link":""},"img":{"alt_text":"","src":"","width":0,"height":0},"classes":[]},{"id":6,"url":"https:\/\/navos.ch\/","url_meta":{"origin":389,"position":2},"title":"NAVOS Stetten \/ K\u00fcnten","author":"navos2020","date":"24. Januar 2024","format":false,"excerpt":"Willkommen auf unserer Homepage Aus dem Verein Der Einf\u00fchrungskurs in die Botanik \/ Pflanzenkunde 2025 ist abgeschlossen. Wir empfehlen, bei BirdLife nach \u00e4hnlichen Kursen zu suchen. Wir werden einen weiteren Kurs wiederum ausschreiben. BirdLife Seit 100 Jahren engagiert sich BirdLife Schweiz f\u00fcr die Vielfalt der Natur. Als NAVOS sind wir\u2026","rel":"","context":"\u00c4hnlicher Beitrag","block_context":{"text":"\u00c4hnlicher Beitrag","link":""},"img":{"alt_text":"","src":"https:\/\/i0.wp.com\/navos.ch\/wp-content\/uploads\/2023\/11\/M7_MG_6673-scaled.jpg?resize=350%2C200&ssl=1","width":350,"height":200},"classes":[]},{"id":362,"url":"https:\/\/navos.ch\/?page_id=362","url_meta":{"origin":389,"position":3},"title":"Neophyten","author":"Sarah Wettstein","date":"19. November 2023","format":false,"excerpt":"Invasive gebietsfremde Pflanzen\u00a0sind nicht-einheimische Pflanzen, die aus fremden Gebieten (meist aus anderen Kontinenten), absichtlich oder unabsichtlich, eingef\u00fchrt wurden; die\u00a0sich bei uns in der Natur\u00a0etabliert haben\u00a0(Vermehrung in freier Natur)\u00a0und die sich\u00a0auf Kosten einheimischer Arten effizient ausbreiten. Auch in der\u00a0Schweiz\u00a0haben sich invasive Neophyten in den letzten Jahren als Gef\u00e4hrdung f\u00fcr die biologische\u2026","rel":"","context":"\u00c4hnlicher Beitrag","block_context":{"text":"\u00c4hnlicher Beitrag","link":""},"img":{"alt_text":"","src":"https:\/\/i0.wp.com\/navos.ch\/wp-content\/uploads\/2023\/04\/solidago-gigantea_konrad-lauber.jpg?resize=350%2C200&ssl=1","width":350,"height":200},"classes":[]},{"id":377,"url":"https:\/\/navos.ch\/?page_id=377","url_meta":{"origin":389,"position":4},"title":"Sponsoren","author":"Sarah Wettstein","date":"8. Januar 2023","format":false,"excerpt":"","rel":"","context":"\u00c4hnlicher Beitrag","block_context":{"text":"\u00c4hnlicher Beitrag","link":""},"img":{"alt_text":"","src":"","width":0,"height":0},"classes":[]},{"id":8,"url":"https:\/\/navos.ch\/?page_id=8","url_meta":{"origin":389,"position":5},"title":"Kontakt","author":"navos2020","date":"28. November 2023","format":false,"excerpt":"Du darfst uns gerne Nachrichten schicken mittels des Kontaktformulars, per eMail oder Telefon Ulrich Jousten - Pr\u00e4sident NAVOSBuchslistrasse 4c5453 Remetschwil \/AG Schweiz Telefon: +41 79 332 0209 eMail: info@navos.ch Durch die \u00dcbermittlung deiner Angaben gibst Du uns die Erlaubnis, Dir eMails zu senden. Du kannst Dich jederzeit abmelden.","rel":"","context":"\u00c4hnlicher Beitrag","block_context":{"text":"\u00c4hnlicher Beitrag","link":""},"img":{"alt_text":"","src":"","width":0,"height":0},"classes":[]}],"_links":{"self":[{"href":"https:\/\/navos.ch\/index.php?rest_route=\/wp\/v2\/pages\/389","targetHints":{"allow":["GET"]}}],"collection":[{"href":"https:\/\/navos.ch\/index.php?rest_route=\/wp\/v2\/pages"}],"about":[{"href":"https:\/\/navos.ch\/index.php?rest_route=\/wp\/v2\/types\/page"}],"author":[{"embeddable":true,"href":"https:\/\/navos.ch\/index.php?rest_route=\/wp\/v2\/users\/229928507"}],"replies":[{"embeddable":true,"href":"https:\/\/navos.ch\/index.php?rest_route=%2Fwp%2Fv2%2Fcomments&post=389"}],"version-history":[{"count":9,"href":"https:\/\/navos.ch\/index.php?rest_route=\/wp\/v2\/pages\/389\/revisions"}],"predecessor-version":[{"id":1385,"href":"https:\/\/navos.ch\/index.php?rest_route=\/wp\/v2\/pages\/389\/revisions\/1385"}],"wp:attachment":[{"href":"https:\/\/navos.ch\/index.php?rest_route=%2Fwp%2Fv2%2Fmedia&parent=389"}],"curies":[{"name":"wp","href":"https:\/\/api.w.org\/{rel}","templated":true}]}}