{"id":9,"date":"2023-11-19T21:08:30","date_gmt":"2023-11-19T20:08:30","guid":{"rendered":"https:\/\/navos.ch\/?page_id=9"},"modified":"2023-11-19T21:08:30","modified_gmt":"2023-11-19T20:08:30","slug":"about","status":"publish","type":"page","link":"https:\/\/navos.ch\/?page_id=9","title":{"rendered":"Portr\u00e4t"},"content":{"rendered":"\n<div style=\"height:20px\" aria-hidden=\"true\" class=\"wp-block-spacer\"><\/div>\n\n\n\n<div class=\"wp-block-group alignfull\"><div class=\"wp-block-group__inner-container is-layout-flow wp-block-group-is-layout-flow\">\n<div class=\"wp-block-group alignfull\"><div class=\"wp-block-group__inner-container is-layout-flow wp-block-group-is-layout-flow\">\n<div class=\"wp-block-jetpack-layout-grid alignfull column1-desktop-grid__span-3 column1-desktop-grid__row-1 column2-desktop-grid__span-8 column2-desktop-grid__start-4 column2-desktop-grid__row-1 column1-tablet-grid__span-3 column1-tablet-grid__row-1 column2-tablet-grid__span-5 column2-tablet-grid__start-4 column2-tablet-grid__row-1 column1-mobile-grid__span-4 column1-mobile-grid__row-1 column2-mobile-grid__span-4 column2-mobile-grid__row-2\">\n<div class=\"wp-block-jetpack-layout-grid-column wp-block-jetpack-layout-grid__padding-none\">\n<figure class=\"wp-block-pullquote alignwide has-text-align-left has-background is-style-solid-color has-background-color has-text-color\" style=\"background-color:#cd2653;font-size:11px\"><blockquote><p>Ach wie du ausholst, Vogel,<br>nach deinem Herzen. \u00a0 \u00a0 \u00a0 <br>Wer darf<br>hoffen, dass Innres<br>so entspr\u00e4nge aus ihm<br><\/p><cite>Rainer Maria Rilke, Fr\u00fchling 1912, Duino<\/cite><\/blockquote><\/figure>\n\n\n\n<p><\/p>\n<\/div>\n\n\n\n<div class=\"wp-block-jetpack-layout-grid-column wp-block-jetpack-layout-grid__padding-none\">\n<p class=\"has-helvetica-font-family has-small-font-size has-custom-font\" style=\"font-family:Helvetica\">Der Natur- und Vogelschutzverein wurde am 30. Januar 1937 auf Initiative von Lehrer Walter Fischer Stetten und Oskar Wettstein aus Niederrohrdorf gegr\u00fcndet. Die Aufgabe und das Ziel des Vereins bestand haupts\u00e4chlich darin, die einheimische Vogelwelt zu sch\u00fctzen. Der Vereinsname wies auch damals darauf hin, lautete er doch auf \u201eVogelschutzverein Stetten\u201c. Jahre sp\u00e4ter wurde man bewusst, dass der Schutz nicht nur einer Spezies gelten darf, sondern die ganze Fauna und Flora mit einbezogen werden muss. So wurde aus dem damaligen Vogelschutzverein der Natur- und Vogelschutzverein.<\/p>\n\n\n\n<p class=\"has-arial-font-family has-small-font-size has-custom-font\" style=\"font-family:Arial\">Die Ziele des Vereins sind heute die Erhaltung des nat\u00fcrlichen Lebensraumes prim\u00e4r im Gemeindegebiet von Stetten. Wir sensibilisieren die Bev\u00f6lkerung f\u00fcr die Natur, in dem wir Exkursionen, Vortr\u00e4ge und Ausstellungen veranstalten. Damit m\u00f6chten wir die Menschen begeistern, sich durch gemeinschaftliches Handeln f\u00fcr die Natur einzusetzen. Wir stehen der Bev\u00f6lkerung und der Beh\u00f6rde in natur- und umweltsch\u00fctzerischen Anliegen mit Rat und Tat zur Seite.<\/p>\n\n\n\n<p class=\"has-helvetica-font-family has-small-font-size has-custom-font\" style=\"font-family:Helvetica\">Der NAVOS hat sich auch zur Aufgabe gemacht, bedrohte Arten der Fauna und Flora zu sch\u00fctzen und gezielt die Lebensr\u00e4ume zu pflegen, wieder herzustellen, neue zu schaffen oder sonst geeignete Massnahmen zu ergreifen.<\/p>\n\n\n\n<p class=\"has-helvetica-font-family has-small-font-size has-custom-font\" style=\"font-family:Helvetica\">Aktiv erf\u00fcllen wir den Auftrag des Vereins zugunsten der Natur mit j\u00e4hrlich stattfindenden Arbeitstagen, wo Nistgelegenheiten geschaffen, kontrolliert und gereinigt werden.<\/p>\n\n\n\n<p class=\"has-helvetica-font-family has-small-font-size has-custom-font\" style=\"font-family:Helvetica\">Wenn sich die kalte Jahreszeit dem Ende zu neigt, begeben sich Kr\u00f6te, Grasfrosch, Laubfrosch und Co. auf die j\u00e4hrlich einmal stattfindende Paarungswanderung, die oft \u00fcber Verkehrswege f\u00fchrt. Zum Schutze dieser Wanderer, errichtet der Verein entlang solcher Verkehrswege Lurchenschranken.<\/p>\n\n\n\n<p class=\"has-helvetica-font-family has-small-font-size has-custom-font\" style=\"font-family:Helvetica\">Hecken und Feldgeh\u00f6lze erf\u00fcllen in der Agrarlandschaft eine wichtige Aufgabe. Sie sind St\u00fctzpunkte, Wohn- und Nistgelegenheiten, Warte und R\u00fcckzugsinseln f\u00fcr die nat\u00fcrlichen Regulatoren in der Sch\u00e4dlingsbek\u00e4mpfung in der Landwirtschaft.<\/p>\n\n\n\n<p class=\"has-helvetica-font-family has-small-font-size has-custom-font\" style=\"font-family:Helvetica\">Mit der j\u00e4hrlich stattfindenden Pflege derselben durch die Mitglieder des NAVOS, werden ihre Funktionen erhalten oder sogar verbessert.<\/p>\n\n\n\n<p class=\"has-helvetica-font-family has-small-font-size has-custom-font\" style=\"font-family:Helvetica\">Der gesellschaftlich- kameradschaftliche Teil im Vereinsjahr beinhaltet eine Pfingstwanderung, eine Jungstorchenberingung, einen Familienwaldtag, alle zwei Jahre eine Vereinsreise, einen sogenannten Vereins-H\u00f6ck und nat\u00fcrlich die Jahresversammlung.<\/p>\n\n\n\n<p class=\"has-helvetica-font-family has-small-font-size has-custom-font\" style=\"font-family:Helvetica\">Die j\u00e4hrlich stattfindenden Aktivit\u00e4ten und Anl\u00e4sse sind im Jahresprogramm aufgef\u00fchrt und werden zus\u00e4tzlich in der Presse oder mit Anschl\u00e4gen im Dorf publiziert.<\/p>\n\n\n\n<p class=\"has-helvetica-font-family has-small-font-size has-custom-font\" style=\"font-family:Helvetica\"><em>Josef Gasser F\u00f6rster \/ Naturexperte<\/em><\/p>\n<\/div>\n<\/div>\n<\/div><\/div>\n<\/div><\/div>\n\n\n\n<p><\/p>\n","protected":false},"excerpt":{"rendered":"<p>Ach wie du ausholst, Vogel,nach deinem Herzen. \u00a0 \u00a0 \u00a0 Wer darfhoffen, dass Innresso entspr\u00e4nge aus ihm Rainer Maria Rilke, Fr\u00fchling 1912, Duino Der Natur- und Vogelschutzverein wurde am 30. Januar 1937 auf Initiative von Lehrer Walter Fischer Stetten und Oskar Wettstein aus Niederrohrdorf gegr\u00fcndet. Die Aufgabe und das Ziel des Vereins bestand haupts\u00e4chlich darin, [&hellip;]<\/p>\n","protected":false},"author":196019482,"featured_media":0,"parent":0,"menu_order":0,"comment_status":"closed","ping_status":"closed","template":"","meta":{"_coblocks_attr":"Arial,Arial,Helvetica","_coblocks_dimensions":"","_coblocks_responsive_height":"","_coblocks_accordion_ie_support":"","footnotes":""},"class_list":["post-9","page","type-page","status-publish","hentry"],"yoast_head":"<!-- This site is optimized with the Yoast SEO plugin v20.8 - https:\/\/yoast.com\/wordpress\/plugins\/seo\/ -->\n<title>Portr\u00e4t - Natur- und Vogelschutzverein Stetten \/ K\u00fcnten<\/title>\n<meta name=\"robots\" content=\"index, follow, max-snippet:-1, max-image-preview:large, max-video-preview:-1\" \/>\n<link rel=\"canonical\" href=\"https:\/\/navos.ch\/?page_id=9\" \/>\n<meta property=\"og:locale\" content=\"de_DE\" \/>\n<meta property=\"og:type\" content=\"article\" \/>\n<meta property=\"og:title\" content=\"Portr\u00e4t - Natur- und Vogelschutzverein Stetten \/ K\u00fcnten\" \/>\n<meta property=\"og:description\" content=\"Ach wie du ausholst, Vogel,nach deinem Herzen. \u00a0 \u00a0 \u00a0 Wer darfhoffen, dass Innresso entspr\u00e4nge aus ihm Rainer Maria Rilke, Fr\u00fchling 1912, Duino Der Natur- und Vogelschutzverein wurde am 30. Januar 1937 auf Initiative von Lehrer Walter Fischer Stetten und Oskar Wettstein aus Niederrohrdorf gegr\u00fcndet. Die Aufgabe und das Ziel des Vereins bestand haupts\u00e4chlich darin, [&hellip;]\" \/>\n<meta property=\"og:url\" content=\"https:\/\/navos.ch\/?page_id=9\" \/>\n<meta property=\"og:site_name\" content=\"Natur- und Vogelschutzverein Stetten \/ K\u00fcnten\" \/>\n<meta name=\"twitter:card\" content=\"summary_large_image\" \/>\n<meta name=\"twitter:label1\" content=\"Gesch\u00e4tzte Lesezeit\" \/>\n\t<meta name=\"twitter:data1\" content=\"2\u00a0Minuten\" \/>\n<script type=\"application\/ld+json\" class=\"yoast-schema-graph\">{\"@context\":\"https:\/\/schema.org\",\"@graph\":[{\"@type\":\"WebPage\",\"@id\":\"https:\/\/navos.ch\/?page_id=9\",\"url\":\"https:\/\/navos.ch\/?page_id=9\",\"name\":\"Portr\u00e4t - Natur- und Vogelschutzverein Stetten \/ K\u00fcnten\",\"isPartOf\":{\"@id\":\"https:\/\/navos.ch\/#website\"},\"datePublished\":\"2023-11-19T20:08:30+00:00\",\"dateModified\":\"2023-11-19T20:08:30+00:00\",\"breadcrumb\":{\"@id\":\"https:\/\/navos.ch\/?page_id=9#breadcrumb\"},\"inLanguage\":\"de\",\"potentialAction\":[{\"@type\":\"ReadAction\",\"target\":[\"https:\/\/navos.ch\/?page_id=9\"]}]},{\"@type\":\"BreadcrumbList\",\"@id\":\"https:\/\/navos.ch\/?page_id=9#breadcrumb\",\"itemListElement\":[{\"@type\":\"ListItem\",\"position\":1,\"name\":\"Startseite\",\"item\":\"https:\/\/navos.ch\/\"},{\"@type\":\"ListItem\",\"position\":2,\"name\":\"Portr\u00e4t\"}]},{\"@type\":\"WebSite\",\"@id\":\"https:\/\/navos.ch\/#website\",\"url\":\"https:\/\/navos.ch\/\",\"name\":\"Natur- und Vogelschutzverein Stetten \/ K\u00fcnten\",\"description\":\"\",\"publisher\":{\"@id\":\"https:\/\/navos.ch\/#organization\"},\"potentialAction\":[{\"@type\":\"SearchAction\",\"target\":{\"@type\":\"EntryPoint\",\"urlTemplate\":\"https:\/\/navos.ch\/?s={search_term_string}\"},\"query-input\":\"required name=search_term_string\"}],\"inLanguage\":\"de\"},{\"@type\":\"Organization\",\"@id\":\"https:\/\/navos.ch\/#organization\",\"name\":\"Natur- und Vogelschutzverein Stetten \/ K\u00fcnten\",\"url\":\"https:\/\/navos.ch\/\",\"logo\":{\"@type\":\"ImageObject\",\"inLanguage\":\"de\",\"@id\":\"https:\/\/navos.ch\/#\/schema\/logo\/image\/\",\"url\":\"https:\/\/i0.wp.com\/navos.ch\/wp-content\/uploads\/2023\/11\/cropped-cropped-cropped-cropped-LOGO-500X500-Web-Background.jpg?fit=511%2C432&ssl=1\",\"contentUrl\":\"https:\/\/i0.wp.com\/navos.ch\/wp-content\/uploads\/2023\/11\/cropped-cropped-cropped-cropped-LOGO-500X500-Web-Background.jpg?fit=511%2C432&ssl=1\",\"width\":511,\"height\":432,\"caption\":\"Natur- und Vogelschutzverein Stetten \/ K\u00fcnten\"},\"image\":{\"@id\":\"https:\/\/navos.ch\/#\/schema\/logo\/image\/\"}}]}<\/script>\n<!-- \/ Yoast SEO plugin. -->","yoast_head_json":{"title":"Portr\u00e4t - Natur- und Vogelschutzverein Stetten \/ K\u00fcnten","robots":{"index":"index","follow":"follow","max-snippet":"max-snippet:-1","max-image-preview":"max-image-preview:large","max-video-preview":"max-video-preview:-1"},"canonical":"https:\/\/navos.ch\/?page_id=9","og_locale":"de_DE","og_type":"article","og_title":"Portr\u00e4t - Natur- und Vogelschutzverein Stetten \/ K\u00fcnten","og_description":"Ach wie du ausholst, Vogel,nach deinem Herzen. \u00a0 \u00a0 \u00a0 Wer darfhoffen, dass Innresso entspr\u00e4nge aus ihm Rainer Maria Rilke, Fr\u00fchling 1912, Duino Der Natur- und Vogelschutzverein wurde am 30. Januar 1937 auf Initiative von Lehrer Walter Fischer Stetten und Oskar Wettstein aus Niederrohrdorf gegr\u00fcndet. Die Aufgabe und das Ziel des Vereins bestand haupts\u00e4chlich darin, [&hellip;]","og_url":"https:\/\/navos.ch\/?page_id=9","og_site_name":"Natur- und Vogelschutzverein Stetten \/ K\u00fcnten","twitter_card":"summary_large_image","twitter_misc":{"Gesch\u00e4tzte Lesezeit":"2\u00a0Minuten"},"schema":{"@context":"https:\/\/schema.org","@graph":[{"@type":"WebPage","@id":"https:\/\/navos.ch\/?page_id=9","url":"https:\/\/navos.ch\/?page_id=9","name":"Portr\u00e4t - Natur- und Vogelschutzverein Stetten \/ K\u00fcnten","isPartOf":{"@id":"https:\/\/navos.ch\/#website"},"datePublished":"2023-11-19T20:08:30+00:00","dateModified":"2023-11-19T20:08:30+00:00","breadcrumb":{"@id":"https:\/\/navos.ch\/?page_id=9#breadcrumb"},"inLanguage":"de","potentialAction":[{"@type":"ReadAction","target":["https:\/\/navos.ch\/?page_id=9"]}]},{"@type":"BreadcrumbList","@id":"https:\/\/navos.ch\/?page_id=9#breadcrumb","itemListElement":[{"@type":"ListItem","position":1,"name":"Startseite","item":"https:\/\/navos.ch\/"},{"@type":"ListItem","position":2,"name":"Portr\u00e4t"}]},{"@type":"WebSite","@id":"https:\/\/navos.ch\/#website","url":"https:\/\/navos.ch\/","name":"Natur- und Vogelschutzverein Stetten \/ K\u00fcnten","description":"","publisher":{"@id":"https:\/\/navos.ch\/#organization"},"potentialAction":[{"@type":"SearchAction","target":{"@type":"EntryPoint","urlTemplate":"https:\/\/navos.ch\/?s={search_term_string}"},"query-input":"required name=search_term_string"}],"inLanguage":"de"},{"@type":"Organization","@id":"https:\/\/navos.ch\/#organization","name":"Natur- und Vogelschutzverein Stetten \/ K\u00fcnten","url":"https:\/\/navos.ch\/","logo":{"@type":"ImageObject","inLanguage":"de","@id":"https:\/\/navos.ch\/#\/schema\/logo\/image\/","url":"https:\/\/i0.wp.com\/navos.ch\/wp-content\/uploads\/2023\/11\/cropped-cropped-cropped-cropped-LOGO-500X500-Web-Background.jpg?fit=511%2C432&ssl=1","contentUrl":"https:\/\/i0.wp.com\/navos.ch\/wp-content\/uploads\/2023\/11\/cropped-cropped-cropped-cropped-LOGO-500X500-Web-Background.jpg?fit=511%2C432&ssl=1","width":511,"height":432,"caption":"Natur- und Vogelschutzverein Stetten \/ K\u00fcnten"},"image":{"@id":"https:\/\/navos.ch\/#\/schema\/logo\/image\/"}}]}},"jetpack_likes_enabled":null,"jetpack_sharing_enabled":false,"jetpack_shortlink":"https:\/\/wp.me\/PeSOXa-9","jetpack-related-posts":[],"_links":{"self":[{"href":"https:\/\/navos.ch\/index.php?rest_route=\/wp\/v2\/pages\/9","targetHints":{"allow":["GET"]}}],"collection":[{"href":"https:\/\/navos.ch\/index.php?rest_route=\/wp\/v2\/pages"}],"about":[{"href":"https:\/\/navos.ch\/index.php?rest_route=\/wp\/v2\/types\/page"}],"author":[{"embeddable":true,"href":"https:\/\/navos.ch\/index.php?rest_route=\/wp\/v2\/users\/196019482"}],"replies":[{"embeddable":true,"href":"https:\/\/navos.ch\/index.php?rest_route=%2Fwp%2Fv2%2Fcomments&post=9"}],"version-history":[{"count":15,"href":"https:\/\/navos.ch\/index.php?rest_route=\/wp\/v2\/pages\/9\/revisions"}],"predecessor-version":[{"id":1401,"href":"https:\/\/navos.ch\/index.php?rest_route=\/wp\/v2\/pages\/9\/revisions\/1401"}],"wp:attachment":[{"href":"https:\/\/navos.ch\/index.php?rest_route=%2Fwp%2Fv2%2Fmedia&parent=9"}],"curies":[{"name":"wp","href":"https:\/\/api.w.org\/{rel}","templated":true}]}}